{"id":551,"date":"2019-06-05T20:12:37","date_gmt":"2019-06-05T18:12:37","guid":{"rendered":"http:\/\/tzbaranje.hr\/en\/?page_id=551"},"modified":"2021-06-17T15:55:39","modified_gmt":"2021-06-17T13:55:39","slug":"baranjska-kuca","status":"publish","type":"page","link":"https:\/\/tzbaranje.hr\/en\/taste\/restaurants\/baranjska-kuca\/","title":{"rendered":"Baranjska ku\u0107a"},"content":{"rendered":"\t\t<div data-elementor-type=\"wp-post\" data-elementor-id=\"551\" class=\"elementor elementor-551\">\n\t\t\t\t\t\t<section class=\"elementor-section elementor-top-section elementor-element elementor-element-7bb03ab elementor-section-boxed elementor-section-height-default elementor-section-height-default\" data-id=\"7bb03ab\" data-element_type=\"section\">\n\t\t\t\t\t\t<div class=\"elementor-container elementor-column-gap-default\">\n\t\t\t\t\t<div class=\"elementor-column elementor-col-100 elementor-top-column elementor-element elementor-element-cf94796\" data-id=\"cf94796\" data-element_type=\"column\">\n\t\t\t<div class=\"elementor-widget-wrap elementor-element-populated\">\n\t\t\t\t\t\t<div class=\"elementor-element elementor-element-0474fe0 elementor-widget elementor-widget-spacer\" data-id=\"0474fe0\" data-element_type=\"widget\" data-widget_type=\"spacer.default\">\n\t\t\t\t<div class=\"elementor-widget-container\">\n\t\t\t\t\t<div class=\"elementor-spacer\">\n\t\t\t<div class=\"elementor-spacer-inner\"><\/div>\n\t\t<\/div>\n\t\t\t\t<\/div>\n\t\t\t\t<\/div>\n\t\t\t\t\t<\/div>\n\t\t<\/div>\n\t\t\t\t\t<\/div>\n\t\t<\/section>\n\t\t\t\t<section class=\"elementor-section elementor-top-section elementor-element elementor-element-cf6d7ed elementor-section-boxed elementor-section-height-default elementor-section-height-default\" data-id=\"cf6d7ed\" data-element_type=\"section\">\n\t\t\t\t\t\t<div class=\"elementor-container elementor-column-gap-default\">\n\t\t\t\t\t<div class=\"elementor-column elementor-col-50 elementor-top-column elementor-element elementor-element-181b0c5\" data-id=\"181b0c5\" data-element_type=\"column\">\n\t\t\t<div class=\"elementor-widget-wrap elementor-element-populated\">\n\t\t\t\t\t\t<div class=\"elementor-element elementor-element-c589282 elementor-view-default elementor-position-top elementor-widget elementor-widget-themo-header\" data-id=\"c589282\" data-element_type=\"widget\" data-widget_type=\"themo-header.default\">\n\t\t\t\t<div class=\"elementor-widget-container\">\n\t\t\t\t\t<div class=\"th-header-wrap\">\n        <div class=\"elementor-icon-box-wrapper \">\n                            <div class=\"elementor-icon-box-content\">\n                    <h2 class=\"elementor-icon-box-title\">\n                                            <\/h2>\n                                        <p class=\"elementor-icon-box-description\">All dishes are prepared in authentic and traditional way \u2013 fi\u0161 paprika\u0161 (fish stew) is prepared on open fire, as well as \u010dobanac (shepherd's stew), carp between forked branches, beans in clay pots, veal or lamb in baker\u2019s oven. Here, it is possible to taste wheat and corn bread and flat bread from baker's oven. They are well-known for their unique recipe and preparation of snails in nettle sauce with homemade cottage cheese. Guests can choose specialties from several menus - Dunavski alas (A Fisherman from the Danube), Baranska klasika (Baranja\u2019s Classics), Karana\u010dko izobilje (Abundance from Karanac), Ma\u0111arska tradicija (Hungarian Tradition), Veseli Baranjac (A Merry Native from Baranja) and Mali \u0161kolarac (Little Schoolboy).\n\nWorking hours:\nMon-Thu: 11:00h-22:00h \nFri-Sat: 11:00h-01:00h \nSun: 11:00h-17:00h\n\nKolodvorska 99, Karanac\nTel: +385 (0) 31 72 01 80 \/\/ +385 (0) 98 65 29 00\nWeb : <a href=\"http:\/\/www.baranjska-kuca.com\/\" target=\"_blank\">http:\/\/www.baranjska-kuca.com\/<\/a>\nFacebook: <a href=\"https:\/\/www.facebook.com\/BaranjskaKuca\/\" target=\"_blank\">Baranjska ku\u0107a <\/a> <\/p>\n\n                                    <\/div>\n            <\/div>\n\n        <\/div>\n\n\t\t\t\t<\/div>\n\t\t\t\t<\/div>\n\t\t\t\t<div class=\"elementor-element elementor-element-da6db00 elementor-widget elementor-widget-google_maps\" data-id=\"da6db00\" data-element_type=\"widget\" data-widget_type=\"google_maps.default\">\n\t\t\t\t<div class=\"elementor-widget-container\">\n\t\t\t\t\t<div class=\"elementor-custom-embed\">\n\t\t\t<iframe loading=\"lazy\"\n\t\t\t\t\tsrc=\"https:\/\/maps.google.com\/maps?q=Baranjska%20ku%C4%87a&#038;t=m&#038;z=10&#038;output=embed&#038;iwloc=near\"\n\t\t\t\t\ttitle=\"Baranjska ku\u0107a\"\n\t\t\t\t\taria-label=\"Baranjska ku\u0107a\"\n\t\t\t><\/iframe>\n\t\t<\/div>\n\t\t\t\t<\/div>\n\t\t\t\t<\/div>\n\t\t\t\t\t<\/div>\n\t\t<\/div>\n\t\t\t\t<div class=\"elementor-column elementor-col-50 elementor-top-column elementor-element elementor-element-febd91c\" data-id=\"febd91c\" data-element_type=\"column\">\n\t\t\t<div class=\"elementor-widget-wrap elementor-element-populated\">\n\t\t\t\t\t\t<div class=\"elementor-element elementor-element-f8545bb elementor-widget elementor-widget-themo-image-gallery\" data-id=\"f8545bb\" data-element_type=\"widget\" data-widget_type=\"themo-image-gallery.default\">\n\t\t\t\t<div class=\"elementor-widget-container\">\n\t\t\t\t\t<div class=\"elementor-image-gallery th-image-stretch\">\n\t\t\t<div class=\"gallery gallery-551-1\"><div class=\"row gallery-row\"><div class=\"col-sm-6 col-lg-6\"><a data-toggle=\"lightbox\" data-gallery=\"multiimages\" data-title=\"\"  class=\"thumbnail img-thumbnail\" href='https:\/\/tzbaranje.hr\/en\/wp-content\/uploads\/sites\/2\/2019\/06\/10530691_692211747572945_3064567871461843170_n.jpg'><img fetchpriority=\"high\" decoding=\"async\" width=\"394\" height=\"303\" src=\"https:\/\/tzbaranje.hr\/en\/wp-content\/uploads\/sites\/2\/2019\/06\/10530691_692211747572945_3064567871461843170_n-394x303.jpg\" class=\"attachment-th_img_sm_landscape size-th_img_sm_landscape\" alt=\"\" srcset=\"https:\/\/tzbaranje.hr\/en\/wp-content\/uploads\/sites\/2\/2019\/06\/10530691_692211747572945_3064567871461843170_n-394x303.jpg 394w, https:\/\/tzbaranje.hr\/en\/wp-content\/uploads\/sites\/2\/2019\/06\/10530691_692211747572945_3064567871461843170_n-605x465.jpg 605w\" sizes=\"(max-width: 394px) 100vw, 394px\" \/><\/a><div class=\"gallery-text\"><div class=\"image-title\">10530691_692211747572945_3064567871461843170_n<\/div><\/div><\/div><div class=\"col-sm-6 col-lg-6\"><a data-toggle=\"lightbox\" data-gallery=\"multiimages\" data-title=\"\"  class=\"thumbnail img-thumbnail\" href='https:\/\/tzbaranje.hr\/en\/wp-content\/uploads\/sites\/2\/2019\/06\/575528_334255370035253_2109355051_n.jpg'><img decoding=\"async\" width=\"394\" height=\"303\" src=\"https:\/\/tzbaranje.hr\/en\/wp-content\/uploads\/sites\/2\/2019\/06\/575528_334255370035253_2109355051_n-394x303.jpg\" class=\"attachment-th_img_sm_landscape size-th_img_sm_landscape\" alt=\"\" srcset=\"https:\/\/tzbaranje.hr\/en\/wp-content\/uploads\/sites\/2\/2019\/06\/575528_334255370035253_2109355051_n-394x303.jpg 394w, https:\/\/tzbaranje.hr\/en\/wp-content\/uploads\/sites\/2\/2019\/06\/575528_334255370035253_2109355051_n-605x465.jpg 605w\" sizes=\"(max-width: 394px) 100vw, 394px\" \/><\/a><div class=\"gallery-text\"><div class=\"image-title\">575528_334255370035253_2109355051_n<\/div><\/div><\/div><\/div><div class=\"row gallery-row\"><div class=\"col-sm-6 col-lg-6\"><a data-toggle=\"lightbox\" data-gallery=\"multiimages\" data-title=\"\"  class=\"thumbnail img-thumbnail\" href='https:\/\/tzbaranje.hr\/en\/wp-content\/uploads\/sites\/2\/2019\/06\/578605_232840786843379_1413127077_n.jpg'><img decoding=\"async\" width=\"394\" height=\"252\" src=\"https:\/\/tzbaranje.hr\/en\/wp-content\/uploads\/sites\/2\/2019\/06\/578605_232840786843379_1413127077_n-394x252.jpg\" class=\"attachment-th_img_sm_landscape size-th_img_sm_landscape\" alt=\"\" \/><\/a><div class=\"gallery-text\"><div class=\"image-title\">578605_232840786843379_1413127077_n<\/div><\/div><\/div><div class=\"col-sm-6 col-lg-6\"><a data-toggle=\"lightbox\" data-gallery=\"multiimages\" data-title=\"\"  class=\"thumbnail img-thumbnail\" href='https:\/\/tzbaranje.hr\/en\/wp-content\/uploads\/sites\/2\/2019\/06\/580972_232945140166277_159957957_n.jpg'><img loading=\"lazy\" decoding=\"async\" width=\"394\" height=\"232\" src=\"https:\/\/tzbaranje.hr\/en\/wp-content\/uploads\/sites\/2\/2019\/06\/580972_232945140166277_159957957_n-394x232.jpg\" class=\"attachment-th_img_sm_landscape size-th_img_sm_landscape\" alt=\"\" \/><\/a><div class=\"gallery-text\"><div class=\"image-title\">580972_232945140166277_159957957_n<\/div><\/div><\/div><\/div><div class=\"row gallery-row\"><div class=\"col-sm-6 col-lg-6\"><a data-toggle=\"lightbox\" data-gallery=\"multiimages\" data-title=\"\"  class=\"thumbnail img-thumbnail\" href='https:\/\/tzbaranje.hr\/en\/wp-content\/uploads\/sites\/2\/2019\/06\/17362451_1115470458580403_6243182454450979037_n.jpg'><img loading=\"lazy\" decoding=\"async\" width=\"394\" height=\"303\" src=\"https:\/\/tzbaranje.hr\/en\/wp-content\/uploads\/sites\/2\/2019\/06\/17362451_1115470458580403_6243182454450979037_n-394x303.jpg\" class=\"attachment-th_img_sm_landscape size-th_img_sm_landscape\" alt=\"\" srcset=\"https:\/\/tzbaranje.hr\/en\/wp-content\/uploads\/sites\/2\/2019\/06\/17362451_1115470458580403_6243182454450979037_n-394x303.jpg 394w, https:\/\/tzbaranje.hr\/en\/wp-content\/uploads\/sites\/2\/2019\/06\/17362451_1115470458580403_6243182454450979037_n-605x465.jpg 605w\" sizes=\"(max-width: 394px) 100vw, 394px\" \/><\/a><div class=\"gallery-text\"><div class=\"image-title\">17362451_1115470458580403_6243182454450979037_n<\/div><\/div><\/div><\/div><\/div>\t\t<\/div>\n\t\t\t\t<\/div>\n\t\t\t\t<\/div>\n\t\t\t\t\t<\/div>\n\t\t<\/div>\n\t\t\t\t\t<\/div>\n\t\t<\/section>\n\t\t\t\t<section class=\"elementor-section elementor-top-section elementor-element elementor-element-426b7ef elementor-section-boxed elementor-section-height-default elementor-section-height-default\" data-id=\"426b7ef\" data-element_type=\"section\">\n\t\t\t\t\t\t<div class=\"elementor-container elementor-column-gap-default\">\n\t\t\t\t\t<div class=\"elementor-column elementor-col-100 elementor-top-column elementor-element elementor-element-424069e\" data-id=\"424069e\" data-element_type=\"column\">\n\t\t\t<div class=\"elementor-widget-wrap elementor-element-populated\">\n\t\t\t\t\t\t<div class=\"elementor-element elementor-element-5c07d83 elementor-widget elementor-widget-spacer\" data-id=\"5c07d83\" data-element_type=\"widget\" data-widget_type=\"spacer.default\">\n\t\t\t\t<div class=\"elementor-widget-container\">\n\t\t\t\t\t<div class=\"elementor-spacer\">\n\t\t\t<div class=\"elementor-spacer-inner\"><\/div>\n\t\t<\/div>\n\t\t\t\t<\/div>\n\t\t\t\t<\/div>\n\t\t\t\t\t<\/div>\n\t\t<\/div>\n\t\t\t\t\t<\/div>\n\t\t<\/section>\n\t\t\t\t<\/div>\n\t\t","protected":false},"excerpt":{"rendered":"<p>All dishes are prepared in authentic and traditional way \u2013 fi\u0161 paprika\u0161 (fish stew) is prepared on open fire, as well as \u010dobanac (shepherd&#8217;s stew), carp between forked branches, beans in clay pots, veal or lamb in baker\u2019s oven. Here, &hellip; <a href=\"https:\/\/tzbaranje.hr\/en\/taste\/restaurants\/baranjska-kuca\/\">Read More<\/a><\/p>\n","protected":false},"author":1,"featured_media":0,"parent":536,"menu_order":0,"comment_status":"closed","ping_status":"closed","template":"","meta":{"footnotes":""},"class_list":["post-551","page","type-page","status-publish","hentry"],"yoast_head":"<!-- This site is optimized with the Yoast SEO plugin v27.0 - https:\/\/yoast.com\/product\/yoast-seo-wordpress\/ -->\n<title>Baranjska ku\u0107a - Visit Baranja<\/title>\n<meta name=\"robots\" content=\"index, follow, max-snippet:-1, max-image-preview:large, max-video-preview:-1\" \/>\n<link rel=\"canonical\" href=\"https:\/\/tzbaranje.hr\/en\/taste\/restaurants\/baranjska-kuca\/\" \/>\n<meta property=\"og:locale\" content=\"en_US\" \/>\n<meta property=\"og:type\" content=\"article\" \/>\n<meta property=\"og:title\" content=\"Baranjska ku\u0107a - Visit Baranja\" \/>\n<meta property=\"og:description\" content=\"All dishes are prepared in authentic and traditional way \u2013 fi\u0161 paprika\u0161 (fish stew) is prepared on open fire, as well as \u010dobanac (shepherd&#8217;s stew), carp between forked branches, beans in clay pots, veal or lamb in baker\u2019s oven. Here, &hellip; Read More\" \/>\n<meta property=\"og:url\" content=\"https:\/\/tzbaranje.hr\/en\/taste\/restaurants\/baranjska-kuca\/\" \/>\n<meta property=\"og:site_name\" content=\"Visit Baranja\" \/>\n<meta property=\"article:modified_time\" content=\"2021-06-17T13:55:39+00:00\" \/>\n<meta property=\"og:image\" content=\"https:\/\/tzbaranje.hr\/en\/wp-content\/uploads\/sites\/2\/2019\/06\/10530691_692211747572945_3064567871461843170_n-394x303.jpg\" \/>\n<meta name=\"twitter:card\" content=\"summary_large_image\" \/>\n<meta name=\"twitter:label1\" content=\"Est. reading time\" \/>\n\t<meta name=\"twitter:data1\" content=\"2 minutes\" \/>\n<script type=\"application\/ld+json\" class=\"yoast-schema-graph\">{\"@context\":\"https:\/\/schema.org\",\"@graph\":[{\"@type\":\"WebPage\",\"@id\":\"https:\/\/tzbaranje.hr\/en\/taste\/restaurants\/baranjska-kuca\/\",\"url\":\"https:\/\/tzbaranje.hr\/en\/taste\/restaurants\/baranjska-kuca\/\",\"name\":\"Baranjska ku\u0107a - Visit Baranja\",\"isPartOf\":{\"@id\":\"https:\/\/tzbaranje.hr\/en\/#website\"},\"primaryImageOfPage\":{\"@id\":\"https:\/\/tzbaranje.hr\/en\/taste\/restaurants\/baranjska-kuca\/#primaryimage\"},\"image\":{\"@id\":\"https:\/\/tzbaranje.hr\/en\/taste\/restaurants\/baranjska-kuca\/#primaryimage\"},\"thumbnailUrl\":\"https:\/\/tzbaranje.hr\/en\/wp-content\/uploads\/sites\/2\/2019\/06\/10530691_692211747572945_3064567871461843170_n-394x303.jpg\",\"datePublished\":\"2019-06-05T18:12:37+00:00\",\"dateModified\":\"2021-06-17T13:55:39+00:00\",\"breadcrumb\":{\"@id\":\"https:\/\/tzbaranje.hr\/en\/taste\/restaurants\/baranjska-kuca\/#breadcrumb\"},\"inLanguage\":\"en-US\",\"potentialAction\":[{\"@type\":\"ReadAction\",\"target\":[\"https:\/\/tzbaranje.hr\/en\/taste\/restaurants\/baranjska-kuca\/\"]}]},{\"@type\":\"ImageObject\",\"inLanguage\":\"en-US\",\"@id\":\"https:\/\/tzbaranje.hr\/en\/taste\/restaurants\/baranjska-kuca\/#primaryimage\",\"url\":\"https:\/\/tzbaranje.hr\/en\/wp-content\/uploads\/sites\/2\/2019\/06\/10530691_692211747572945_3064567871461843170_n.jpg\",\"contentUrl\":\"https:\/\/tzbaranje.hr\/en\/wp-content\/uploads\/sites\/2\/2019\/06\/10530691_692211747572945_3064567871461843170_n.jpg\",\"width\":960,\"height\":639},{\"@type\":\"BreadcrumbList\",\"@id\":\"https:\/\/tzbaranje.hr\/en\/taste\/restaurants\/baranjska-kuca\/#breadcrumb\",\"itemListElement\":[{\"@type\":\"ListItem\",\"position\":1,\"name\":\"Po\u010detna stranica\",\"item\":\"https:\/\/tzbaranje.hr\/en\/\"},{\"@type\":\"ListItem\",\"position\":2,\"name\":\"Taste\",\"item\":\"https:\/\/tzbaranje.hr\/en\/taste\/\"},{\"@type\":\"ListItem\",\"position\":3,\"name\":\"Restaurants\",\"item\":\"https:\/\/tzbaranje.hr\/en\/taste\/restaurants\/\"},{\"@type\":\"ListItem\",\"position\":4,\"name\":\"Baranjska ku\u0107a\"}]},{\"@type\":\"WebSite\",\"@id\":\"https:\/\/tzbaranje.hr\/en\/#website\",\"url\":\"https:\/\/tzbaranje.hr\/en\/\",\"name\":\"Visit Baranja\",\"description\":\"\",\"potentialAction\":[{\"@type\":\"SearchAction\",\"target\":{\"@type\":\"EntryPoint\",\"urlTemplate\":\"https:\/\/tzbaranje.hr\/en\/?s={search_term_string}\"},\"query-input\":{\"@type\":\"PropertyValueSpecification\",\"valueRequired\":true,\"valueName\":\"search_term_string\"}}],\"inLanguage\":\"en-US\"}]}<\/script>\n<!-- \/ Yoast SEO plugin. -->","yoast_head_json":{"title":"Baranjska ku\u0107a - Visit Baranja","robots":{"index":"index","follow":"follow","max-snippet":"max-snippet:-1","max-image-preview":"max-image-preview:large","max-video-preview":"max-video-preview:-1"},"canonical":"https:\/\/tzbaranje.hr\/en\/taste\/restaurants\/baranjska-kuca\/","og_locale":"en_US","og_type":"article","og_title":"Baranjska ku\u0107a - Visit Baranja","og_description":"All dishes are prepared in authentic and traditional way \u2013 fi\u0161 paprika\u0161 (fish stew) is prepared on open fire, as well as \u010dobanac (shepherd&#8217;s stew), carp between forked branches, beans in clay pots, veal or lamb in baker\u2019s oven. Here, &hellip; Read More","og_url":"https:\/\/tzbaranje.hr\/en\/taste\/restaurants\/baranjska-kuca\/","og_site_name":"Visit Baranja","article_modified_time":"2021-06-17T13:55:39+00:00","og_image":[{"url":"https:\/\/tzbaranje.hr\/en\/wp-content\/uploads\/sites\/2\/2019\/06\/10530691_692211747572945_3064567871461843170_n-394x303.jpg","type":"","width":"","height":""}],"twitter_card":"summary_large_image","twitter_misc":{"Est. reading time":"2 minutes"},"schema":{"@context":"https:\/\/schema.org","@graph":[{"@type":"WebPage","@id":"https:\/\/tzbaranje.hr\/en\/taste\/restaurants\/baranjska-kuca\/","url":"https:\/\/tzbaranje.hr\/en\/taste\/restaurants\/baranjska-kuca\/","name":"Baranjska ku\u0107a - Visit Baranja","isPartOf":{"@id":"https:\/\/tzbaranje.hr\/en\/#website"},"primaryImageOfPage":{"@id":"https:\/\/tzbaranje.hr\/en\/taste\/restaurants\/baranjska-kuca\/#primaryimage"},"image":{"@id":"https:\/\/tzbaranje.hr\/en\/taste\/restaurants\/baranjska-kuca\/#primaryimage"},"thumbnailUrl":"https:\/\/tzbaranje.hr\/en\/wp-content\/uploads\/sites\/2\/2019\/06\/10530691_692211747572945_3064567871461843170_n-394x303.jpg","datePublished":"2019-06-05T18:12:37+00:00","dateModified":"2021-06-17T13:55:39+00:00","breadcrumb":{"@id":"https:\/\/tzbaranje.hr\/en\/taste\/restaurants\/baranjska-kuca\/#breadcrumb"},"inLanguage":"en-US","potentialAction":[{"@type":"ReadAction","target":["https:\/\/tzbaranje.hr\/en\/taste\/restaurants\/baranjska-kuca\/"]}]},{"@type":"ImageObject","inLanguage":"en-US","@id":"https:\/\/tzbaranje.hr\/en\/taste\/restaurants\/baranjska-kuca\/#primaryimage","url":"https:\/\/tzbaranje.hr\/en\/wp-content\/uploads\/sites\/2\/2019\/06\/10530691_692211747572945_3064567871461843170_n.jpg","contentUrl":"https:\/\/tzbaranje.hr\/en\/wp-content\/uploads\/sites\/2\/2019\/06\/10530691_692211747572945_3064567871461843170_n.jpg","width":960,"height":639},{"@type":"BreadcrumbList","@id":"https:\/\/tzbaranje.hr\/en\/taste\/restaurants\/baranjska-kuca\/#breadcrumb","itemListElement":[{"@type":"ListItem","position":1,"name":"Po\u010detna stranica","item":"https:\/\/tzbaranje.hr\/en\/"},{"@type":"ListItem","position":2,"name":"Taste","item":"https:\/\/tzbaranje.hr\/en\/taste\/"},{"@type":"ListItem","position":3,"name":"Restaurants","item":"https:\/\/tzbaranje.hr\/en\/taste\/restaurants\/"},{"@type":"ListItem","position":4,"name":"Baranjska ku\u0107a"}]},{"@type":"WebSite","@id":"https:\/\/tzbaranje.hr\/en\/#website","url":"https:\/\/tzbaranje.hr\/en\/","name":"Visit Baranja","description":"","potentialAction":[{"@type":"SearchAction","target":{"@type":"EntryPoint","urlTemplate":"https:\/\/tzbaranje.hr\/en\/?s={search_term_string}"},"query-input":{"@type":"PropertyValueSpecification","valueRequired":true,"valueName":"search_term_string"}}],"inLanguage":"en-US"}]}},"_links":{"self":[{"href":"https:\/\/tzbaranje.hr\/en\/wp-json\/wp\/v2\/pages\/551","targetHints":{"allow":["GET"]}}],"collection":[{"href":"https:\/\/tzbaranje.hr\/en\/wp-json\/wp\/v2\/pages"}],"about":[{"href":"https:\/\/tzbaranje.hr\/en\/wp-json\/wp\/v2\/types\/page"}],"author":[{"embeddable":true,"href":"https:\/\/tzbaranje.hr\/en\/wp-json\/wp\/v2\/users\/1"}],"replies":[{"embeddable":true,"href":"https:\/\/tzbaranje.hr\/en\/wp-json\/wp\/v2\/comments?post=551"}],"version-history":[{"count":9,"href":"https:\/\/tzbaranje.hr\/en\/wp-json\/wp\/v2\/pages\/551\/revisions"}],"predecessor-version":[{"id":2749,"href":"https:\/\/tzbaranje.hr\/en\/wp-json\/wp\/v2\/pages\/551\/revisions\/2749"}],"up":[{"embeddable":true,"href":"https:\/\/tzbaranje.hr\/en\/wp-json\/wp\/v2\/pages\/536"}],"wp:attachment":[{"href":"https:\/\/tzbaranje.hr\/en\/wp-json\/wp\/v2\/media?parent=551"}],"curies":[{"name":"wp","href":"https:\/\/api.w.org\/{rel}","templated":true}]}}