{"id":536,"date":"2019-06-05T20:05:35","date_gmt":"2019-06-05T18:05:35","guid":{"rendered":"http:\/\/tzbaranje.hr\/en\/?page_id=536"},"modified":"2025-01-16T21:31:50","modified_gmt":"2025-01-16T20:31:50","slug":"restaurants","status":"publish","type":"page","link":"https:\/\/tzbaranje.hr\/en\/taste\/restaurants\/","title":{"rendered":"Restaurants"},"content":{"rendered":"\t\t<div data-elementor-type=\"wp-post\" data-elementor-id=\"536\" class=\"elementor elementor-536\">\n\t\t\t\t\t\t<section class=\"elementor-section elementor-top-section elementor-element elementor-element-aeb8a4f elementor-section-full_width elementor-section-height-min-height elementor-section-height-default elementor-section-items-middle\" data-id=\"aeb8a4f\" data-element_type=\"section\" data-settings=\"{&quot;background_background&quot;:&quot;classic&quot;}\">\n\t\t\t\t\t\t\t<div class=\"elementor-background-overlay\"><\/div>\n\t\t\t\t\t\t\t<div class=\"elementor-container elementor-column-gap-default\">\n\t\t\t\t\t<div class=\"elementor-column elementor-col-100 elementor-top-column elementor-element elementor-element-55b9a23\" data-id=\"55b9a23\" data-element_type=\"column\">\n\t\t\t<div class=\"elementor-widget-wrap elementor-element-populated\">\n\t\t\t\t\t\t<div class=\"elementor-element elementor-element-0f380f6 elementor-view-default elementor-position-top elementor-widget elementor-widget-themo-header\" data-id=\"0f380f6\" data-element_type=\"widget\" data-widget_type=\"themo-header.default\">\n\t\t\t\t<div class=\"elementor-widget-container\">\n\t\t\t\t\t<div class=\"th-header-wrap\">\n        <div class=\"elementor-icon-box-wrapper \">\n                            <div class=\"elementor-icon-box-content\">\n                    <h1 class=\"elementor-icon-box-title\">\n                        Restaurants                    <\/h1>\n                                        <p class=\"elementor-icon-box-description\"><\/p>\n\n                                    <\/div>\n            <\/div>\n\n        <\/div>\n\n\t\t\t\t<\/div>\n\t\t\t\t<\/div>\n\t\t\t\t\t<\/div>\n\t\t<\/div>\n\t\t\t\t\t<\/div>\n\t\t<\/section>\n\t\t\t\t<section class=\"elementor-section elementor-top-section elementor-element elementor-element-a3a1bac elementor-section-boxed elementor-section-height-default elementor-section-height-default\" data-id=\"a3a1bac\" data-element_type=\"section\">\n\t\t\t\t\t\t<div class=\"elementor-container elementor-column-gap-default\">\n\t\t\t\t\t<div class=\"elementor-column elementor-col-100 elementor-top-column elementor-element elementor-element-ccf967c\" data-id=\"ccf967c\" data-element_type=\"column\">\n\t\t\t<div class=\"elementor-widget-wrap elementor-element-populated\">\n\t\t\t\t\t\t<div class=\"elementor-element elementor-element-af7a834 elementor-widget elementor-widget-spacer\" data-id=\"af7a834\" data-element_type=\"widget\" data-widget_type=\"spacer.default\">\n\t\t\t\t<div class=\"elementor-widget-container\">\n\t\t\t\t\t<div class=\"elementor-spacer\">\n\t\t\t<div class=\"elementor-spacer-inner\"><\/div>\n\t\t<\/div>\n\t\t\t\t<\/div>\n\t\t\t\t<\/div>\n\t\t\t\t\t<\/div>\n\t\t<\/div>\n\t\t\t\t\t<\/div>\n\t\t<\/section>\n\t\t\t\t<section class=\"elementor-section elementor-top-section elementor-element elementor-element-78b88f8 elementor-section-boxed elementor-section-height-default elementor-section-height-default\" data-id=\"78b88f8\" data-element_type=\"section\">\n\t\t\t\t\t\t<div class=\"elementor-container elementor-column-gap-default\">\n\t\t\t\t\t<div class=\"elementor-column elementor-col-33 elementor-top-column elementor-element elementor-element-30ae0af\" data-id=\"30ae0af\" data-element_type=\"column\">\n\t\t\t<div class=\"elementor-widget-wrap elementor-element-populated\">\n\t\t\t\t\t\t<div class=\"elementor-element elementor-element-6565325 elementor-position-top elementor-widget elementor-widget-image-box\" data-id=\"6565325\" data-element_type=\"widget\" data-widget_type=\"image-box.default\">\n\t\t\t\t<div class=\"elementor-widget-container\">\n\t\t\t<div class=\"elementor-image-box-wrapper\"><figure class=\"elementor-image-box-img\"><a href=\"https:\/\/tzbaranje.hr\/en\/taste\/restaurants\/baranjska-kuca\/\" tabindex=\"-1\"><img decoding=\"async\" src=\"https:\/\/tzbaranje.hr\/en\/wp-content\/uploads\/sites\/2\/elementor\/thumbs\/10530691_692211747572945_3064567871461843170_n-oagxxcn2rlpeztqct01s922l73xd0spl7azdc3sj3g.jpg\" title=\"10530691_692211747572945_3064567871461843170_n\" alt=\"10530691_692211747572945_3064567871461843170_n\" loading=\"lazy\" \/><\/a><\/figure><div class=\"elementor-image-box-content\"><h3 class=\"elementor-image-box-title\"><a href=\"https:\/\/tzbaranje.hr\/en\/taste\/restaurants\/baranjska-kuca\/\">Baranjska ku\u0107a<\/a><\/h3><p class=\"elementor-image-box-description\">Karanac<\/p><\/div><\/div>\t\t<\/div>\n\t\t\t\t<\/div>\n\t\t\t\t<div class=\"elementor-element elementor-element-835727a elementor-position-top elementor-widget elementor-widget-image-box\" data-id=\"835727a\" data-element_type=\"widget\" data-widget_type=\"image-box.default\">\n\t\t\t\t<div class=\"elementor-widget-container\">\n\t\t\t<div class=\"elementor-image-box-wrapper\"><figure class=\"elementor-image-box-img\"><a href=\"https:\/\/tzbaranje.hr\/en\/taste\/restaurants\/knezev-dol\/\" tabindex=\"-1\"><img decoding=\"async\" src=\"https:\/\/tzbaranje.hr\/en\/wp-content\/uploads\/sites\/2\/elementor\/thumbs\/40513344_549758408796459_4473978874312523776_n-oagy6b1pvryrm2q1idetiapoy9s9cz9irmqwy0iht8.jpg\" title=\"40513344_549758408796459_4473978874312523776_n\" alt=\"40513344_549758408796459_4473978874312523776_n\" loading=\"lazy\" \/><\/a><\/figure><div class=\"elementor-image-box-content\"><h3 class=\"elementor-image-box-title\"><a href=\"https:\/\/tzbaranje.hr\/en\/taste\/restaurants\/knezev-dol\/\">Kne\u017eev dol<\/a><\/h3><p class=\"elementor-image-box-description\">Kne\u017eevi vinogradi<\/p><\/div><\/div>\t\t<\/div>\n\t\t\t\t<\/div>\n\t\t\t\t<div class=\"elementor-element elementor-element-cc7731d elementor-position-top elementor-widget elementor-widget-image-box\" data-id=\"cc7731d\" data-element_type=\"widget\" data-widget_type=\"image-box.default\">\n\t\t\t\t<div class=\"elementor-widget-container\">\n\t\t\t<div class=\"elementor-image-box-wrapper\"><figure class=\"elementor-image-box-img\"><a href=\"https:\/\/tzbaranje.hr\/en\/taste\/restaurants\/kovac-carda\/\" tabindex=\"-1\"><img decoding=\"async\" src=\"https:\/\/tzbaranje.hr\/en\/wp-content\/uploads\/sites\/2\/elementor\/thumbs\/12963829_563652230482977_5148149974906643148_n-oagxyah9lmzqlsd7beocqtj6kzakpwfxbygum2ecvg.jpg\" title=\"12963829_563652230482977_5148149974906643148_n\" alt=\"12963829_563652230482977_5148149974906643148_n\" loading=\"lazy\" \/><\/a><\/figure><div class=\"elementor-image-box-content\"><h3 class=\"elementor-image-box-title\"><a href=\"https:\/\/tzbaranje.hr\/en\/taste\/restaurants\/kovac-carda\/\">Kova\u010d \u010darda<\/a><\/h3><p class=\"elementor-image-box-description\">Suza<\/p><\/div><\/div>\t\t<\/div>\n\t\t\t\t<\/div>\n\t\t\t\t<div class=\"elementor-element elementor-element-5005bee elementor-position-top elementor-widget elementor-widget-image-box\" data-id=\"5005bee\" data-element_type=\"widget\" data-widget_type=\"image-box.default\">\n\t\t\t\t<div class=\"elementor-widget-container\">\n\t\t\t<div class=\"elementor-image-box-wrapper\"><figure class=\"elementor-image-box-img\"><a href=\"https:\/\/tzbaranje.hr\/en\/taste\/restaurants\/piros-cizma\/\" tabindex=\"-1\"><img decoding=\"async\" src=\"https:\/\/tzbaranje.hr\/en\/wp-content\/uploads\/sites\/2\/elementor\/thumbs\/AK1_1535-oagy9gs6uqagmw4u28koe00gtw7o8ct1j9oo0htuwc.jpg\" title=\"AK1_1535\" alt=\"AK1_1535\" loading=\"lazy\" \/><\/a><\/figure><div class=\"elementor-image-box-content\"><h3 class=\"elementor-image-box-title\"><a href=\"https:\/\/tzbaranje.hr\/en\/taste\/restaurants\/piros-cizma\/\">Piro\u0161 \u010dizma<\/a><\/h3><p class=\"elementor-image-box-description\">Suza<\/p><\/div><\/div>\t\t<\/div>\n\t\t\t\t<\/div>\n\t\t\t\t\t<\/div>\n\t\t<\/div>\n\t\t\t\t<div class=\"elementor-column elementor-col-33 elementor-top-column elementor-element elementor-element-1c108f1\" data-id=\"1c108f1\" data-element_type=\"column\">\n\t\t\t<div class=\"elementor-widget-wrap elementor-element-populated\">\n\t\t\t\t\t\t<div class=\"elementor-element elementor-element-c8baee2 elementor-position-top elementor-widget elementor-widget-image-box\" data-id=\"c8baee2\" data-element_type=\"widget\" data-widget_type=\"image-box.default\">\n\t\t\t\t<div class=\"elementor-widget-container\">\n\t\t\t<div class=\"elementor-image-box-wrapper\"><figure class=\"elementor-image-box-img\"><a href=\"https:\/\/tzbaranje.hr\/en\/accommodation\/rural-households\/didin-konak\/\" tabindex=\"-1\"><img decoding=\"async\" src=\"https:\/\/tzbaranje.hr\/en\/wp-content\/uploads\/sites\/2\/elementor\/thumbs\/1-oagxwmblg8pdyqsl2oo8b8pokbj319t3roprwcvjxo.jpg\" title=\"1\" alt=\"1\" loading=\"lazy\" \/><\/a><\/figure><div class=\"elementor-image-box-content\"><h3 class=\"elementor-image-box-title\"><a href=\"https:\/\/tzbaranje.hr\/en\/accommodation\/rural-households\/didin-konak\/\">Didin konak<\/a><\/h3><p class=\"elementor-image-box-description\">Kopa\u010devo<\/p><\/div><\/div>\t\t<\/div>\n\t\t\t\t<\/div>\n\t\t\t\t<div class=\"elementor-element elementor-element-e0db3af elementor-position-top elementor-widget elementor-widget-image-box\" data-id=\"e0db3af\" data-element_type=\"widget\" data-widget_type=\"image-box.default\">\n\t\t\t\t<div class=\"elementor-widget-container\">\n\t\t\t<div class=\"elementor-image-box-wrapper\"><figure class=\"elementor-image-box-img\"><a href=\"https:\/\/tzbaranje.hr\/en\/taste\/restaurants\/kod-zlatnog-bunara\/\" tabindex=\"-1\"><img decoding=\"async\" src=\"https:\/\/tzbaranje.hr\/en\/wp-content\/uploads\/sites\/2\/elementor\/thumbs\/29386043_2080235948918482_7444650746131251200_n-oagy4l0dcplubt85kmlfxqd9qua18yf8j3ov9r2h7w.jpg\" title=\"29386043_2080235948918482_7444650746131251200_n\" alt=\"29386043_2080235948918482_7444650746131251200_n\" loading=\"lazy\" \/><\/a><\/figure><div class=\"elementor-image-box-content\"><h3 class=\"elementor-image-box-title\"><a href=\"https:\/\/tzbaranje.hr\/en\/taste\/restaurants\/kod-zlatnog-bunara\/\">Kod zlatnog bunara<\/a><\/h3><p class=\"elementor-image-box-description\">Lug<\/p><\/div><\/div>\t\t<\/div>\n\t\t\t\t<\/div>\n\t\t\t\t<div class=\"elementor-element elementor-element-033138a elementor-position-top elementor-widget elementor-widget-image-box\" data-id=\"033138a\" data-element_type=\"widget\" data-widget_type=\"image-box.default\">\n\t\t\t\t<div class=\"elementor-widget-container\">\n\t\t\t<div class=\"elementor-image-box-wrapper\"><figure class=\"elementor-image-box-img\"><a href=\"https:\/\/tzbaranje.hr\/en\/taste\/restaurants\/panon\/\" tabindex=\"-1\"><img decoding=\"async\" src=\"https:\/\/tzbaranje.hr\/en\/wp-content\/uploads\/sites\/2\/elementor\/thumbs\/52863998_567692940378202_2397507678713675776_n-oagy7fgs1ni3hb3bycvrziiihu91jypz96sskwukdo.jpg\" title=\"52863998_567692940378202_2397507678713675776_n\" alt=\"52863998_567692940378202_2397507678713675776_n\" loading=\"lazy\" \/><\/a><\/figure><div class=\"elementor-image-box-content\"><h3 class=\"elementor-image-box-title\"><a href=\"https:\/\/tzbaranje.hr\/en\/taste\/restaurants\/panon\/\">Panon<\/a><\/h3><p class=\"elementor-image-box-description\">Kne\u017eevi Vinogradi<\/p><\/div><\/div>\t\t<\/div>\n\t\t\t\t<\/div>\n\t\t\t\t<div class=\"elementor-element elementor-element-16a383e elementor-position-top elementor-widget elementor-widget-image-box\" data-id=\"16a383e\" data-element_type=\"widget\" data-widget_type=\"image-box.default\">\n\t\t\t\t<div class=\"elementor-widget-container\">\n\t\t\t<div class=\"elementor-image-box-wrapper\"><figure class=\"elementor-image-box-img\"><a href=\"https:\/\/tzbaranje.hr\/en\/taste\/restaurants\/pizzeria-as\/\" tabindex=\"-1\"><img decoding=\"async\" src=\"https:\/\/tzbaranje.hr\/en\/wp-content\/uploads\/sites\/2\/elementor\/thumbs\/13036482_275126612833415_1849748945_o-oagxyg4aqn7gjg50eh445s3y5ais032bcqdrhq5zu4.jpg\" title=\"13036482_275126612833415_1849748945_o\" alt=\"13036482_275126612833415_1849748945_o\" loading=\"lazy\" \/><\/a><\/figure><div class=\"elementor-image-box-content\"><h3 class=\"elementor-image-box-title\"><a href=\"https:\/\/tzbaranje.hr\/en\/taste\/restaurants\/pizzeria-as\/\">Pizzeria AS<\/a><\/h3><p class=\"elementor-image-box-description\">Darda<\/p><\/div><\/div>\t\t<\/div>\n\t\t\t\t<\/div>\n\t\t\t\t\t<\/div>\n\t\t<\/div>\n\t\t\t\t<div class=\"elementor-column elementor-col-33 elementor-top-column elementor-element elementor-element-2bca236\" data-id=\"2bca236\" data-element_type=\"column\">\n\t\t\t<div class=\"elementor-widget-wrap elementor-element-populated\">\n\t\t\t\t\t\t<div class=\"elementor-element elementor-element-b74f9d9 elementor-position-top elementor-widget elementor-widget-image-box\" data-id=\"b74f9d9\" data-element_type=\"widget\" data-widget_type=\"image-box.default\">\n\t\t\t\t<div class=\"elementor-widget-container\">\n\t\t\t<div class=\"elementor-image-box-wrapper\"><figure class=\"elementor-image-box-img\"><a href=\"https:\/\/tzbaranje.hr\/en\/taste\/wine\/josic\/\" tabindex=\"-1\"><img decoding=\"async\" src=\"https:\/\/tzbaranje.hr\/en\/wp-content\/uploads\/sites\/2\/elementor\/thumbs\/Josic-02-oagyiw3xdx6z24fy0t8zw4dv9zr6f3855x6y9duqi4.jpg\" title=\"Josic-02\" alt=\"Josic-02\" loading=\"lazy\" \/><\/a><\/figure><div class=\"elementor-image-box-content\"><h3 class=\"elementor-image-box-title\"><a href=\"https:\/\/tzbaranje.hr\/en\/taste\/wine\/josic\/\">Josi\u0107<\/a><\/h3><p class=\"elementor-image-box-description\">Zmajevac<\/p><\/div><\/div>\t\t<\/div>\n\t\t\t\t<\/div>\n\t\t\t\t<div class=\"elementor-element elementor-element-5520576 elementor-position-top elementor-widget elementor-widget-image-box\" data-id=\"5520576\" data-element_type=\"widget\" data-widget_type=\"image-box.default\">\n\t\t\t\t<div class=\"elementor-widget-container\">\n\t\t\t<div class=\"elementor-image-box-wrapper\"><figure class=\"elementor-image-box-img\"><a href=\"https:\/\/tzbaranje.hr\/en\/taste\/restaurants\/kormoran\/\" tabindex=\"-1\"><img decoding=\"async\" src=\"https:\/\/tzbaranje.hr\/en\/wp-content\/uploads\/sites\/2\/elementor\/thumbs\/DSC0937-oagyapwfys0846baqs2rpomlce1ahts5pgzz1ryylo.jpg\" title=\"_DSC0937\" alt=\"_DSC0937\" loading=\"lazy\" \/><\/a><\/figure><div class=\"elementor-image-box-content\"><h3 class=\"elementor-image-box-title\"><a href=\"https:\/\/tzbaranje.hr\/en\/taste\/restaurants\/kormoran\/\">Kormoran<\/a><\/h3><p class=\"elementor-image-box-description\">Bilje<\/p><\/div><\/div>\t\t<\/div>\n\t\t\t\t<\/div>\n\t\t\t\t<div class=\"elementor-element elementor-element-c1bdac2 elementor-position-top elementor-widget elementor-widget-image-box\" data-id=\"c1bdac2\" data-element_type=\"widget\" data-widget_type=\"image-box.default\">\n\t\t\t\t<div class=\"elementor-widget-container\">\n\t\t\t<div class=\"elementor-image-box-wrapper\"><figure class=\"elementor-image-box-img\"><a href=\"https:\/\/tzbaranje.hr\/en\/taste\/restaurants\/papica\/\" tabindex=\"-1\"><img decoding=\"async\" src=\"https:\/\/tzbaranje.hr\/en\/wp-content\/uploads\/sites\/2\/elementor\/thumbs\/6-oagy86q3jujetzzqj6nyhtmvq0ior6q70xpvhxq5d8.jpg\" title=\"6\" alt=\"6\" loading=\"lazy\" \/><\/a><\/figure><div class=\"elementor-image-box-content\"><h3 class=\"elementor-image-box-title\"><a href=\"https:\/\/tzbaranje.hr\/en\/taste\/restaurants\/papica\/\">Papica<\/a><\/h3><p class=\"elementor-image-box-description\">Kne\u017eevi Vinogradi<\/p><\/div><\/div>\t\t<\/div>\n\t\t\t\t<\/div>\n\t\t\t\t<div class=\"elementor-element elementor-element-2e48857 elementor-position-top elementor-widget elementor-widget-image-box\" data-id=\"2e48857\" data-element_type=\"widget\" data-widget_type=\"image-box.default\">\n\t\t\t\t<div class=\"elementor-widget-container\">\n\t\t\t<div class=\"elementor-image-box-wrapper\"><figure class=\"elementor-image-box-img\"><a href=\"https:\/\/tzbaranje.hr\/en\/taste\/restaurants\/opg-stipino\/\" tabindex=\"-1\"><img decoding=\"async\" src=\"https:\/\/tzbaranje.hr\/en\/wp-content\/uploads\/sites\/2\/elementor\/thumbs\/opg-20-r03u2x1gqw4x4m1q3ny4d2ocxwbox963cp74yyr358.jpg\" title=\"opg-20\" alt=\"opg-20\" loading=\"lazy\" \/><\/a><\/figure><div class=\"elementor-image-box-content\"><h3 class=\"elementor-image-box-title\"><a href=\"https:\/\/tzbaranje.hr\/en\/taste\/restaurants\/opg-stipino\/\">OPG Stipino<\/a><\/h3><p class=\"elementor-image-box-description\">\u010ceminac<\/p><\/div><\/div>\t\t<\/div>\n\t\t\t\t<\/div>\n\t\t\t\t\t<\/div>\n\t\t<\/div>\n\t\t\t\t\t<\/div>\n\t\t<\/section>\n\t\t\t\t<section class=\"elementor-section elementor-top-section elementor-element elementor-element-8439b55 elementor-section-boxed elementor-section-height-default elementor-section-height-default\" data-id=\"8439b55\" data-element_type=\"section\">\n\t\t\t\t\t\t<div class=\"elementor-container elementor-column-gap-default\">\n\t\t\t\t\t<div class=\"elementor-column elementor-col-100 elementor-top-column elementor-element elementor-element-8be5e1c\" data-id=\"8be5e1c\" data-element_type=\"column\">\n\t\t\t<div class=\"elementor-widget-wrap elementor-element-populated\">\n\t\t\t\t\t\t<div class=\"elementor-element elementor-element-8bf67d4 elementor-widget elementor-widget-spacer\" data-id=\"8bf67d4\" data-element_type=\"widget\" data-widget_type=\"spacer.default\">\n\t\t\t\t<div class=\"elementor-widget-container\">\n\t\t\t\t\t<div class=\"elementor-spacer\">\n\t\t\t<div class=\"elementor-spacer-inner\"><\/div>\n\t\t<\/div>\n\t\t\t\t<\/div>\n\t\t\t\t<\/div>\n\t\t\t\t\t<\/div>\n\t\t<\/div>\n\t\t\t\t\t<\/div>\n\t\t<\/section>\n\t\t\t\t<\/div>\n\t\t","protected":false},"excerpt":{"rendered":"<p>Restaurants Baranjska ku\u0107a Karanac Kne\u017eev dol Kne\u017eevi vinogradi Kova\u010d \u010darda Suza Piro\u0161 \u010dizma Suza Didin konak Kopa\u010devo Kod zlatnog bunara Lug Panon Kne\u017eevi Vinogradi Pizzeria AS Darda Josi\u0107 Zmajevac Kormoran Bilje Papica Kne\u017eevi Vinogradi OPG Stipino \u010ceminac<\/p>\n","protected":false},"author":1,"featured_media":0,"parent":211,"menu_order":0,"comment_status":"closed","ping_status":"closed","template":"","meta":{"footnotes":""},"class_list":["post-536","page","type-page","status-publish","hentry"],"yoast_head":"<!-- This site is optimized with the Yoast SEO plugin v27.0 - https:\/\/yoast.com\/product\/yoast-seo-wordpress\/ -->\n<title>Restaurants - Visit Baranja<\/title>\n<meta name=\"robots\" content=\"index, follow, max-snippet:-1, max-image-preview:large, max-video-preview:-1\" \/>\n<link rel=\"canonical\" href=\"https:\/\/tzbaranje.hr\/en\/taste\/restaurants\/\" \/>\n<meta property=\"og:locale\" content=\"en_US\" \/>\n<meta property=\"og:type\" content=\"article\" \/>\n<meta property=\"og:title\" content=\"Restaurants - Visit Baranja\" \/>\n<meta property=\"og:description\" content=\"Restaurants Baranjska ku\u0107a Karanac Kne\u017eev dol Kne\u017eevi vinogradi Kova\u010d \u010darda Suza Piro\u0161 \u010dizma Suza Didin konak Kopa\u010devo Kod zlatnog bunara Lug Panon Kne\u017eevi Vinogradi Pizzeria AS Darda Josi\u0107 Zmajevac Kormoran Bilje Papica Kne\u017eevi Vinogradi OPG Stipino \u010ceminac\" \/>\n<meta property=\"og:url\" content=\"https:\/\/tzbaranje.hr\/en\/taste\/restaurants\/\" \/>\n<meta property=\"og:site_name\" content=\"Visit Baranja\" \/>\n<meta property=\"article:modified_time\" content=\"2025-01-16T20:31:50+00:00\" \/>\n<meta property=\"og:image\" content=\"https:\/\/tzbaranje.hr\/en\/wp-content\/uploads\/sites\/2\/elementor\/thumbs\/10530691_692211747572945_3064567871461843170_n-oagxxcn2rlpeztqct01s922l73xd0spl7azdc3sj3g.jpg\" \/>\n<meta name=\"twitter:card\" content=\"summary_large_image\" \/>\n<meta name=\"twitter:label1\" content=\"Est. reading time\" \/>\n\t<meta name=\"twitter:data1\" content=\"3 minutes\" \/>\n<script type=\"application\/ld+json\" class=\"yoast-schema-graph\">{\"@context\":\"https:\/\/schema.org\",\"@graph\":[{\"@type\":\"WebPage\",\"@id\":\"https:\/\/tzbaranje.hr\/en\/taste\/restaurants\/\",\"url\":\"https:\/\/tzbaranje.hr\/en\/taste\/restaurants\/\",\"name\":\"Restaurants - Visit Baranja\",\"isPartOf\":{\"@id\":\"https:\/\/tzbaranje.hr\/en\/#website\"},\"primaryImageOfPage\":{\"@id\":\"https:\/\/tzbaranje.hr\/en\/taste\/restaurants\/#primaryimage\"},\"image\":{\"@id\":\"https:\/\/tzbaranje.hr\/en\/taste\/restaurants\/#primaryimage\"},\"thumbnailUrl\":\"https:\/\/tzbaranje.hr\/en\/wp-content\/uploads\/sites\/2\/elementor\/thumbs\/10530691_692211747572945_3064567871461843170_n-oagxxcn2rlpeztqct01s922l73xd0spl7azdc3sj3g.jpg\",\"datePublished\":\"2019-06-05T18:05:35+00:00\",\"dateModified\":\"2025-01-16T20:31:50+00:00\",\"breadcrumb\":{\"@id\":\"https:\/\/tzbaranje.hr\/en\/taste\/restaurants\/#breadcrumb\"},\"inLanguage\":\"en-US\",\"potentialAction\":[{\"@type\":\"ReadAction\",\"target\":[\"https:\/\/tzbaranje.hr\/en\/taste\/restaurants\/\"]}]},{\"@type\":\"ImageObject\",\"inLanguage\":\"en-US\",\"@id\":\"https:\/\/tzbaranje.hr\/en\/taste\/restaurants\/#primaryimage\",\"url\":\"https:\/\/tzbaranje.hr\/en\/wp-content\/uploads\/sites\/2\/elementor\/thumbs\/10530691_692211747572945_3064567871461843170_n-oagxxcn2rlpeztqct01s922l73xd0spl7azdc3sj3g.jpg\",\"contentUrl\":\"https:\/\/tzbaranje.hr\/en\/wp-content\/uploads\/sites\/2\/elementor\/thumbs\/10530691_692211747572945_3064567871461843170_n-oagxxcn2rlpeztqct01s922l73xd0spl7azdc3sj3g.jpg\"},{\"@type\":\"BreadcrumbList\",\"@id\":\"https:\/\/tzbaranje.hr\/en\/taste\/restaurants\/#breadcrumb\",\"itemListElement\":[{\"@type\":\"ListItem\",\"position\":1,\"name\":\"Po\u010detna stranica\",\"item\":\"https:\/\/tzbaranje.hr\/en\/\"},{\"@type\":\"ListItem\",\"position\":2,\"name\":\"Taste\",\"item\":\"https:\/\/tzbaranje.hr\/en\/taste\/\"},{\"@type\":\"ListItem\",\"position\":3,\"name\":\"Restaurants\"}]},{\"@type\":\"WebSite\",\"@id\":\"https:\/\/tzbaranje.hr\/en\/#website\",\"url\":\"https:\/\/tzbaranje.hr\/en\/\",\"name\":\"Visit Baranja\",\"description\":\"\",\"potentialAction\":[{\"@type\":\"SearchAction\",\"target\":{\"@type\":\"EntryPoint\",\"urlTemplate\":\"https:\/\/tzbaranje.hr\/en\/?s={search_term_string}\"},\"query-input\":{\"@type\":\"PropertyValueSpecification\",\"valueRequired\":true,\"valueName\":\"search_term_string\"}}],\"inLanguage\":\"en-US\"}]}<\/script>\n<!-- \/ Yoast SEO plugin. -->","yoast_head_json":{"title":"Restaurants - Visit Baranja","robots":{"index":"index","follow":"follow","max-snippet":"max-snippet:-1","max-image-preview":"max-image-preview:large","max-video-preview":"max-video-preview:-1"},"canonical":"https:\/\/tzbaranje.hr\/en\/taste\/restaurants\/","og_locale":"en_US","og_type":"article","og_title":"Restaurants - Visit Baranja","og_description":"Restaurants Baranjska ku\u0107a Karanac Kne\u017eev dol Kne\u017eevi vinogradi Kova\u010d \u010darda Suza Piro\u0161 \u010dizma Suza Didin konak Kopa\u010devo Kod zlatnog bunara Lug Panon Kne\u017eevi Vinogradi Pizzeria AS Darda Josi\u0107 Zmajevac Kormoran Bilje Papica Kne\u017eevi Vinogradi OPG Stipino \u010ceminac","og_url":"https:\/\/tzbaranje.hr\/en\/taste\/restaurants\/","og_site_name":"Visit Baranja","article_modified_time":"2025-01-16T20:31:50+00:00","og_image":[{"url":"https:\/\/tzbaranje.hr\/en\/wp-content\/uploads\/sites\/2\/elementor\/thumbs\/10530691_692211747572945_3064567871461843170_n-oagxxcn2rlpeztqct01s922l73xd0spl7azdc3sj3g.jpg","type":"","width":"","height":""}],"twitter_card":"summary_large_image","twitter_misc":{"Est. reading time":"3 minutes"},"schema":{"@context":"https:\/\/schema.org","@graph":[{"@type":"WebPage","@id":"https:\/\/tzbaranje.hr\/en\/taste\/restaurants\/","url":"https:\/\/tzbaranje.hr\/en\/taste\/restaurants\/","name":"Restaurants - Visit Baranja","isPartOf":{"@id":"https:\/\/tzbaranje.hr\/en\/#website"},"primaryImageOfPage":{"@id":"https:\/\/tzbaranje.hr\/en\/taste\/restaurants\/#primaryimage"},"image":{"@id":"https:\/\/tzbaranje.hr\/en\/taste\/restaurants\/#primaryimage"},"thumbnailUrl":"https:\/\/tzbaranje.hr\/en\/wp-content\/uploads\/sites\/2\/elementor\/thumbs\/10530691_692211747572945_3064567871461843170_n-oagxxcn2rlpeztqct01s922l73xd0spl7azdc3sj3g.jpg","datePublished":"2019-06-05T18:05:35+00:00","dateModified":"2025-01-16T20:31:50+00:00","breadcrumb":{"@id":"https:\/\/tzbaranje.hr\/en\/taste\/restaurants\/#breadcrumb"},"inLanguage":"en-US","potentialAction":[{"@type":"ReadAction","target":["https:\/\/tzbaranje.hr\/en\/taste\/restaurants\/"]}]},{"@type":"ImageObject","inLanguage":"en-US","@id":"https:\/\/tzbaranje.hr\/en\/taste\/restaurants\/#primaryimage","url":"https:\/\/tzbaranje.hr\/en\/wp-content\/uploads\/sites\/2\/elementor\/thumbs\/10530691_692211747572945_3064567871461843170_n-oagxxcn2rlpeztqct01s922l73xd0spl7azdc3sj3g.jpg","contentUrl":"https:\/\/tzbaranje.hr\/en\/wp-content\/uploads\/sites\/2\/elementor\/thumbs\/10530691_692211747572945_3064567871461843170_n-oagxxcn2rlpeztqct01s922l73xd0spl7azdc3sj3g.jpg"},{"@type":"BreadcrumbList","@id":"https:\/\/tzbaranje.hr\/en\/taste\/restaurants\/#breadcrumb","itemListElement":[{"@type":"ListItem","position":1,"name":"Po\u010detna stranica","item":"https:\/\/tzbaranje.hr\/en\/"},{"@type":"ListItem","position":2,"name":"Taste","item":"https:\/\/tzbaranje.hr\/en\/taste\/"},{"@type":"ListItem","position":3,"name":"Restaurants"}]},{"@type":"WebSite","@id":"https:\/\/tzbaranje.hr\/en\/#website","url":"https:\/\/tzbaranje.hr\/en\/","name":"Visit Baranja","description":"","potentialAction":[{"@type":"SearchAction","target":{"@type":"EntryPoint","urlTemplate":"https:\/\/tzbaranje.hr\/en\/?s={search_term_string}"},"query-input":{"@type":"PropertyValueSpecification","valueRequired":true,"valueName":"search_term_string"}}],"inLanguage":"en-US"}]}},"_links":{"self":[{"href":"https:\/\/tzbaranje.hr\/en\/wp-json\/wp\/v2\/pages\/536","targetHints":{"allow":["GET"]}}],"collection":[{"href":"https:\/\/tzbaranje.hr\/en\/wp-json\/wp\/v2\/pages"}],"about":[{"href":"https:\/\/tzbaranje.hr\/en\/wp-json\/wp\/v2\/types\/page"}],"author":[{"embeddable":true,"href":"https:\/\/tzbaranje.hr\/en\/wp-json\/wp\/v2\/users\/1"}],"replies":[{"embeddable":true,"href":"https:\/\/tzbaranje.hr\/en\/wp-json\/wp\/v2\/comments?post=536"}],"version-history":[{"count":20,"href":"https:\/\/tzbaranje.hr\/en\/wp-json\/wp\/v2\/pages\/536\/revisions"}],"predecessor-version":[{"id":17189,"href":"https:\/\/tzbaranje.hr\/en\/wp-json\/wp\/v2\/pages\/536\/revisions\/17189"}],"up":[{"embeddable":true,"href":"https:\/\/tzbaranje.hr\/en\/wp-json\/wp\/v2\/pages\/211"}],"wp:attachment":[{"href":"https:\/\/tzbaranje.hr\/en\/wp-json\/wp\/v2\/media?parent=536"}],"curies":[{"name":"wp","href":"https:\/\/api.w.org\/{rel}","templated":true}]}}