{"id":456,"date":"2019-06-05T17:55:14","date_gmt":"2019-06-05T15:55:14","guid":{"rendered":"http:\/\/tzbaranje.hr\/en\/?page_id=456"},"modified":"2022-11-18T20:07:58","modified_gmt":"2022-11-18T19:07:58","slug":"castle-tikves","status":"publish","type":"page","link":"https:\/\/tzbaranje.hr\/en\/experience\/cultural-sights\/castle-tikves\/","title":{"rendered":"Castle Tikve\u0161"},"content":{"rendered":"\t\t<div data-elementor-type=\"wp-post\" data-elementor-id=\"456\" class=\"elementor elementor-456\">\n\t\t\t\t\t\t<section class=\"elementor-section elementor-top-section elementor-element elementor-element-68b24ad elementor-section-boxed elementor-section-height-default elementor-section-height-default\" data-id=\"68b24ad\" data-element_type=\"section\">\n\t\t\t\t\t\t<div class=\"elementor-container elementor-column-gap-default\">\n\t\t\t\t\t<div class=\"elementor-column elementor-col-100 elementor-top-column elementor-element elementor-element-dba3f8c\" data-id=\"dba3f8c\" data-element_type=\"column\">\n\t\t\t<div class=\"elementor-widget-wrap elementor-element-populated\">\n\t\t\t\t\t\t<div class=\"elementor-element elementor-element-8deeae4 elementor-widget elementor-widget-spacer\" data-id=\"8deeae4\" data-element_type=\"widget\" data-widget_type=\"spacer.default\">\n\t\t\t\t<div class=\"elementor-widget-container\">\n\t\t\t\t\t<div class=\"elementor-spacer\">\n\t\t\t<div class=\"elementor-spacer-inner\"><\/div>\n\t\t<\/div>\n\t\t\t\t<\/div>\n\t\t\t\t<\/div>\n\t\t\t\t\t<\/div>\n\t\t<\/div>\n\t\t\t\t\t<\/div>\n\t\t<\/section>\n\t\t\t\t<section class=\"elementor-section elementor-top-section elementor-element elementor-element-9dc2e89 elementor-section-boxed elementor-section-height-default elementor-section-height-default\" data-id=\"9dc2e89\" data-element_type=\"section\">\n\t\t\t\t\t\t<div class=\"elementor-container elementor-column-gap-default\">\n\t\t\t\t\t<div class=\"elementor-column elementor-col-50 elementor-top-column elementor-element elementor-element-f15e916\" data-id=\"f15e916\" data-element_type=\"column\">\n\t\t\t<div class=\"elementor-widget-wrap elementor-element-populated\">\n\t\t\t\t\t\t<div class=\"elementor-element elementor-element-e7ed8f1 elementor-view-default elementor-position-top elementor-widget elementor-widget-themo-header\" data-id=\"e7ed8f1\" data-element_type=\"widget\" data-widget_type=\"themo-header.default\">\n\t\t\t\t<div class=\"elementor-widget-container\">\n\t\t\t\t\t<div class=\"th-header-wrap\">\n        <div class=\"elementor-icon-box-wrapper \">\n                            <div class=\"elementor-icon-box-content\">\n                    <h3 class=\"elementor-icon-box-title\">\n                        Tikve\u0161 Presentation and Education Center                    <\/h3>\n                                        <p class=\"elementor-icon-box-description\">It was built in the spirit of Romantic Historicism in the second half of the 19th century. Around the castle, there is a park and promenade connected to a hunting villa built in the manner of country architecture. During its rich history, the castle in Tikve\u0161 was a hunting centre visited by members of the noble Teschen lineage, the Habsburg lineage, later by members of the Kara\u0111or\u0111evi\u0107 dynasty and many others. Numerous photographs of Isabella von Habsburg, the wife of Friedrich von Habsburg who owned an estate there until 1918, bear witness to castle history. After the World War II, the castle was one of the presidential residences of Josip Broz Tito, and numerous world politicians stayed there during their hunting visits. Today this complex has a new purpose, housing the European Centre for Environment.\n\nWorking Hours:\n\nFrom Wednesday to Sunday - 08:00 to 16:00\n\nMonday and Tuesday - closed (except by appointment, for groups of 10 people and more)\nPhone: (+385) 031\/240 445\n<\/p>\n\n                                    <\/div>\n            <\/div>\n\n        <\/div>\n\n\t\t\t\t<\/div>\n\t\t\t\t<\/div>\n\t\t\t\t<div class=\"elementor-element elementor-element-124bea0 elementor-widget elementor-widget-google_maps\" data-id=\"124bea0\" data-element_type=\"widget\" data-widget_type=\"google_maps.default\">\n\t\t\t\t<div class=\"elementor-widget-container\">\n\t\t\t\t\t<div class=\"elementor-custom-embed\">\n\t\t\t<iframe loading=\"lazy\"\n\t\t\t\t\tsrc=\"https:\/\/maps.google.com\/maps?q=Dvorac%20Tikve%C5%A1&#038;t=m&#038;z=10&#038;output=embed&#038;iwloc=near\"\n\t\t\t\t\ttitle=\"Dvorac Tikve\u0161\"\n\t\t\t\t\taria-label=\"Dvorac Tikve\u0161\"\n\t\t\t><\/iframe>\n\t\t<\/div>\n\t\t\t\t<\/div>\n\t\t\t\t<\/div>\n\t\t\t\t\t<\/div>\n\t\t<\/div>\n\t\t\t\t<div class=\"elementor-column elementor-col-50 elementor-top-column elementor-element elementor-element-65156f2\" data-id=\"65156f2\" data-element_type=\"column\">\n\t\t\t<div class=\"elementor-widget-wrap elementor-element-populated\">\n\t\t\t\t\t\t<div class=\"elementor-element elementor-element-e27efb2 elementor-widget elementor-widget-themo-image-gallery\" data-id=\"e27efb2\" data-element_type=\"widget\" data-widget_type=\"themo-image-gallery.default\">\n\t\t\t\t<div class=\"elementor-widget-container\">\n\t\t\t\t\t<div class=\"elementor-image-gallery th-image-stretch\">\n\t\t\t<div class=\"gallery gallery-456-1\"><div class=\"row gallery-row\"><div class=\"col-sm-6 col-lg-6\"><a data-toggle=\"lightbox\" data-gallery=\"multiimages\" data-title=\"\"  class=\"thumbnail img-thumbnail\" href='https:\/\/tzbaranje.hr\/en\/wp-content\/uploads\/sites\/2\/2019\/04\/004.jpg'><img fetchpriority=\"high\" decoding=\"async\" width=\"394\" height=\"303\" src=\"https:\/\/tzbaranje.hr\/en\/wp-content\/uploads\/sites\/2\/2019\/04\/004-394x303.jpg\" class=\"attachment-th_img_sm_landscape size-th_img_sm_landscape\" alt=\"\" srcset=\"https:\/\/tzbaranje.hr\/en\/wp-content\/uploads\/sites\/2\/2019\/04\/004-394x303.jpg 394w, https:\/\/tzbaranje.hr\/en\/wp-content\/uploads\/sites\/2\/2019\/04\/004-605x465.jpg 605w\" sizes=\"(max-width: 394px) 100vw, 394px\" \/><\/a><div class=\"gallery-text\"><div class=\"image-title\">004<\/div><\/div><\/div><div class=\"col-sm-6 col-lg-6\"><a data-toggle=\"lightbox\" data-gallery=\"multiimages\" data-title=\"\"  class=\"thumbnail img-thumbnail\" href='https:\/\/tzbaranje.hr\/en\/wp-content\/uploads\/sites\/2\/2019\/04\/Isabella-von-Habsburg.jpg'><img decoding=\"async\" width=\"394\" height=\"303\" src=\"https:\/\/tzbaranje.hr\/en\/wp-content\/uploads\/sites\/2\/2019\/04\/Isabella-von-Habsburg-394x303.jpg\" class=\"attachment-th_img_sm_landscape size-th_img_sm_landscape\" alt=\"\" \/><\/a><div class=\"gallery-text\"><div class=\"image-title\">Isabella von Habsburg<\/div><\/div><\/div><\/div><div class=\"row gallery-row\"><div class=\"col-sm-6 col-lg-6\"><a data-toggle=\"lightbox\" data-gallery=\"multiimages\" data-title=\"\"  class=\"thumbnail img-thumbnail\" href='https:\/\/tzbaranje.hr\/en\/wp-content\/uploads\/sites\/2\/2019\/04\/Tikves-Revival-zavrsna-konferencija-7.jpg'><img decoding=\"async\" width=\"394\" height=\"303\" src=\"https:\/\/tzbaranje.hr\/en\/wp-content\/uploads\/sites\/2\/2019\/04\/Tikves-Revival-zavrsna-konferencija-7-394x303.jpg\" class=\"attachment-th_img_sm_landscape size-th_img_sm_landscape\" alt=\"\" srcset=\"https:\/\/tzbaranje.hr\/en\/wp-content\/uploads\/sites\/2\/2019\/04\/Tikves-Revival-zavrsna-konferencija-7-394x303.jpg 394w, https:\/\/tzbaranje.hr\/en\/wp-content\/uploads\/sites\/2\/2019\/04\/Tikves-Revival-zavrsna-konferencija-7-605x465.jpg 605w\" sizes=\"(max-width: 394px) 100vw, 394px\" \/><\/a><div class=\"gallery-text\"><div class=\"image-title\">Tikve\u0161 Revival &#8211; zavr\u0161na konferencija-7<\/div><\/div><\/div><div class=\"col-sm-6 col-lg-6\"><a data-toggle=\"lightbox\" data-gallery=\"multiimages\" data-title=\"\"  class=\"thumbnail img-thumbnail\" href='https:\/\/tzbaranje.hr\/en\/wp-content\/uploads\/sites\/2\/2019\/04\/Tikves-Revival-zavrsna-konferencija-8.jpg'><img loading=\"lazy\" decoding=\"async\" width=\"394\" height=\"303\" src=\"https:\/\/tzbaranje.hr\/en\/wp-content\/uploads\/sites\/2\/2019\/04\/Tikves-Revival-zavrsna-konferencija-8-394x303.jpg\" class=\"attachment-th_img_sm_landscape size-th_img_sm_landscape\" alt=\"\" srcset=\"https:\/\/tzbaranje.hr\/en\/wp-content\/uploads\/sites\/2\/2019\/04\/Tikves-Revival-zavrsna-konferencija-8-394x303.jpg 394w, https:\/\/tzbaranje.hr\/en\/wp-content\/uploads\/sites\/2\/2019\/04\/Tikves-Revival-zavrsna-konferencija-8-605x465.jpg 605w\" sizes=\"(max-width: 394px) 100vw, 394px\" \/><\/a><div class=\"gallery-text\"><div class=\"image-title\">Tikve\u0161 Revival &#8211; zavr\u0161na konferencija-8<\/div><\/div><\/div><\/div><div class=\"row gallery-row\"><div class=\"col-sm-6 col-lg-6\"><a data-toggle=\"lightbox\" data-gallery=\"multiimages\" data-title=\"\"  class=\"thumbnail img-thumbnail\" href='https:\/\/tzbaranje.hr\/en\/wp-content\/uploads\/sites\/2\/2019\/04\/Tikves-Revival-zavrsna-konferencija-10.jpg'><img loading=\"lazy\" decoding=\"async\" width=\"394\" height=\"303\" src=\"https:\/\/tzbaranje.hr\/en\/wp-content\/uploads\/sites\/2\/2019\/04\/Tikves-Revival-zavrsna-konferencija-10-394x303.jpg\" class=\"attachment-th_img_sm_landscape size-th_img_sm_landscape\" alt=\"\" srcset=\"https:\/\/tzbaranje.hr\/en\/wp-content\/uploads\/sites\/2\/2019\/04\/Tikves-Revival-zavrsna-konferencija-10-394x303.jpg 394w, https:\/\/tzbaranje.hr\/en\/wp-content\/uploads\/sites\/2\/2019\/04\/Tikves-Revival-zavrsna-konferencija-10-605x465.jpg 605w\" sizes=\"(max-width: 394px) 100vw, 394px\" \/><\/a><div class=\"gallery-text\"><div class=\"image-title\">Tikve\u0161 Revival &#8211; zavr\u0161na konferencija-10<\/div><\/div><\/div><div class=\"col-sm-6 col-lg-6\"><a data-toggle=\"lightbox\" data-gallery=\"multiimages\" data-title=\"\"  class=\"thumbnail img-thumbnail\" href='https:\/\/tzbaranje.hr\/en\/wp-content\/uploads\/sites\/2\/2019\/04\/Tikves-Revival-zavrsna-konferencija-12.jpg'><img loading=\"lazy\" decoding=\"async\" width=\"394\" height=\"303\" src=\"https:\/\/tzbaranje.hr\/en\/wp-content\/uploads\/sites\/2\/2019\/04\/Tikves-Revival-zavrsna-konferencija-12-394x303.jpg\" class=\"attachment-th_img_sm_landscape size-th_img_sm_landscape\" alt=\"\" srcset=\"https:\/\/tzbaranje.hr\/en\/wp-content\/uploads\/sites\/2\/2019\/04\/Tikves-Revival-zavrsna-konferencija-12-394x303.jpg 394w, https:\/\/tzbaranje.hr\/en\/wp-content\/uploads\/sites\/2\/2019\/04\/Tikves-Revival-zavrsna-konferencija-12-605x465.jpg 605w\" sizes=\"(max-width: 394px) 100vw, 394px\" \/><\/a><div class=\"gallery-text\"><div class=\"image-title\">Tikve\u0161 Revival &#8211; zavr\u0161na konferencija-12<\/div><\/div><\/div><\/div><div class=\"row gallery-row\"><div class=\"col-sm-6 col-lg-6\"><a data-toggle=\"lightbox\" data-gallery=\"multiimages\" data-title=\"\"  class=\"thumbnail img-thumbnail\" href='https:\/\/tzbaranje.hr\/en\/wp-content\/uploads\/sites\/2\/2019\/04\/Tikves-Revival-zavrsna-konferencija-32.jpg'><img loading=\"lazy\" decoding=\"async\" width=\"394\" height=\"303\" src=\"https:\/\/tzbaranje.hr\/en\/wp-content\/uploads\/sites\/2\/2019\/04\/Tikves-Revival-zavrsna-konferencija-32-394x303.jpg\" class=\"attachment-th_img_sm_landscape size-th_img_sm_landscape\" alt=\"\" srcset=\"https:\/\/tzbaranje.hr\/en\/wp-content\/uploads\/sites\/2\/2019\/04\/Tikves-Revival-zavrsna-konferencija-32-394x303.jpg 394w, https:\/\/tzbaranje.hr\/en\/wp-content\/uploads\/sites\/2\/2019\/04\/Tikves-Revival-zavrsna-konferencija-32-605x465.jpg 605w\" sizes=\"(max-width: 394px) 100vw, 394px\" \/><\/a><div class=\"gallery-text\"><div class=\"image-title\">Tikve\u0161 Revival &#8211; zavr\u0161na konferencija-32<\/div><\/div><\/div><div class=\"col-sm-6 col-lg-6\"><a data-toggle=\"lightbox\" data-gallery=\"multiimages\" data-title=\"\"  class=\"thumbnail img-thumbnail\" href='https:\/\/tzbaranje.hr\/en\/wp-content\/uploads\/sites\/2\/2019\/04\/Tikves11.jpg'><img loading=\"lazy\" decoding=\"async\" width=\"394\" height=\"303\" src=\"https:\/\/tzbaranje.hr\/en\/wp-content\/uploads\/sites\/2\/2019\/04\/Tikves11-394x303.jpg\" class=\"attachment-th_img_sm_landscape size-th_img_sm_landscape\" alt=\"\" srcset=\"https:\/\/tzbaranje.hr\/en\/wp-content\/uploads\/sites\/2\/2019\/04\/Tikves11-394x303.jpg 394w, https:\/\/tzbaranje.hr\/en\/wp-content\/uploads\/sites\/2\/2019\/04\/Tikves11-605x465.jpg 605w\" sizes=\"(max-width: 394px) 100vw, 394px\" \/><\/a><div class=\"gallery-text\"><div class=\"image-title\">Tikves11<\/div><\/div><\/div><\/div><div class=\"row gallery-row\"><div class=\"col-sm-6 col-lg-6\"><a data-toggle=\"lightbox\" data-gallery=\"multiimages\" data-title=\"\"  class=\"thumbnail img-thumbnail\" href='https:\/\/tzbaranje.hr\/en\/wp-content\/uploads\/sites\/2\/2019\/04\/Tikves12.jpg'><img loading=\"lazy\" decoding=\"async\" width=\"394\" height=\"303\" src=\"https:\/\/tzbaranje.hr\/en\/wp-content\/uploads\/sites\/2\/2019\/04\/Tikves12-394x303.jpg\" class=\"attachment-th_img_sm_landscape size-th_img_sm_landscape\" alt=\"\" srcset=\"https:\/\/tzbaranje.hr\/en\/wp-content\/uploads\/sites\/2\/2019\/04\/Tikves12-394x303.jpg 394w, https:\/\/tzbaranje.hr\/en\/wp-content\/uploads\/sites\/2\/2019\/04\/Tikves12-605x465.jpg 605w\" sizes=\"(max-width: 394px) 100vw, 394px\" \/><\/a><div class=\"gallery-text\"><div class=\"image-title\">Tikves12<\/div><\/div><\/div><div class=\"col-sm-6 col-lg-6\"><a data-toggle=\"lightbox\" data-gallery=\"multiimages\" data-title=\"\"  class=\"thumbnail img-thumbnail\" href='https:\/\/tzbaranje.hr\/en\/wp-content\/uploads\/sites\/2\/2019\/04\/Tikves13.jpg'><img loading=\"lazy\" decoding=\"async\" width=\"394\" height=\"303\" src=\"https:\/\/tzbaranje.hr\/en\/wp-content\/uploads\/sites\/2\/2019\/04\/Tikves13-394x303.jpg\" class=\"attachment-th_img_sm_landscape size-th_img_sm_landscape\" alt=\"\" srcset=\"https:\/\/tzbaranje.hr\/en\/wp-content\/uploads\/sites\/2\/2019\/04\/Tikves13-394x303.jpg 394w, https:\/\/tzbaranje.hr\/en\/wp-content\/uploads\/sites\/2\/2019\/04\/Tikves13-605x465.jpg 605w\" sizes=\"(max-width: 394px) 100vw, 394px\" \/><\/a><div class=\"gallery-text\"><div class=\"image-title\">Tikves13<\/div><\/div><\/div><\/div><div class=\"row gallery-row\"><div class=\"col-sm-6 col-lg-6\"><a data-toggle=\"lightbox\" data-gallery=\"multiimages\" data-title=\"\"  class=\"thumbnail img-thumbnail\" href='https:\/\/tzbaranje.hr\/en\/wp-content\/uploads\/sites\/2\/2019\/04\/Tikves16.jpg'><img loading=\"lazy\" decoding=\"async\" width=\"394\" height=\"303\" src=\"https:\/\/tzbaranje.hr\/en\/wp-content\/uploads\/sites\/2\/2019\/04\/Tikves16-394x303.jpg\" class=\"attachment-th_img_sm_landscape size-th_img_sm_landscape\" alt=\"\" srcset=\"https:\/\/tzbaranje.hr\/en\/wp-content\/uploads\/sites\/2\/2019\/04\/Tikves16-394x303.jpg 394w, https:\/\/tzbaranje.hr\/en\/wp-content\/uploads\/sites\/2\/2019\/04\/Tikves16-605x465.jpg 605w\" sizes=\"(max-width: 394px) 100vw, 394px\" \/><\/a><div class=\"gallery-text\"><div class=\"image-title\">Tikves16<\/div><\/div><\/div><div class=\"col-sm-6 col-lg-6\"><a data-toggle=\"lightbox\" data-gallery=\"multiimages\" data-title=\"\"  class=\"thumbnail img-thumbnail\" href='https:\/\/tzbaranje.hr\/en\/wp-content\/uploads\/sites\/2\/2019\/04\/Tikves28.jpg'><img loading=\"lazy\" decoding=\"async\" width=\"394\" height=\"303\" src=\"https:\/\/tzbaranje.hr\/en\/wp-content\/uploads\/sites\/2\/2019\/04\/Tikves28-394x303.jpg\" class=\"attachment-th_img_sm_landscape size-th_img_sm_landscape\" alt=\"\" srcset=\"https:\/\/tzbaranje.hr\/en\/wp-content\/uploads\/sites\/2\/2019\/04\/Tikves28-394x303.jpg 394w, https:\/\/tzbaranje.hr\/en\/wp-content\/uploads\/sites\/2\/2019\/04\/Tikves28-605x465.jpg 605w\" sizes=\"(max-width: 394px) 100vw, 394px\" \/><\/a><div class=\"gallery-text\"><div class=\"image-title\">Tikves28<\/div><\/div><\/div><\/div><\/div>\t\t<\/div>\n\t\t\t\t<\/div>\n\t\t\t\t<\/div>\n\t\t\t\t\t<\/div>\n\t\t<\/div>\n\t\t\t\t\t<\/div>\n\t\t<\/section>\n\t\t\t\t<section class=\"elementor-section elementor-top-section elementor-element elementor-element-0b54698 elementor-section-boxed elementor-section-height-default elementor-section-height-default\" data-id=\"0b54698\" data-element_type=\"section\">\n\t\t\t\t\t\t<div class=\"elementor-container elementor-column-gap-default\">\n\t\t\t\t\t<div class=\"elementor-column elementor-col-100 elementor-top-column elementor-element elementor-element-a7dcca2\" data-id=\"a7dcca2\" data-element_type=\"column\">\n\t\t\t<div class=\"elementor-widget-wrap elementor-element-populated\">\n\t\t\t\t\t\t<div class=\"elementor-element elementor-element-0bb5e91 elementor-widget elementor-widget-spacer\" data-id=\"0bb5e91\" data-element_type=\"widget\" data-widget_type=\"spacer.default\">\n\t\t\t\t<div class=\"elementor-widget-container\">\n\t\t\t\t\t<div class=\"elementor-spacer\">\n\t\t\t<div class=\"elementor-spacer-inner\"><\/div>\n\t\t<\/div>\n\t\t\t\t<\/div>\n\t\t\t\t<\/div>\n\t\t\t\t\t<\/div>\n\t\t<\/div>\n\t\t\t\t\t<\/div>\n\t\t<\/section>\n\t\t\t\t<\/div>\n\t\t","protected":false},"excerpt":{"rendered":"<p>Tikve\u0161 Presentation and Education Center It was built in the spirit of Romantic Historicism in the second half of the 19th century. Around the castle, there is a park and promenade connected to a hunting villa built in the manner &hellip; <a href=\"https:\/\/tzbaranje.hr\/en\/experience\/cultural-sights\/castle-tikves\/\">Read More<\/a><\/p>\n","protected":false},"author":1,"featured_media":0,"parent":407,"menu_order":0,"comment_status":"closed","ping_status":"closed","template":"","meta":{"footnotes":""},"class_list":["post-456","page","type-page","status-publish","hentry"],"yoast_head":"<!-- This site is optimized with the Yoast SEO plugin v27.0 - https:\/\/yoast.com\/product\/yoast-seo-wordpress\/ -->\n<title>Castle Tikve\u0161 - Visit Baranja<\/title>\n<meta name=\"robots\" content=\"index, follow, max-snippet:-1, max-image-preview:large, max-video-preview:-1\" \/>\n<link rel=\"canonical\" href=\"https:\/\/tzbaranje.hr\/en\/experience\/cultural-sights\/castle-tikves\/\" \/>\n<meta property=\"og:locale\" content=\"en_US\" \/>\n<meta property=\"og:type\" content=\"article\" \/>\n<meta property=\"og:title\" content=\"Castle Tikve\u0161 - Visit Baranja\" \/>\n<meta property=\"og:description\" content=\"Tikve\u0161 Presentation and Education Center It was built in the spirit of Romantic Historicism in the second half of the 19th century. Around the castle, there is a park and promenade connected to a hunting villa built in the manner &hellip; Read More\" \/>\n<meta property=\"og:url\" content=\"https:\/\/tzbaranje.hr\/en\/experience\/cultural-sights\/castle-tikves\/\" \/>\n<meta property=\"og:site_name\" content=\"Visit Baranja\" \/>\n<meta property=\"article:modified_time\" content=\"2022-11-18T19:07:58+00:00\" \/>\n<meta property=\"og:image\" content=\"https:\/\/tzbaranje.hr\/en\/wp-content\/uploads\/sites\/2\/2019\/04\/004-394x303.jpg\" \/>\n<meta name=\"twitter:card\" content=\"summary_large_image\" \/>\n<meta name=\"twitter:label1\" content=\"Est. reading time\" \/>\n\t<meta name=\"twitter:data1\" content=\"4 minutes\" \/>\n<script type=\"application\/ld+json\" class=\"yoast-schema-graph\">{\"@context\":\"https:\/\/schema.org\",\"@graph\":[{\"@type\":\"WebPage\",\"@id\":\"https:\/\/tzbaranje.hr\/en\/experience\/cultural-sights\/castle-tikves\/\",\"url\":\"https:\/\/tzbaranje.hr\/en\/experience\/cultural-sights\/castle-tikves\/\",\"name\":\"Castle Tikve\u0161 - Visit Baranja\",\"isPartOf\":{\"@id\":\"https:\/\/tzbaranje.hr\/en\/#website\"},\"primaryImageOfPage\":{\"@id\":\"https:\/\/tzbaranje.hr\/en\/experience\/cultural-sights\/castle-tikves\/#primaryimage\"},\"image\":{\"@id\":\"https:\/\/tzbaranje.hr\/en\/experience\/cultural-sights\/castle-tikves\/#primaryimage\"},\"thumbnailUrl\":\"https:\/\/tzbaranje.hr\/en\/wp-content\/uploads\/sites\/2\/2019\/04\/004-394x303.jpg\",\"datePublished\":\"2019-06-05T15:55:14+00:00\",\"dateModified\":\"2022-11-18T19:07:58+00:00\",\"breadcrumb\":{\"@id\":\"https:\/\/tzbaranje.hr\/en\/experience\/cultural-sights\/castle-tikves\/#breadcrumb\"},\"inLanguage\":\"en-US\",\"potentialAction\":[{\"@type\":\"ReadAction\",\"target\":[\"https:\/\/tzbaranje.hr\/en\/experience\/cultural-sights\/castle-tikves\/\"]}]},{\"@type\":\"ImageObject\",\"inLanguage\":\"en-US\",\"@id\":\"https:\/\/tzbaranje.hr\/en\/experience\/cultural-sights\/castle-tikves\/#primaryimage\",\"url\":\"https:\/\/tzbaranje.hr\/en\/wp-content\/uploads\/sites\/2\/2019\/04\/004.jpg\",\"contentUrl\":\"https:\/\/tzbaranje.hr\/en\/wp-content\/uploads\/sites\/2\/2019\/04\/004.jpg\",\"width\":1000,\"height\":561},{\"@type\":\"BreadcrumbList\",\"@id\":\"https:\/\/tzbaranje.hr\/en\/experience\/cultural-sights\/castle-tikves\/#breadcrumb\",\"itemListElement\":[{\"@type\":\"ListItem\",\"position\":1,\"name\":\"Po\u010detna stranica\",\"item\":\"https:\/\/tzbaranje.hr\/en\/\"},{\"@type\":\"ListItem\",\"position\":2,\"name\":\"Experience\",\"item\":\"https:\/\/tzbaranje.hr\/en\/experience\/\"},{\"@type\":\"ListItem\",\"position\":3,\"name\":\"Cultural sights\",\"item\":\"https:\/\/tzbaranje.hr\/en\/experience\/cultural-sights\/\"},{\"@type\":\"ListItem\",\"position\":4,\"name\":\"Castle Tikve\u0161\"}]},{\"@type\":\"WebSite\",\"@id\":\"https:\/\/tzbaranje.hr\/en\/#website\",\"url\":\"https:\/\/tzbaranje.hr\/en\/\",\"name\":\"Visit Baranja\",\"description\":\"\",\"potentialAction\":[{\"@type\":\"SearchAction\",\"target\":{\"@type\":\"EntryPoint\",\"urlTemplate\":\"https:\/\/tzbaranje.hr\/en\/?s={search_term_string}\"},\"query-input\":{\"@type\":\"PropertyValueSpecification\",\"valueRequired\":true,\"valueName\":\"search_term_string\"}}],\"inLanguage\":\"en-US\"}]}<\/script>\n<!-- \/ Yoast SEO plugin. -->","yoast_head_json":{"title":"Castle Tikve\u0161 - Visit Baranja","robots":{"index":"index","follow":"follow","max-snippet":"max-snippet:-1","max-image-preview":"max-image-preview:large","max-video-preview":"max-video-preview:-1"},"canonical":"https:\/\/tzbaranje.hr\/en\/experience\/cultural-sights\/castle-tikves\/","og_locale":"en_US","og_type":"article","og_title":"Castle Tikve\u0161 - Visit Baranja","og_description":"Tikve\u0161 Presentation and Education Center It was built in the spirit of Romantic Historicism in the second half of the 19th century. Around the castle, there is a park and promenade connected to a hunting villa built in the manner &hellip; Read More","og_url":"https:\/\/tzbaranje.hr\/en\/experience\/cultural-sights\/castle-tikves\/","og_site_name":"Visit Baranja","article_modified_time":"2022-11-18T19:07:58+00:00","og_image":[{"url":"https:\/\/tzbaranje.hr\/en\/wp-content\/uploads\/sites\/2\/2019\/04\/004-394x303.jpg","type":"","width":"","height":""}],"twitter_card":"summary_large_image","twitter_misc":{"Est. reading time":"4 minutes"},"schema":{"@context":"https:\/\/schema.org","@graph":[{"@type":"WebPage","@id":"https:\/\/tzbaranje.hr\/en\/experience\/cultural-sights\/castle-tikves\/","url":"https:\/\/tzbaranje.hr\/en\/experience\/cultural-sights\/castle-tikves\/","name":"Castle Tikve\u0161 - Visit Baranja","isPartOf":{"@id":"https:\/\/tzbaranje.hr\/en\/#website"},"primaryImageOfPage":{"@id":"https:\/\/tzbaranje.hr\/en\/experience\/cultural-sights\/castle-tikves\/#primaryimage"},"image":{"@id":"https:\/\/tzbaranje.hr\/en\/experience\/cultural-sights\/castle-tikves\/#primaryimage"},"thumbnailUrl":"https:\/\/tzbaranje.hr\/en\/wp-content\/uploads\/sites\/2\/2019\/04\/004-394x303.jpg","datePublished":"2019-06-05T15:55:14+00:00","dateModified":"2022-11-18T19:07:58+00:00","breadcrumb":{"@id":"https:\/\/tzbaranje.hr\/en\/experience\/cultural-sights\/castle-tikves\/#breadcrumb"},"inLanguage":"en-US","potentialAction":[{"@type":"ReadAction","target":["https:\/\/tzbaranje.hr\/en\/experience\/cultural-sights\/castle-tikves\/"]}]},{"@type":"ImageObject","inLanguage":"en-US","@id":"https:\/\/tzbaranje.hr\/en\/experience\/cultural-sights\/castle-tikves\/#primaryimage","url":"https:\/\/tzbaranje.hr\/en\/wp-content\/uploads\/sites\/2\/2019\/04\/004.jpg","contentUrl":"https:\/\/tzbaranje.hr\/en\/wp-content\/uploads\/sites\/2\/2019\/04\/004.jpg","width":1000,"height":561},{"@type":"BreadcrumbList","@id":"https:\/\/tzbaranje.hr\/en\/experience\/cultural-sights\/castle-tikves\/#breadcrumb","itemListElement":[{"@type":"ListItem","position":1,"name":"Po\u010detna stranica","item":"https:\/\/tzbaranje.hr\/en\/"},{"@type":"ListItem","position":2,"name":"Experience","item":"https:\/\/tzbaranje.hr\/en\/experience\/"},{"@type":"ListItem","position":3,"name":"Cultural sights","item":"https:\/\/tzbaranje.hr\/en\/experience\/cultural-sights\/"},{"@type":"ListItem","position":4,"name":"Castle Tikve\u0161"}]},{"@type":"WebSite","@id":"https:\/\/tzbaranje.hr\/en\/#website","url":"https:\/\/tzbaranje.hr\/en\/","name":"Visit Baranja","description":"","potentialAction":[{"@type":"SearchAction","target":{"@type":"EntryPoint","urlTemplate":"https:\/\/tzbaranje.hr\/en\/?s={search_term_string}"},"query-input":{"@type":"PropertyValueSpecification","valueRequired":true,"valueName":"search_term_string"}}],"inLanguage":"en-US"}]}},"_links":{"self":[{"href":"https:\/\/tzbaranje.hr\/en\/wp-json\/wp\/v2\/pages\/456","targetHints":{"allow":["GET"]}}],"collection":[{"href":"https:\/\/tzbaranje.hr\/en\/wp-json\/wp\/v2\/pages"}],"about":[{"href":"https:\/\/tzbaranje.hr\/en\/wp-json\/wp\/v2\/types\/page"}],"author":[{"embeddable":true,"href":"https:\/\/tzbaranje.hr\/en\/wp-json\/wp\/v2\/users\/1"}],"replies":[{"embeddable":true,"href":"https:\/\/tzbaranje.hr\/en\/wp-json\/wp\/v2\/comments?post=456"}],"version-history":[{"count":14,"href":"https:\/\/tzbaranje.hr\/en\/wp-json\/wp\/v2\/pages\/456\/revisions"}],"predecessor-version":[{"id":11699,"href":"https:\/\/tzbaranje.hr\/en\/wp-json\/wp\/v2\/pages\/456\/revisions\/11699"}],"up":[{"embeddable":true,"href":"https:\/\/tzbaranje.hr\/en\/wp-json\/wp\/v2\/pages\/407"}],"wp:attachment":[{"href":"https:\/\/tzbaranje.hr\/en\/wp-json\/wp\/v2\/media?parent=456"}],"curies":[{"name":"wp","href":"https:\/\/api.w.org\/{rel}","templated":true}]}}