{"id":331,"date":"2019-05-04T14:02:15","date_gmt":"2019-05-04T12:02:15","guid":{"rendered":"http:\/\/tzbaranje.hr\/en\/?page_id=331"},"modified":"2019-09-16T01:37:53","modified_gmt":"2019-09-15T23:37:53","slug":"impressum","status":"publish","type":"page","link":"https:\/\/tzbaranje.hr\/en\/impressum\/","title":{"rendered":"Impressum"},"content":{"rendered":"\t\t<div data-elementor-type=\"wp-post\" data-elementor-id=\"331\" class=\"elementor elementor-331\">\n\t\t\t\t\t\t<section class=\"elementor-section elementor-top-section elementor-element elementor-element-3b26d6b elementor-section-boxed elementor-section-height-default elementor-section-height-default\" data-id=\"3b26d6b\" data-element_type=\"section\">\n\t\t\t\t\t\t<div class=\"elementor-container elementor-column-gap-default\">\n\t\t\t\t\t<div class=\"elementor-column elementor-col-100 elementor-top-column elementor-element elementor-element-e856e31\" data-id=\"e856e31\" data-element_type=\"column\">\n\t\t\t<div class=\"elementor-widget-wrap elementor-element-populated\">\n\t\t\t\t\t\t<div class=\"elementor-element elementor-element-cd1a703 elementor-widget elementor-widget-spacer\" data-id=\"cd1a703\" data-element_type=\"widget\" data-widget_type=\"spacer.default\">\n\t\t\t\t<div class=\"elementor-widget-container\">\n\t\t\t\t\t<div class=\"elementor-spacer\">\n\t\t\t<div class=\"elementor-spacer-inner\"><\/div>\n\t\t<\/div>\n\t\t\t\t<\/div>\n\t\t\t\t<\/div>\n\t\t\t\t\t<\/div>\n\t\t<\/div>\n\t\t\t\t\t<\/div>\n\t\t<\/section>\n\t\t\t\t<section class=\"elementor-section elementor-top-section elementor-element elementor-element-2ba2a88 elementor-section-boxed elementor-section-height-default elementor-section-height-default\" data-id=\"2ba2a88\" data-element_type=\"section\">\n\t\t\t\t\t\t<div class=\"elementor-container elementor-column-gap-default\">\n\t\t\t\t\t<div class=\"elementor-column elementor-col-100 elementor-top-column elementor-element elementor-element-2df98f0\" data-id=\"2df98f0\" data-element_type=\"column\">\n\t\t\t<div class=\"elementor-widget-wrap elementor-element-populated\">\n\t\t\t\t\t\t<div class=\"elementor-element elementor-element-2083084 elementor-tabs-view-horizontal elementor-widget elementor-widget-tabs\" data-id=\"2083084\" data-element_type=\"widget\" data-widget_type=\"tabs.default\">\n\t\t\t\t<div class=\"elementor-widget-container\">\n\t\t\t\t\t<div class=\"elementor-tabs\">\n\t\t\t<div class=\"elementor-tabs-wrapper\" role=\"tablist\" >\n\t\t\t\t\t\t\t\t\t<div id=\"elementor-tab-title-3401\" class=\"elementor-tab-title elementor-tab-desktop-title\" aria-selected=\"true\" data-tab=\"1\" role=\"tab\" tabindex=\"0\" aria-controls=\"elementor-tab-content-3401\" aria-expanded=\"false\">Tourist Board of Baranja<\/div>\n\t\t\t\t\t\t\t\t\t<div id=\"elementor-tab-title-3402\" class=\"elementor-tab-title elementor-tab-desktop-title\" aria-selected=\"false\" data-tab=\"2\" role=\"tab\" tabindex=\"-1\" aria-controls=\"elementor-tab-content-3402\" aria-expanded=\"false\">Photography<\/div>\n\t\t\t\t\t\t\t\t\t<div id=\"elementor-tab-title-3403\" class=\"elementor-tab-title elementor-tab-desktop-title\" aria-selected=\"false\" data-tab=\"3\" role=\"tab\" tabindex=\"-1\" aria-controls=\"elementor-tab-content-3403\" aria-expanded=\"false\">Icons<\/div>\n\t\t\t\t\t\t\t\t\t<div id=\"elementor-tab-title-3404\" class=\"elementor-tab-title elementor-tab-desktop-title\" aria-selected=\"false\" data-tab=\"4\" role=\"tab\" tabindex=\"-1\" aria-controls=\"elementor-tab-content-3404\" aria-expanded=\"false\">Theme<\/div>\n\t\t\t\t\t\t\t<\/div>\n\t\t\t<div class=\"elementor-tabs-content-wrapper\" role=\"tablist\" aria-orientation=\"vertical\">\n\t\t\t\t\t\t\t\t\t<div class=\"elementor-tab-title elementor-tab-mobile-title\" aria-selected=\"true\" data-tab=\"1\" role=\"tab\" tabindex=\"0\" aria-controls=\"elementor-tab-content-3401\" aria-expanded=\"false\">Tourist Board of Baranja<\/div>\n\t\t\t\t\t<div id=\"elementor-tab-content-3401\" class=\"elementor-tab-content elementor-clearfix\" data-tab=\"1\" role=\"tabpanel\" aria-labelledby=\"elementor-tab-title-3401\" tabindex=\"0\" hidden=\"false\"><h5 id=\"KnM9nf\">Employees:<\/h5><ul><li>Matej Perku\u0161i\u0107, director<\/li><li>\u017deljka Bagari\u0107, senior associate<\/li><li>Jasmina Dobo\u0161, professional associate<\/li><li>Jovana Popovi\u0107, administrative referent<\/li><\/ul><div class=\"QmZWSe\"><div class=\"DHcWmd\">\u00a0<\/div><\/div><\/div>\n\t\t\t\t\t\t\t\t\t<div class=\"elementor-tab-title elementor-tab-mobile-title\" aria-selected=\"false\" data-tab=\"2\" role=\"tab\" tabindex=\"-1\" aria-controls=\"elementor-tab-content-3402\" aria-expanded=\"false\">Photography<\/div>\n\t\t\t\t\t<div id=\"elementor-tab-content-3402\" class=\"elementor-tab-content elementor-clearfix\" data-tab=\"2\" role=\"tabpanel\" aria-labelledby=\"elementor-tab-title-3402\" tabindex=\"0\" hidden=\"hidden\"><ul><li>Dubravko Franjin i Nenad Mili\u0107, Stivek j.d.o.o.<\/li><\/ul><\/div>\n\t\t\t\t\t\t\t\t\t<div class=\"elementor-tab-title elementor-tab-mobile-title\" aria-selected=\"false\" data-tab=\"3\" role=\"tab\" tabindex=\"-1\" aria-controls=\"elementor-tab-content-3403\" aria-expanded=\"false\">Icons<\/div>\n\t\t\t\t\t<div id=\"elementor-tab-content-3403\" class=\"elementor-tab-content elementor-clearfix\" data-tab=\"3\" role=\"tabpanel\" aria-labelledby=\"elementor-tab-title-3403\" tabindex=\"0\" hidden=\"hidden\"><ul>\n<li>Icons made by <a title=\"Smashicons\" href=\"https:\/\/www.flaticon.com\/authors\/smashicons\">Smashicons<\/a> from <a title=\"Flaticon\" href=\"https:\/\/www.flaticon.com\/\">www.flaticon.com<\/a> is licensed by <a title=\"Creative Commons BY 3.0\" href=\"http:\/\/creativecommons.org\/licenses\/by\/3.0\/\" target=\"_blank\" rel=\"noopener\">CC 3.0 BY<\/a><\/li>\n<li>Icons made by <a title=\"Freepik\" href=\"https:\/\/www.freepik.com\/\">Freepik<\/a> from <a title=\"Flaticon\" href=\"https:\/\/www.flaticon.com\/\">www.flaticon.com<\/a> is licensed by <a title=\"Creative Commons BY 3.0\" href=\"http:\/\/creativecommons.org\/licenses\/by\/3.0\/\" target=\"_blank\" rel=\"noopener\">CC 3.0 BY<\/a><\/li>\n<li>https:\/\/icons8.com<\/li>\n<\/ul><\/div>\n\t\t\t\t\t\t\t\t\t<div class=\"elementor-tab-title elementor-tab-mobile-title\" aria-selected=\"false\" data-tab=\"4\" role=\"tab\" tabindex=\"-1\" aria-controls=\"elementor-tab-content-3404\" aria-expanded=\"false\">Theme<\/div>\n\t\t\t\t\t<div id=\"elementor-tab-content-3404\" class=\"elementor-tab-content elementor-clearfix\" data-tab=\"4\" role=\"tabpanel\" aria-labelledby=\"elementor-tab-title-3404\" tabindex=\"0\" hidden=\"hidden\"><p>Embark theme by <a href=\"http:\/\/themovation.com\" target=\"_blank\" rel=\"noopener\">Themovation<\/a><\/p><\/div>\n\t\t\t\t\t\t\t<\/div>\n\t\t<\/div>\n\t\t\t\t<\/div>\n\t\t\t\t<\/div>\n\t\t\t\t\t<\/div>\n\t\t<\/div>\n\t\t\t\t\t<\/div>\n\t\t<\/section>\n\t\t\t\t<section class=\"elementor-section elementor-top-section elementor-element elementor-element-36be736 elementor-section-boxed elementor-section-height-default elementor-section-height-default\" data-id=\"36be736\" data-element_type=\"section\">\n\t\t\t\t\t\t<div class=\"elementor-container elementor-column-gap-default\">\n\t\t\t\t\t<div class=\"elementor-column elementor-col-100 elementor-top-column elementor-element elementor-element-4fb58b7\" data-id=\"4fb58b7\" data-element_type=\"column\">\n\t\t\t<div class=\"elementor-widget-wrap elementor-element-populated\">\n\t\t\t\t\t\t<div class=\"elementor-element elementor-element-b712f19 elementor-widget elementor-widget-spacer\" data-id=\"b712f19\" data-element_type=\"widget\" data-widget_type=\"spacer.default\">\n\t\t\t\t<div class=\"elementor-widget-container\">\n\t\t\t\t\t<div class=\"elementor-spacer\">\n\t\t\t<div class=\"elementor-spacer-inner\"><\/div>\n\t\t<\/div>\n\t\t\t\t<\/div>\n\t\t\t\t<\/div>\n\t\t\t\t\t<\/div>\n\t\t<\/div>\n\t\t\t\t\t<\/div>\n\t\t<\/section>\n\t\t\t\t<\/div>\n\t\t","protected":false},"excerpt":{"rendered":"<p>Tourist Board of Baranja Photography Icons Theme Tourist Board of Baranja Employees: Matej Perku\u0161i\u0107, director \u017deljka Bagari\u0107, senior associate Jasmina Dobo\u0161, professional associate Jovana Popovi\u0107, administrative referent \u00a0 Photography Dubravko Franjin i Nenad Mili\u0107, Stivek j.d.o.o. Icons Icons made by &hellip; <a href=\"https:\/\/tzbaranje.hr\/en\/impressum\/\">Read More<\/a><\/p>\n","protected":false},"author":1,"featured_media":0,"parent":0,"menu_order":0,"comment_status":"closed","ping_status":"closed","template":"","meta":{"footnotes":""},"class_list":["post-331","page","type-page","status-publish","hentry"],"yoast_head":"<!-- This site is optimized with the Yoast SEO plugin v27.0 - https:\/\/yoast.com\/product\/yoast-seo-wordpress\/ -->\n<title>Impressum - Visit Baranja<\/title>\n<meta name=\"robots\" content=\"index, follow, max-snippet:-1, max-image-preview:large, max-video-preview:-1\" \/>\n<link rel=\"canonical\" href=\"https:\/\/tzbaranje.hr\/en\/impressum\/\" \/>\n<meta property=\"og:locale\" content=\"en_US\" \/>\n<meta property=\"og:type\" content=\"article\" \/>\n<meta property=\"og:title\" content=\"Impressum - Visit Baranja\" \/>\n<meta property=\"og:description\" content=\"Tourist Board of Baranja Photography Icons Theme Tourist Board of Baranja Employees: Matej Perku\u0161i\u0107, director \u017deljka Bagari\u0107, senior associate Jasmina Dobo\u0161, professional associate Jovana Popovi\u0107, administrative referent \u00a0 Photography Dubravko Franjin i Nenad Mili\u0107, Stivek j.d.o.o. Icons Icons made by &hellip; Read More\" \/>\n<meta property=\"og:url\" content=\"https:\/\/tzbaranje.hr\/en\/impressum\/\" \/>\n<meta property=\"og:site_name\" content=\"Visit Baranja\" \/>\n<meta property=\"article:modified_time\" content=\"2019-09-15T23:37:53+00:00\" \/>\n<meta name=\"twitter:card\" content=\"summary_large_image\" \/>\n<script type=\"application\/ld+json\" class=\"yoast-schema-graph\">{\"@context\":\"https:\/\/schema.org\",\"@graph\":[{\"@type\":\"WebPage\",\"@id\":\"https:\/\/tzbaranje.hr\/en\/impressum\/\",\"url\":\"https:\/\/tzbaranje.hr\/en\/impressum\/\",\"name\":\"Impressum - Visit Baranja\",\"isPartOf\":{\"@id\":\"https:\/\/tzbaranje.hr\/en\/#website\"},\"datePublished\":\"2019-05-04T12:02:15+00:00\",\"dateModified\":\"2019-09-15T23:37:53+00:00\",\"breadcrumb\":{\"@id\":\"https:\/\/tzbaranje.hr\/en\/impressum\/#breadcrumb\"},\"inLanguage\":\"en-US\",\"potentialAction\":[{\"@type\":\"ReadAction\",\"target\":[\"https:\/\/tzbaranje.hr\/en\/impressum\/\"]}]},{\"@type\":\"BreadcrumbList\",\"@id\":\"https:\/\/tzbaranje.hr\/en\/impressum\/#breadcrumb\",\"itemListElement\":[{\"@type\":\"ListItem\",\"position\":1,\"name\":\"Po\u010detna stranica\",\"item\":\"https:\/\/tzbaranje.hr\/en\/\"},{\"@type\":\"ListItem\",\"position\":2,\"name\":\"Impressum\"}]},{\"@type\":\"WebSite\",\"@id\":\"https:\/\/tzbaranje.hr\/en\/#website\",\"url\":\"https:\/\/tzbaranje.hr\/en\/\",\"name\":\"Visit Baranja\",\"description\":\"\",\"potentialAction\":[{\"@type\":\"SearchAction\",\"target\":{\"@type\":\"EntryPoint\",\"urlTemplate\":\"https:\/\/tzbaranje.hr\/en\/?s={search_term_string}\"},\"query-input\":{\"@type\":\"PropertyValueSpecification\",\"valueRequired\":true,\"valueName\":\"search_term_string\"}}],\"inLanguage\":\"en-US\"}]}<\/script>\n<!-- \/ Yoast SEO plugin. -->","yoast_head_json":{"title":"Impressum - Visit Baranja","robots":{"index":"index","follow":"follow","max-snippet":"max-snippet:-1","max-image-preview":"max-image-preview:large","max-video-preview":"max-video-preview:-1"},"canonical":"https:\/\/tzbaranje.hr\/en\/impressum\/","og_locale":"en_US","og_type":"article","og_title":"Impressum - Visit Baranja","og_description":"Tourist Board of Baranja Photography Icons Theme Tourist Board of Baranja Employees: Matej Perku\u0161i\u0107, director \u017deljka Bagari\u0107, senior associate Jasmina Dobo\u0161, professional associate Jovana Popovi\u0107, administrative referent \u00a0 Photography Dubravko Franjin i Nenad Mili\u0107, Stivek j.d.o.o. Icons Icons made by &hellip; Read More","og_url":"https:\/\/tzbaranje.hr\/en\/impressum\/","og_site_name":"Visit Baranja","article_modified_time":"2019-09-15T23:37:53+00:00","twitter_card":"summary_large_image","schema":{"@context":"https:\/\/schema.org","@graph":[{"@type":"WebPage","@id":"https:\/\/tzbaranje.hr\/en\/impressum\/","url":"https:\/\/tzbaranje.hr\/en\/impressum\/","name":"Impressum - Visit Baranja","isPartOf":{"@id":"https:\/\/tzbaranje.hr\/en\/#website"},"datePublished":"2019-05-04T12:02:15+00:00","dateModified":"2019-09-15T23:37:53+00:00","breadcrumb":{"@id":"https:\/\/tzbaranje.hr\/en\/impressum\/#breadcrumb"},"inLanguage":"en-US","potentialAction":[{"@type":"ReadAction","target":["https:\/\/tzbaranje.hr\/en\/impressum\/"]}]},{"@type":"BreadcrumbList","@id":"https:\/\/tzbaranje.hr\/en\/impressum\/#breadcrumb","itemListElement":[{"@type":"ListItem","position":1,"name":"Po\u010detna stranica","item":"https:\/\/tzbaranje.hr\/en\/"},{"@type":"ListItem","position":2,"name":"Impressum"}]},{"@type":"WebSite","@id":"https:\/\/tzbaranje.hr\/en\/#website","url":"https:\/\/tzbaranje.hr\/en\/","name":"Visit Baranja","description":"","potentialAction":[{"@type":"SearchAction","target":{"@type":"EntryPoint","urlTemplate":"https:\/\/tzbaranje.hr\/en\/?s={search_term_string}"},"query-input":{"@type":"PropertyValueSpecification","valueRequired":true,"valueName":"search_term_string"}}],"inLanguage":"en-US"}]}},"_links":{"self":[{"href":"https:\/\/tzbaranje.hr\/en\/wp-json\/wp\/v2\/pages\/331","targetHints":{"allow":["GET"]}}],"collection":[{"href":"https:\/\/tzbaranje.hr\/en\/wp-json\/wp\/v2\/pages"}],"about":[{"href":"https:\/\/tzbaranje.hr\/en\/wp-json\/wp\/v2\/types\/page"}],"author":[{"embeddable":true,"href":"https:\/\/tzbaranje.hr\/en\/wp-json\/wp\/v2\/users\/1"}],"replies":[{"embeddable":true,"href":"https:\/\/tzbaranje.hr\/en\/wp-json\/wp\/v2\/comments?post=331"}],"version-history":[{"count":11,"href":"https:\/\/tzbaranje.hr\/en\/wp-json\/wp\/v2\/pages\/331\/revisions"}],"predecessor-version":[{"id":2251,"href":"https:\/\/tzbaranje.hr\/en\/wp-json\/wp\/v2\/pages\/331\/revisions\/2251"}],"wp:attachment":[{"href":"https:\/\/tzbaranje.hr\/en\/wp-json\/wp\/v2\/media?parent=331"}],"curies":[{"name":"wp","href":"https:\/\/api.w.org\/{rel}","templated":true}]}}