{"id":3075,"date":"2021-10-06T22:54:04","date_gmt":"2021-10-06T20:54:04","guid":{"rendered":"https:\/\/tzbaranje.hr\/en\/?page_id=3075"},"modified":"2021-10-06T22:58:44","modified_gmt":"2021-10-06T20:58:44","slug":"bowling","status":"publish","type":"page","link":"https:\/\/tzbaranje.hr\/en\/experience\/activities\/bowling\/","title":{"rendered":"Bowling"},"content":{"rendered":"\t\t<div data-elementor-type=\"wp-page\" data-elementor-id=\"3075\" class=\"elementor elementor-3075\">\n\t\t\t\t\t\t<section class=\"elementor-section elementor-top-section elementor-element elementor-element-ae24f93 elementor-section-boxed elementor-section-height-default elementor-section-height-default\" data-id=\"ae24f93\" data-element_type=\"section\">\n\t\t\t\t\t\t<div class=\"elementor-container elementor-column-gap-default\">\n\t\t\t\t\t<div class=\"elementor-column elementor-col-100 elementor-top-column elementor-element elementor-element-c4b1f97\" data-id=\"c4b1f97\" data-element_type=\"column\">\n\t\t\t<div class=\"elementor-widget-wrap elementor-element-populated\">\n\t\t\t\t\t\t<div class=\"elementor-element elementor-element-1b0bb4e elementor-widget elementor-widget-spacer\" data-id=\"1b0bb4e\" data-element_type=\"widget\" data-widget_type=\"spacer.default\">\n\t\t\t\t<div class=\"elementor-widget-container\">\n\t\t\t\t\t<div class=\"elementor-spacer\">\n\t\t\t<div class=\"elementor-spacer-inner\"><\/div>\n\t\t<\/div>\n\t\t\t\t<\/div>\n\t\t\t\t<\/div>\n\t\t\t\t\t<\/div>\n\t\t<\/div>\n\t\t\t\t\t<\/div>\n\t\t<\/section>\n\t\t\t\t<section class=\"elementor-section elementor-top-section elementor-element elementor-element-a318c2f elementor-section-boxed elementor-section-height-default elementor-section-height-default\" data-id=\"a318c2f\" data-element_type=\"section\">\n\t\t\t\t\t\t<div class=\"elementor-container elementor-column-gap-default\">\n\t\t\t\t\t<div class=\"elementor-column elementor-col-50 elementor-top-column elementor-element elementor-element-5f545dc\" data-id=\"5f545dc\" data-element_type=\"column\">\n\t\t\t<div class=\"elementor-widget-wrap elementor-element-populated\">\n\t\t\t\t\t\t<div class=\"elementor-element elementor-element-cf6ea64 elementor-view-default elementor-position-top elementor-widget elementor-widget-themo-header\" data-id=\"cf6ea64\" data-element_type=\"widget\" data-widget_type=\"themo-header.default\">\n\t\t\t\t<div class=\"elementor-widget-container\">\n\t\t\t\t\t<div class=\"th-header-wrap\">\n        <div class=\"elementor-icon-box-wrapper \">\n                            <div class=\"elementor-icon-box-content\">\n                    <h1 class=\"elementor-icon-box-title\">\n                                            <\/h1>\n                                        <p class=\"elementor-icon-box-description\">Working hours: Mon. - Fri.: 16:00 - 22:00 sata <\/br> Sat.: 12:00 - 22:00 sata <\/br>Sun.: 14:00 - 22:00 sata\n\nPhone: +385 99 5288 074\n\nAdress: Ul. \u017ertava Domovinskog rata 25, \u0160e\u0107erana\n \nE-mail: drustveno.poduzetnistvo.pgdi@gmail.com\nFacebook: <a href=\"https:\/\/www.facebook.com\/Bowling-PGDI-%C5%A0e%C4%87erana-105423185242311\" target=\"_blank\">Bowling - PGDI \u0160e\u0107erana<\/a>\n\nPhotography by Dubravko Franjin<\/p>\n\n                                    <\/div>\n            <\/div>\n\n        <\/div>\n\n\t\t\t\t<\/div>\n\t\t\t\t<\/div>\n\t\t\t\t<div class=\"elementor-element elementor-element-f00359d elementor-widget elementor-widget-google_maps\" data-id=\"f00359d\" data-element_type=\"widget\" data-widget_type=\"google_maps.default\">\n\t\t\t\t<div class=\"elementor-widget-container\">\n\t\t\t\t\t<div class=\"elementor-custom-embed\">\n\t\t\t<iframe loading=\"lazy\"\n\t\t\t\t\tsrc=\"https:\/\/maps.google.com\/maps?q=Beli%20Manastir&#038;t=m&#038;z=10&#038;output=embed&#038;iwloc=near\"\n\t\t\t\t\ttitle=\"Beli Manastir\"\n\t\t\t\t\taria-label=\"Beli Manastir\"\n\t\t\t><\/iframe>\n\t\t<\/div>\n\t\t\t\t<\/div>\n\t\t\t\t<\/div>\n\t\t\t\t\t<\/div>\n\t\t<\/div>\n\t\t\t\t<div class=\"elementor-column elementor-col-50 elementor-top-column elementor-element elementor-element-cd9cfc6\" data-id=\"cd9cfc6\" data-element_type=\"column\">\n\t\t\t<div class=\"elementor-widget-wrap elementor-element-populated\">\n\t\t\t\t\t\t<div class=\"elementor-element elementor-element-5fb9a2d elementor-widget elementor-widget-themo-image-gallery\" data-id=\"5fb9a2d\" data-element_type=\"widget\" data-widget_type=\"themo-image-gallery.default\">\n\t\t\t\t<div class=\"elementor-widget-container\">\n\t\t\t\t\t<div class=\"elementor-image-gallery th-image-stretch\">\n\t\t\t<div class=\"gallery gallery-3075-1\"><div class=\"row gallery-row\"><div class=\"col-sm-6 col-lg-6\"><a data-toggle=\"lightbox\" data-gallery=\"multiimages\" data-title=\"\"  class=\"thumbnail img-thumbnail\" href='https:\/\/tzbaranje.hr\/en\/wp-content\/uploads\/sites\/2\/2019\/04\/DSC_2374.jpg'><img fetchpriority=\"high\" decoding=\"async\" width=\"394\" height=\"303\" src=\"https:\/\/tzbaranje.hr\/en\/wp-content\/uploads\/sites\/2\/2019\/04\/DSC_2374-394x303.jpg\" class=\"attachment-th_img_sm_landscape size-th_img_sm_landscape\" alt=\"\" srcset=\"https:\/\/tzbaranje.hr\/en\/wp-content\/uploads\/sites\/2\/2019\/04\/DSC_2374-394x303.jpg 394w, https:\/\/tzbaranje.hr\/en\/wp-content\/uploads\/sites\/2\/2019\/04\/DSC_2374-605x465.jpg 605w\" sizes=\"(max-width: 394px) 100vw, 394px\" \/><\/a><div class=\"gallery-text\"><div class=\"image-title\">DSC_2374<\/div><\/div><\/div><div class=\"col-sm-6 col-lg-6\"><a data-toggle=\"lightbox\" data-gallery=\"multiimages\" data-title=\"\"  class=\"thumbnail img-thumbnail\" href='https:\/\/tzbaranje.hr\/en\/wp-content\/uploads\/sites\/2\/2019\/04\/DSC_2480.jpg'><img decoding=\"async\" width=\"394\" height=\"303\" src=\"https:\/\/tzbaranje.hr\/en\/wp-content\/uploads\/sites\/2\/2019\/04\/DSC_2480-394x303.jpg\" class=\"attachment-th_img_sm_landscape size-th_img_sm_landscape\" alt=\"\" srcset=\"https:\/\/tzbaranje.hr\/en\/wp-content\/uploads\/sites\/2\/2019\/04\/DSC_2480-394x303.jpg 394w, https:\/\/tzbaranje.hr\/en\/wp-content\/uploads\/sites\/2\/2019\/04\/DSC_2480-605x465.jpg 605w\" sizes=\"(max-width: 394px) 100vw, 394px\" \/><\/a><div class=\"gallery-text\"><div class=\"image-title\">DSC_2480<\/div><\/div><\/div><\/div><div class=\"row gallery-row\"><div class=\"col-sm-6 col-lg-6\"><a data-toggle=\"lightbox\" data-gallery=\"multiimages\" data-title=\"\"  class=\"thumbnail img-thumbnail\" href='https:\/\/tzbaranje.hr\/en\/wp-content\/uploads\/sites\/2\/2019\/04\/DSC_2545.jpg'><img decoding=\"async\" width=\"394\" height=\"303\" src=\"https:\/\/tzbaranje.hr\/en\/wp-content\/uploads\/sites\/2\/2019\/04\/DSC_2545-394x303.jpg\" class=\"attachment-th_img_sm_landscape size-th_img_sm_landscape\" alt=\"\" srcset=\"https:\/\/tzbaranje.hr\/en\/wp-content\/uploads\/sites\/2\/2019\/04\/DSC_2545-394x303.jpg 394w, https:\/\/tzbaranje.hr\/en\/wp-content\/uploads\/sites\/2\/2019\/04\/DSC_2545-605x465.jpg 605w\" sizes=\"(max-width: 394px) 100vw, 394px\" \/><\/a><div class=\"gallery-text\"><div class=\"image-title\">DSC_2545<\/div><\/div><\/div><div class=\"col-sm-6 col-lg-6\"><a data-toggle=\"lightbox\" data-gallery=\"multiimages\" data-title=\"\"  class=\"thumbnail img-thumbnail\" href='https:\/\/tzbaranje.hr\/en\/wp-content\/uploads\/sites\/2\/2019\/04\/DSC_2572.jpg'><img loading=\"lazy\" decoding=\"async\" width=\"394\" height=\"303\" src=\"https:\/\/tzbaranje.hr\/en\/wp-content\/uploads\/sites\/2\/2019\/04\/DSC_2572-394x303.jpg\" class=\"attachment-th_img_sm_landscape size-th_img_sm_landscape\" alt=\"\" srcset=\"https:\/\/tzbaranje.hr\/en\/wp-content\/uploads\/sites\/2\/2019\/04\/DSC_2572-394x303.jpg 394w, https:\/\/tzbaranje.hr\/en\/wp-content\/uploads\/sites\/2\/2019\/04\/DSC_2572-605x465.jpg 605w\" sizes=\"(max-width: 394px) 100vw, 394px\" \/><\/a><div class=\"gallery-text\"><div class=\"image-title\">DSC_2572<\/div><\/div><\/div><\/div><div class=\"row gallery-row\"><div class=\"col-sm-6 col-lg-6\"><a data-toggle=\"lightbox\" data-gallery=\"multiimages\" data-title=\"\"  class=\"thumbnail img-thumbnail\" href='https:\/\/tzbaranje.hr\/en\/wp-content\/uploads\/sites\/2\/2019\/04\/DSC_2618.jpg'><img loading=\"lazy\" decoding=\"async\" width=\"394\" height=\"303\" src=\"https:\/\/tzbaranje.hr\/en\/wp-content\/uploads\/sites\/2\/2019\/04\/DSC_2618-394x303.jpg\" class=\"attachment-th_img_sm_landscape size-th_img_sm_landscape\" alt=\"\" srcset=\"https:\/\/tzbaranje.hr\/en\/wp-content\/uploads\/sites\/2\/2019\/04\/DSC_2618-394x303.jpg 394w, https:\/\/tzbaranje.hr\/en\/wp-content\/uploads\/sites\/2\/2019\/04\/DSC_2618-605x465.jpg 605w\" sizes=\"(max-width: 394px) 100vw, 394px\" \/><\/a><div class=\"gallery-text\"><div class=\"image-title\">DSC_2618<\/div><\/div><\/div><div class=\"col-sm-6 col-lg-6\"><a data-toggle=\"lightbox\" data-gallery=\"multiimages\" data-title=\"\"  class=\"thumbnail img-thumbnail\" href='https:\/\/tzbaranje.hr\/en\/wp-content\/uploads\/sites\/2\/2019\/04\/DSC_2648.jpg'><img loading=\"lazy\" decoding=\"async\" width=\"394\" height=\"303\" src=\"https:\/\/tzbaranje.hr\/en\/wp-content\/uploads\/sites\/2\/2019\/04\/DSC_2648-394x303.jpg\" class=\"attachment-th_img_sm_landscape size-th_img_sm_landscape\" alt=\"\" srcset=\"https:\/\/tzbaranje.hr\/en\/wp-content\/uploads\/sites\/2\/2019\/04\/DSC_2648-394x303.jpg 394w, https:\/\/tzbaranje.hr\/en\/wp-content\/uploads\/sites\/2\/2019\/04\/DSC_2648-605x465.jpg 605w\" sizes=\"(max-width: 394px) 100vw, 394px\" \/><\/a><div class=\"gallery-text\"><div class=\"image-title\">DSC_2648<\/div><\/div><\/div><\/div><\/div>\t\t<\/div>\n\t\t\t\t<\/div>\n\t\t\t\t<\/div>\n\t\t\t\t\t<\/div>\n\t\t<\/div>\n\t\t\t\t\t<\/div>\n\t\t<\/section>\n\t\t\t\t<section class=\"elementor-section elementor-top-section elementor-element elementor-element-f29735d elementor-section-boxed elementor-section-height-default elementor-section-height-default\" data-id=\"f29735d\" data-element_type=\"section\">\n\t\t\t\t\t\t<div class=\"elementor-container elementor-column-gap-default\">\n\t\t\t\t\t<div class=\"elementor-column elementor-col-100 elementor-top-column elementor-element elementor-element-9c58144\" data-id=\"9c58144\" data-element_type=\"column\">\n\t\t\t<div class=\"elementor-widget-wrap elementor-element-populated\">\n\t\t\t\t\t\t<div class=\"elementor-element elementor-element-15afcef elementor-widget elementor-widget-spacer\" data-id=\"15afcef\" data-element_type=\"widget\" data-widget_type=\"spacer.default\">\n\t\t\t\t<div class=\"elementor-widget-container\">\n\t\t\t\t\t<div class=\"elementor-spacer\">\n\t\t\t<div class=\"elementor-spacer-inner\"><\/div>\n\t\t<\/div>\n\t\t\t\t<\/div>\n\t\t\t\t<\/div>\n\t\t\t\t\t<\/div>\n\t\t<\/div>\n\t\t\t\t\t<\/div>\n\t\t<\/section>\n\t\t\t\t<\/div>\n\t\t","protected":false},"excerpt":{"rendered":"<p>Working hours: Mon. &#8211; Fri.: 16:00 &#8211; 22:00 sata Sat.: 12:00 &#8211; 22:00 sata Sun.: 14:00 &#8211; 22:00 sata Phone: +385 99 5288 074 Adress: Ul. \u017ertava Domovinskog rata 25, \u0160e\u0107erana E-mail: drustveno.poduzetnistvo.pgdi@gmail.com Facebook: Bowling &#8211; PGDI \u0160e\u0107erana Photography by &hellip; <a href=\"https:\/\/tzbaranje.hr\/en\/experience\/activities\/bowling\/\">Read More<\/a><\/p>\n","protected":false},"author":1,"featured_media":0,"parent":289,"menu_order":0,"comment_status":"closed","ping_status":"closed","template":"","meta":{"footnotes":""},"class_list":["post-3075","page","type-page","status-publish","hentry"],"yoast_head":"<!-- This site is optimized with the Yoast SEO plugin v27.0 - https:\/\/yoast.com\/product\/yoast-seo-wordpress\/ -->\n<title>Bowling - Visit Baranja<\/title>\n<meta name=\"robots\" content=\"index, follow, max-snippet:-1, max-image-preview:large, max-video-preview:-1\" \/>\n<link rel=\"canonical\" href=\"https:\/\/tzbaranje.hr\/en\/experience\/activities\/bowling\/\" \/>\n<meta property=\"og:locale\" content=\"en_US\" \/>\n<meta property=\"og:type\" content=\"article\" \/>\n<meta property=\"og:title\" content=\"Bowling - Visit Baranja\" \/>\n<meta property=\"og:description\" content=\"Working hours: Mon. &#8211; Fri.: 16:00 &#8211; 22:00 sata Sat.: 12:00 &#8211; 22:00 sata Sun.: 14:00 &#8211; 22:00 sata Phone: +385 99 5288 074 Adress: Ul. \u017ertava Domovinskog rata 25, \u0160e\u0107erana E-mail: drustveno.poduzetnistvo.pgdi@gmail.com Facebook: Bowling &#8211; PGDI \u0160e\u0107erana Photography by &hellip; Read More\" \/>\n<meta property=\"og:url\" content=\"https:\/\/tzbaranje.hr\/en\/experience\/activities\/bowling\/\" \/>\n<meta property=\"og:site_name\" content=\"Visit Baranja\" \/>\n<meta property=\"article:modified_time\" content=\"2021-10-06T20:58:44+00:00\" \/>\n<meta property=\"og:image\" content=\"https:\/\/tzbaranje.hr\/en\/wp-content\/uploads\/sites\/2\/2019\/04\/DSC_2374-394x303.jpg\" \/>\n<meta name=\"twitter:card\" content=\"summary_large_image\" \/>\n<meta name=\"twitter:label1\" content=\"Est. reading time\" \/>\n\t<meta name=\"twitter:data1\" content=\"2 minutes\" \/>\n<script type=\"application\/ld+json\" class=\"yoast-schema-graph\">{\"@context\":\"https:\/\/schema.org\",\"@graph\":[{\"@type\":\"WebPage\",\"@id\":\"https:\/\/tzbaranje.hr\/en\/experience\/activities\/bowling\/\",\"url\":\"https:\/\/tzbaranje.hr\/en\/experience\/activities\/bowling\/\",\"name\":\"Bowling - Visit Baranja\",\"isPartOf\":{\"@id\":\"https:\/\/tzbaranje.hr\/en\/#website\"},\"primaryImageOfPage\":{\"@id\":\"https:\/\/tzbaranje.hr\/en\/experience\/activities\/bowling\/#primaryimage\"},\"image\":{\"@id\":\"https:\/\/tzbaranje.hr\/en\/experience\/activities\/bowling\/#primaryimage\"},\"thumbnailUrl\":\"https:\/\/tzbaranje.hr\/en\/wp-content\/uploads\/sites\/2\/2019\/04\/DSC_2374-394x303.jpg\",\"datePublished\":\"2021-10-06T20:54:04+00:00\",\"dateModified\":\"2021-10-06T20:58:44+00:00\",\"breadcrumb\":{\"@id\":\"https:\/\/tzbaranje.hr\/en\/experience\/activities\/bowling\/#breadcrumb\"},\"inLanguage\":\"en-US\",\"potentialAction\":[{\"@type\":\"ReadAction\",\"target\":[\"https:\/\/tzbaranje.hr\/en\/experience\/activities\/bowling\/\"]}]},{\"@type\":\"ImageObject\",\"inLanguage\":\"en-US\",\"@id\":\"https:\/\/tzbaranje.hr\/en\/experience\/activities\/bowling\/#primaryimage\",\"url\":\"https:\/\/tzbaranje.hr\/en\/wp-content\/uploads\/sites\/2\/2019\/04\/DSC_2374.jpg\",\"contentUrl\":\"https:\/\/tzbaranje.hr\/en\/wp-content\/uploads\/sites\/2\/2019\/04\/DSC_2374.jpg\",\"width\":1000,\"height\":668},{\"@type\":\"BreadcrumbList\",\"@id\":\"https:\/\/tzbaranje.hr\/en\/experience\/activities\/bowling\/#breadcrumb\",\"itemListElement\":[{\"@type\":\"ListItem\",\"position\":1,\"name\":\"Po\u010detna stranica\",\"item\":\"https:\/\/tzbaranje.hr\/en\/\"},{\"@type\":\"ListItem\",\"position\":2,\"name\":\"Experience\",\"item\":\"https:\/\/tzbaranje.hr\/en\/experience\/\"},{\"@type\":\"ListItem\",\"position\":3,\"name\":\"Activities\",\"item\":\"https:\/\/tzbaranje.hr\/en\/experience\/activities\/\"},{\"@type\":\"ListItem\",\"position\":4,\"name\":\"Bowling\"}]},{\"@type\":\"WebSite\",\"@id\":\"https:\/\/tzbaranje.hr\/en\/#website\",\"url\":\"https:\/\/tzbaranje.hr\/en\/\",\"name\":\"Visit Baranja\",\"description\":\"\",\"potentialAction\":[{\"@type\":\"SearchAction\",\"target\":{\"@type\":\"EntryPoint\",\"urlTemplate\":\"https:\/\/tzbaranje.hr\/en\/?s={search_term_string}\"},\"query-input\":{\"@type\":\"PropertyValueSpecification\",\"valueRequired\":true,\"valueName\":\"search_term_string\"}}],\"inLanguage\":\"en-US\"}]}<\/script>\n<!-- \/ Yoast SEO plugin. -->","yoast_head_json":{"title":"Bowling - Visit Baranja","robots":{"index":"index","follow":"follow","max-snippet":"max-snippet:-1","max-image-preview":"max-image-preview:large","max-video-preview":"max-video-preview:-1"},"canonical":"https:\/\/tzbaranje.hr\/en\/experience\/activities\/bowling\/","og_locale":"en_US","og_type":"article","og_title":"Bowling - Visit Baranja","og_description":"Working hours: Mon. &#8211; Fri.: 16:00 &#8211; 22:00 sata Sat.: 12:00 &#8211; 22:00 sata Sun.: 14:00 &#8211; 22:00 sata Phone: +385 99 5288 074 Adress: Ul. \u017ertava Domovinskog rata 25, \u0160e\u0107erana E-mail: drustveno.poduzetnistvo.pgdi@gmail.com Facebook: Bowling &#8211; PGDI \u0160e\u0107erana Photography by &hellip; Read More","og_url":"https:\/\/tzbaranje.hr\/en\/experience\/activities\/bowling\/","og_site_name":"Visit Baranja","article_modified_time":"2021-10-06T20:58:44+00:00","og_image":[{"url":"https:\/\/tzbaranje.hr\/en\/wp-content\/uploads\/sites\/2\/2019\/04\/DSC_2374-394x303.jpg","type":"","width":"","height":""}],"twitter_card":"summary_large_image","twitter_misc":{"Est. reading time":"2 minutes"},"schema":{"@context":"https:\/\/schema.org","@graph":[{"@type":"WebPage","@id":"https:\/\/tzbaranje.hr\/en\/experience\/activities\/bowling\/","url":"https:\/\/tzbaranje.hr\/en\/experience\/activities\/bowling\/","name":"Bowling - Visit Baranja","isPartOf":{"@id":"https:\/\/tzbaranje.hr\/en\/#website"},"primaryImageOfPage":{"@id":"https:\/\/tzbaranje.hr\/en\/experience\/activities\/bowling\/#primaryimage"},"image":{"@id":"https:\/\/tzbaranje.hr\/en\/experience\/activities\/bowling\/#primaryimage"},"thumbnailUrl":"https:\/\/tzbaranje.hr\/en\/wp-content\/uploads\/sites\/2\/2019\/04\/DSC_2374-394x303.jpg","datePublished":"2021-10-06T20:54:04+00:00","dateModified":"2021-10-06T20:58:44+00:00","breadcrumb":{"@id":"https:\/\/tzbaranje.hr\/en\/experience\/activities\/bowling\/#breadcrumb"},"inLanguage":"en-US","potentialAction":[{"@type":"ReadAction","target":["https:\/\/tzbaranje.hr\/en\/experience\/activities\/bowling\/"]}]},{"@type":"ImageObject","inLanguage":"en-US","@id":"https:\/\/tzbaranje.hr\/en\/experience\/activities\/bowling\/#primaryimage","url":"https:\/\/tzbaranje.hr\/en\/wp-content\/uploads\/sites\/2\/2019\/04\/DSC_2374.jpg","contentUrl":"https:\/\/tzbaranje.hr\/en\/wp-content\/uploads\/sites\/2\/2019\/04\/DSC_2374.jpg","width":1000,"height":668},{"@type":"BreadcrumbList","@id":"https:\/\/tzbaranje.hr\/en\/experience\/activities\/bowling\/#breadcrumb","itemListElement":[{"@type":"ListItem","position":1,"name":"Po\u010detna stranica","item":"https:\/\/tzbaranje.hr\/en\/"},{"@type":"ListItem","position":2,"name":"Experience","item":"https:\/\/tzbaranje.hr\/en\/experience\/"},{"@type":"ListItem","position":3,"name":"Activities","item":"https:\/\/tzbaranje.hr\/en\/experience\/activities\/"},{"@type":"ListItem","position":4,"name":"Bowling"}]},{"@type":"WebSite","@id":"https:\/\/tzbaranje.hr\/en\/#website","url":"https:\/\/tzbaranje.hr\/en\/","name":"Visit Baranja","description":"","potentialAction":[{"@type":"SearchAction","target":{"@type":"EntryPoint","urlTemplate":"https:\/\/tzbaranje.hr\/en\/?s={search_term_string}"},"query-input":{"@type":"PropertyValueSpecification","valueRequired":true,"valueName":"search_term_string"}}],"inLanguage":"en-US"}]}},"_links":{"self":[{"href":"https:\/\/tzbaranje.hr\/en\/wp-json\/wp\/v2\/pages\/3075","targetHints":{"allow":["GET"]}}],"collection":[{"href":"https:\/\/tzbaranje.hr\/en\/wp-json\/wp\/v2\/pages"}],"about":[{"href":"https:\/\/tzbaranje.hr\/en\/wp-json\/wp\/v2\/types\/page"}],"author":[{"embeddable":true,"href":"https:\/\/tzbaranje.hr\/en\/wp-json\/wp\/v2\/users\/1"}],"replies":[{"embeddable":true,"href":"https:\/\/tzbaranje.hr\/en\/wp-json\/wp\/v2\/comments?post=3075"}],"version-history":[{"count":6,"href":"https:\/\/tzbaranje.hr\/en\/wp-json\/wp\/v2\/pages\/3075\/revisions"}],"predecessor-version":[{"id":3087,"href":"https:\/\/tzbaranje.hr\/en\/wp-json\/wp\/v2\/pages\/3075\/revisions\/3087"}],"up":[{"embeddable":true,"href":"https:\/\/tzbaranje.hr\/en\/wp-json\/wp\/v2\/pages\/289"}],"wp:attachment":[{"href":"https:\/\/tzbaranje.hr\/en\/wp-json\/wp\/v2\/media?parent=3075"}],"curies":[{"name":"wp","href":"https:\/\/api.w.org\/{rel}","templated":true}]}}