{"id":16886,"date":"2024-04-10T23:32:16","date_gmt":"2024-04-10T21:32:16","guid":{"rendered":"https:\/\/tzbaranje.hr\/en\/?page_id=16886"},"modified":"2024-04-10T23:33:56","modified_gmt":"2024-04-10T21:33:56","slug":"opg-dusa-baranje","status":"publish","type":"page","link":"https:\/\/tzbaranje.hr\/en\/experience\/activities\/opg-dusa-baranje\/","title":{"rendered":"OPG Du\u0161a Baranje"},"content":{"rendered":"\t\t<div data-elementor-type=\"wp-page\" data-elementor-id=\"16886\" class=\"elementor elementor-16886\">\n\t\t\t\t\t\t<section class=\"elementor-section elementor-top-section elementor-element elementor-element-d5d50ad elementor-section-boxed elementor-section-height-default elementor-section-height-default\" data-id=\"d5d50ad\" data-element_type=\"section\">\n\t\t\t\t\t\t<div class=\"elementor-container elementor-column-gap-default\">\n\t\t\t\t\t<div class=\"elementor-column elementor-col-100 elementor-top-column elementor-element elementor-element-4aa358d\" data-id=\"4aa358d\" data-element_type=\"column\">\n\t\t\t<div class=\"elementor-widget-wrap elementor-element-populated\">\n\t\t\t\t\t\t<div class=\"elementor-element elementor-element-ae3da7e elementor-widget elementor-widget-spacer\" data-id=\"ae3da7e\" data-element_type=\"widget\" data-widget_type=\"spacer.default\">\n\t\t\t\t<div class=\"elementor-widget-container\">\n\t\t\t\t\t<div class=\"elementor-spacer\">\n\t\t\t<div class=\"elementor-spacer-inner\"><\/div>\n\t\t<\/div>\n\t\t\t\t<\/div>\n\t\t\t\t<\/div>\n\t\t\t\t\t<\/div>\n\t\t<\/div>\n\t\t\t\t\t<\/div>\n\t\t<\/section>\n\t\t\t\t<section class=\"elementor-section elementor-top-section elementor-element elementor-element-4d599c1 elementor-section-boxed elementor-section-height-default elementor-section-height-default\" data-id=\"4d599c1\" data-element_type=\"section\">\n\t\t\t\t\t\t<div class=\"elementor-container elementor-column-gap-default\">\n\t\t\t\t\t<div class=\"elementor-column elementor-col-50 elementor-top-column elementor-element elementor-element-17c579b\" data-id=\"17c579b\" data-element_type=\"column\">\n\t\t\t<div class=\"elementor-widget-wrap elementor-element-populated\">\n\t\t\t\t\t\t<div class=\"elementor-element elementor-element-dd63010 elementor-view-default elementor-position-top elementor-widget elementor-widget-themo-header\" data-id=\"dd63010\" data-element_type=\"widget\" data-widget_type=\"themo-header.default\">\n\t\t\t\t<div class=\"elementor-widget-container\">\n\t\t\t\t\t<div class=\"th-header-wrap\">\n        <div class=\"elementor-icon-box-wrapper \">\n                            <div class=\"elementor-icon-box-content\">\n                    <h1 class=\"elementor-icon-box-title\">\n                                            <\/h1>\n                                        <p class=\"elementor-icon-box-description\">\nPhone: 098 171 8546\n\t\nAddress: \u0160andora Petefija 17,  Bilje\n\nFacebook: <a href=\"https:\/\/www.facebook.com\/dusabaranje\/photos_by?locale=hr_HR\" target=\"_blank\"> OPG Du\u0161a Baranje\n<\/a><\/p>\n\n                                    <\/div>\n            <\/div>\n\n        <\/div>\n\n\t\t\t\t<\/div>\n\t\t\t\t<\/div>\n\t\t\t\t<div class=\"elementor-element elementor-element-f029747 elementor-widget elementor-widget-google_maps\" data-id=\"f029747\" data-element_type=\"widget\" data-widget_type=\"google_maps.default\">\n\t\t\t\t<div class=\"elementor-widget-container\">\n\t\t\t\t\t<div class=\"elementor-custom-embed\">\n\t\t\t<iframe loading=\"lazy\"\n\t\t\t\t\tsrc=\"https:\/\/maps.google.com\/maps?q=%C5%A0andora%20Petefija%2017%2C%20%20Bilje&#038;t=m&#038;z=10&#038;output=embed&#038;iwloc=near\"\n\t\t\t\t\ttitle=\"\u0160andora Petefija 17,  Bilje\"\n\t\t\t\t\taria-label=\"\u0160andora Petefija 17,  Bilje\"\n\t\t\t><\/iframe>\n\t\t<\/div>\n\t\t\t\t<\/div>\n\t\t\t\t<\/div>\n\t\t\t\t\t<\/div>\n\t\t<\/div>\n\t\t\t\t<div class=\"elementor-column elementor-col-50 elementor-top-column elementor-element elementor-element-c74f55d\" data-id=\"c74f55d\" data-element_type=\"column\">\n\t\t\t<div class=\"elementor-widget-wrap elementor-element-populated\">\n\t\t\t\t\t\t<div class=\"elementor-element elementor-element-c8eac7f elementor-widget elementor-widget-themo-image-gallery\" data-id=\"c8eac7f\" data-element_type=\"widget\" data-widget_type=\"themo-image-gallery.default\">\n\t\t\t\t<div class=\"elementor-widget-container\">\n\t\t\t\t\t<div class=\"elementor-image-gallery th-image-stretch\">\n\t\t\t<div class=\"gallery gallery-16886-1\"><div class=\"row gallery-row\"><div class=\"col-sm-6 col-lg-6\"><a data-toggle=\"lightbox\" data-gallery=\"multiimages\" data-title=\"\"  class=\"thumbnail img-thumbnail\" href='https:\/\/tzbaranje.hr\/en\/wp-content\/uploads\/sites\/2\/2024\/04\/Dusa-Baranje-4.jpg'><img fetchpriority=\"high\" decoding=\"async\" width=\"394\" height=\"394\" src=\"https:\/\/tzbaranje.hr\/en\/wp-content\/uploads\/sites\/2\/2024\/04\/Dusa-Baranje-4-394x394.jpg\" class=\"attachment-th_img_sm_square size-th_img_sm_square\" alt=\"\" srcset=\"https:\/\/tzbaranje.hr\/en\/wp-content\/uploads\/sites\/2\/2024\/04\/Dusa-Baranje-4-394x394.jpg 394w, https:\/\/tzbaranje.hr\/en\/wp-content\/uploads\/sites\/2\/2024\/04\/Dusa-Baranje-4-150x150.jpg 150w, https:\/\/tzbaranje.hr\/en\/wp-content\/uploads\/sites\/2\/2024\/04\/Dusa-Baranje-4-605x605.jpg 605w\" sizes=\"(max-width: 394px) 100vw, 394px\" \/><\/a><div class=\"gallery-text\"><div class=\"image-title\">Dusa-Baranje-4.jpg<\/div><\/div><\/div><div class=\"col-sm-6 col-lg-6\"><a data-toggle=\"lightbox\" data-gallery=\"multiimages\" data-title=\"\"  class=\"thumbnail img-thumbnail\" href='https:\/\/tzbaranje.hr\/en\/wp-content\/uploads\/sites\/2\/2024\/04\/Dusa-Baranje-6.jpg'><img decoding=\"async\" width=\"394\" height=\"394\" src=\"https:\/\/tzbaranje.hr\/en\/wp-content\/uploads\/sites\/2\/2024\/04\/Dusa-Baranje-6-394x394.jpg\" class=\"attachment-th_img_sm_square size-th_img_sm_square\" alt=\"\" srcset=\"https:\/\/tzbaranje.hr\/en\/wp-content\/uploads\/sites\/2\/2024\/04\/Dusa-Baranje-6-394x394.jpg 394w, https:\/\/tzbaranje.hr\/en\/wp-content\/uploads\/sites\/2\/2024\/04\/Dusa-Baranje-6-150x150.jpg 150w, https:\/\/tzbaranje.hr\/en\/wp-content\/uploads\/sites\/2\/2024\/04\/Dusa-Baranje-6-605x605.jpg 605w\" sizes=\"(max-width: 394px) 100vw, 394px\" \/><\/a><div class=\"gallery-text\"><div class=\"image-title\">Dusa-Baranje-6.jpg<\/div><\/div><\/div><\/div><div class=\"row gallery-row\"><div class=\"col-sm-6 col-lg-6\"><a data-toggle=\"lightbox\" data-gallery=\"multiimages\" data-title=\"\"  class=\"thumbnail img-thumbnail\" href='https:\/\/tzbaranje.hr\/en\/wp-content\/uploads\/sites\/2\/2024\/04\/Dusa-Baranje-7.jpg'><img decoding=\"async\" width=\"394\" height=\"394\" src=\"https:\/\/tzbaranje.hr\/en\/wp-content\/uploads\/sites\/2\/2024\/04\/Dusa-Baranje-7-394x394.jpg\" class=\"attachment-th_img_sm_square size-th_img_sm_square\" alt=\"\" srcset=\"https:\/\/tzbaranje.hr\/en\/wp-content\/uploads\/sites\/2\/2024\/04\/Dusa-Baranje-7-394x394.jpg 394w, https:\/\/tzbaranje.hr\/en\/wp-content\/uploads\/sites\/2\/2024\/04\/Dusa-Baranje-7-150x150.jpg 150w, https:\/\/tzbaranje.hr\/en\/wp-content\/uploads\/sites\/2\/2024\/04\/Dusa-Baranje-7-605x605.jpg 605w\" sizes=\"(max-width: 394px) 100vw, 394px\" \/><\/a><div class=\"gallery-text\"><div class=\"image-title\">Dusa-Baranje-7.jpg<\/div><\/div><\/div><div class=\"col-sm-6 col-lg-6\"><a data-toggle=\"lightbox\" data-gallery=\"multiimages\" data-title=\"\"  class=\"thumbnail img-thumbnail\" href='https:\/\/tzbaranje.hr\/en\/wp-content\/uploads\/sites\/2\/2024\/04\/Dusa-Baranje-10.jpg'><img loading=\"lazy\" decoding=\"async\" width=\"394\" height=\"394\" src=\"https:\/\/tzbaranje.hr\/en\/wp-content\/uploads\/sites\/2\/2024\/04\/Dusa-Baranje-10-394x394.jpg\" class=\"attachment-th_img_sm_square size-th_img_sm_square\" alt=\"\" srcset=\"https:\/\/tzbaranje.hr\/en\/wp-content\/uploads\/sites\/2\/2024\/04\/Dusa-Baranje-10-394x394.jpg 394w, https:\/\/tzbaranje.hr\/en\/wp-content\/uploads\/sites\/2\/2024\/04\/Dusa-Baranje-10-150x150.jpg 150w, https:\/\/tzbaranje.hr\/en\/wp-content\/uploads\/sites\/2\/2024\/04\/Dusa-Baranje-10-605x605.jpg 605w\" sizes=\"(max-width: 394px) 100vw, 394px\" \/><\/a><div class=\"gallery-text\"><div class=\"image-title\">Dusa-Baranje-10.jpg<\/div><\/div><\/div><\/div><div class=\"row gallery-row\"><div class=\"col-sm-6 col-lg-6\"><a data-toggle=\"lightbox\" data-gallery=\"multiimages\" data-title=\"\"  class=\"thumbnail img-thumbnail\" href='https:\/\/tzbaranje.hr\/en\/wp-content\/uploads\/sites\/2\/2024\/04\/Dusa-Baranje-14.jpg'><img loading=\"lazy\" decoding=\"async\" width=\"394\" height=\"394\" src=\"https:\/\/tzbaranje.hr\/en\/wp-content\/uploads\/sites\/2\/2024\/04\/Dusa-Baranje-14-394x394.jpg\" class=\"attachment-th_img_sm_square size-th_img_sm_square\" alt=\"\" srcset=\"https:\/\/tzbaranje.hr\/en\/wp-content\/uploads\/sites\/2\/2024\/04\/Dusa-Baranje-14-394x394.jpg 394w, https:\/\/tzbaranje.hr\/en\/wp-content\/uploads\/sites\/2\/2024\/04\/Dusa-Baranje-14-150x150.jpg 150w\" sizes=\"(max-width: 394px) 100vw, 394px\" \/><\/a><div class=\"gallery-text\"><div class=\"image-title\">Dusa-Baranje-14.jpg<\/div><\/div><\/div><div class=\"col-sm-6 col-lg-6\"><a data-toggle=\"lightbox\" data-gallery=\"multiimages\" data-title=\"\"  class=\"thumbnail img-thumbnail\" href='https:\/\/tzbaranje.hr\/en\/wp-content\/uploads\/sites\/2\/2024\/04\/Dusa-Baranje-18.jpg'><img loading=\"lazy\" decoding=\"async\" width=\"394\" height=\"394\" src=\"https:\/\/tzbaranje.hr\/en\/wp-content\/uploads\/sites\/2\/2024\/04\/Dusa-Baranje-18-394x394.jpg\" class=\"attachment-th_img_sm_square size-th_img_sm_square\" alt=\"\" srcset=\"https:\/\/tzbaranje.hr\/en\/wp-content\/uploads\/sites\/2\/2024\/04\/Dusa-Baranje-18-394x394.jpg 394w, https:\/\/tzbaranje.hr\/en\/wp-content\/uploads\/sites\/2\/2024\/04\/Dusa-Baranje-18-150x150.jpg 150w, https:\/\/tzbaranje.hr\/en\/wp-content\/uploads\/sites\/2\/2024\/04\/Dusa-Baranje-18-605x605.jpg 605w\" sizes=\"(max-width: 394px) 100vw, 394px\" \/><\/a><div class=\"gallery-text\"><div class=\"image-title\">Dusa-Baranje-18.jpg<\/div><\/div><\/div><\/div><div class=\"row gallery-row\"><div class=\"col-sm-6 col-lg-6\"><a data-toggle=\"lightbox\" data-gallery=\"multiimages\" data-title=\"\"  class=\"thumbnail img-thumbnail\" href='https:\/\/tzbaranje.hr\/en\/wp-content\/uploads\/sites\/2\/2024\/04\/Dusa-Baranje-20-713x950.jpg'><img loading=\"lazy\" decoding=\"async\" width=\"394\" height=\"394\" src=\"https:\/\/tzbaranje.hr\/en\/wp-content\/uploads\/sites\/2\/2024\/04\/Dusa-Baranje-20-394x394.jpg\" class=\"attachment-th_img_sm_square size-th_img_sm_square\" alt=\"\" srcset=\"https:\/\/tzbaranje.hr\/en\/wp-content\/uploads\/sites\/2\/2024\/04\/Dusa-Baranje-20-394x394.jpg 394w, https:\/\/tzbaranje.hr\/en\/wp-content\/uploads\/sites\/2\/2024\/04\/Dusa-Baranje-20-150x150.jpg 150w, https:\/\/tzbaranje.hr\/en\/wp-content\/uploads\/sites\/2\/2024\/04\/Dusa-Baranje-20-605x605.jpg 605w\" sizes=\"(max-width: 394px) 100vw, 394px\" \/><\/a><div class=\"gallery-text\"><div class=\"image-title\">Dusa-Baranje-20.jpg<\/div><\/div><\/div><\/div><\/div>\t\t<\/div>\n\t\t\t\t<\/div>\n\t\t\t\t<\/div>\n\t\t\t\t\t<\/div>\n\t\t<\/div>\n\t\t\t\t\t<\/div>\n\t\t<\/section>\n\t\t\t\t<section class=\"elementor-section elementor-top-section elementor-element elementor-element-5d1ccea elementor-section-boxed elementor-section-height-default elementor-section-height-default\" data-id=\"5d1ccea\" data-element_type=\"section\">\n\t\t\t\t\t\t<div class=\"elementor-container elementor-column-gap-default\">\n\t\t\t\t\t<div class=\"elementor-column elementor-col-100 elementor-top-column elementor-element elementor-element-c72d045\" data-id=\"c72d045\" data-element_type=\"column\">\n\t\t\t<div class=\"elementor-widget-wrap elementor-element-populated\">\n\t\t\t\t\t\t<div class=\"elementor-element elementor-element-c9c0e8d elementor-widget elementor-widget-spacer\" data-id=\"c9c0e8d\" data-element_type=\"widget\" data-widget_type=\"spacer.default\">\n\t\t\t\t<div class=\"elementor-widget-container\">\n\t\t\t\t\t<div class=\"elementor-spacer\">\n\t\t\t<div class=\"elementor-spacer-inner\"><\/div>\n\t\t<\/div>\n\t\t\t\t<\/div>\n\t\t\t\t<\/div>\n\t\t\t\t\t<\/div>\n\t\t<\/div>\n\t\t\t\t\t<\/div>\n\t\t<\/section>\n\t\t\t\t<\/div>\n\t\t","protected":false},"excerpt":{"rendered":"<p>Phone: 098 171 8546 Address: \u0160andora Petefija 17, Bilje Facebook: OPG Du\u0161a Baranje Dusa-Baranje-4.jpgDusa-Baranje-6.jpgDusa-Baranje-7.jpgDusa-Baranje-10.jpgDusa-Baranje-14.jpgDusa-Baranje-18.jpgDusa-Baranje-20.jpg<\/p>\n","protected":false},"author":1,"featured_media":0,"parent":289,"menu_order":0,"comment_status":"closed","ping_status":"closed","template":"","meta":{"footnotes":""},"class_list":["post-16886","page","type-page","status-publish","hentry"],"yoast_head":"<!-- This site is optimized with the Yoast SEO plugin v27.0 - https:\/\/yoast.com\/product\/yoast-seo-wordpress\/ -->\n<title>OPG Du\u0161a Baranje - Visit Baranja<\/title>\n<meta name=\"robots\" content=\"index, follow, max-snippet:-1, max-image-preview:large, max-video-preview:-1\" \/>\n<link rel=\"canonical\" href=\"https:\/\/tzbaranje.hr\/en\/experience\/activities\/opg-dusa-baranje\/\" \/>\n<meta property=\"og:locale\" content=\"en_US\" \/>\n<meta property=\"og:type\" content=\"article\" \/>\n<meta property=\"og:title\" content=\"OPG Du\u0161a Baranje - Visit Baranja\" \/>\n<meta property=\"og:description\" content=\"Phone: 098 171 8546 Address: \u0160andora Petefija 17, Bilje Facebook: OPG Du\u0161a Baranje Dusa-Baranje-4.jpgDusa-Baranje-6.jpgDusa-Baranje-7.jpgDusa-Baranje-10.jpgDusa-Baranje-14.jpgDusa-Baranje-18.jpgDusa-Baranje-20.jpg\" \/>\n<meta property=\"og:url\" content=\"https:\/\/tzbaranje.hr\/en\/experience\/activities\/opg-dusa-baranje\/\" \/>\n<meta property=\"og:site_name\" content=\"Visit Baranja\" \/>\n<meta property=\"article:modified_time\" content=\"2024-04-10T21:33:56+00:00\" \/>\n<meta property=\"og:image\" content=\"https:\/\/tzbaranje.hr\/en\/wp-content\/uploads\/sites\/2\/2024\/04\/Dusa-Baranje-4-394x394.jpg\" \/>\n<meta name=\"twitter:card\" content=\"summary_large_image\" \/>\n<meta name=\"twitter:label1\" content=\"Est. reading time\" \/>\n\t<meta name=\"twitter:data1\" content=\"2 minutes\" \/>\n<script type=\"application\/ld+json\" class=\"yoast-schema-graph\">{\"@context\":\"https:\/\/schema.org\",\"@graph\":[{\"@type\":\"WebPage\",\"@id\":\"https:\/\/tzbaranje.hr\/en\/experience\/activities\/opg-dusa-baranje\/\",\"url\":\"https:\/\/tzbaranje.hr\/en\/experience\/activities\/opg-dusa-baranje\/\",\"name\":\"OPG Du\u0161a Baranje - Visit Baranja\",\"isPartOf\":{\"@id\":\"https:\/\/tzbaranje.hr\/en\/#website\"},\"primaryImageOfPage\":{\"@id\":\"https:\/\/tzbaranje.hr\/en\/experience\/activities\/opg-dusa-baranje\/#primaryimage\"},\"image\":{\"@id\":\"https:\/\/tzbaranje.hr\/en\/experience\/activities\/opg-dusa-baranje\/#primaryimage\"},\"thumbnailUrl\":\"https:\/\/tzbaranje.hr\/en\/wp-content\/uploads\/sites\/2\/2024\/04\/Dusa-Baranje-4-394x394.jpg\",\"datePublished\":\"2024-04-10T21:32:16+00:00\",\"dateModified\":\"2024-04-10T21:33:56+00:00\",\"breadcrumb\":{\"@id\":\"https:\/\/tzbaranje.hr\/en\/experience\/activities\/opg-dusa-baranje\/#breadcrumb\"},\"inLanguage\":\"en-US\",\"potentialAction\":[{\"@type\":\"ReadAction\",\"target\":[\"https:\/\/tzbaranje.hr\/en\/experience\/activities\/opg-dusa-baranje\/\"]}]},{\"@type\":\"ImageObject\",\"inLanguage\":\"en-US\",\"@id\":\"https:\/\/tzbaranje.hr\/en\/experience\/activities\/opg-dusa-baranje\/#primaryimage\",\"url\":\"https:\/\/tzbaranje.hr\/en\/wp-content\/uploads\/sites\/2\/2024\/04\/Dusa-Baranje-4.jpg\",\"contentUrl\":\"https:\/\/tzbaranje.hr\/en\/wp-content\/uploads\/sites\/2\/2024\/04\/Dusa-Baranje-4.jpg\",\"width\":1000,\"height\":667},{\"@type\":\"BreadcrumbList\",\"@id\":\"https:\/\/tzbaranje.hr\/en\/experience\/activities\/opg-dusa-baranje\/#breadcrumb\",\"itemListElement\":[{\"@type\":\"ListItem\",\"position\":1,\"name\":\"Po\u010detna stranica\",\"item\":\"https:\/\/tzbaranje.hr\/en\/\"},{\"@type\":\"ListItem\",\"position\":2,\"name\":\"Experience\",\"item\":\"https:\/\/tzbaranje.hr\/en\/experience\/\"},{\"@type\":\"ListItem\",\"position\":3,\"name\":\"Activities\",\"item\":\"https:\/\/tzbaranje.hr\/en\/experience\/activities\/\"},{\"@type\":\"ListItem\",\"position\":4,\"name\":\"OPG Du\u0161a Baranje\"}]},{\"@type\":\"WebSite\",\"@id\":\"https:\/\/tzbaranje.hr\/en\/#website\",\"url\":\"https:\/\/tzbaranje.hr\/en\/\",\"name\":\"Visit Baranja\",\"description\":\"\",\"potentialAction\":[{\"@type\":\"SearchAction\",\"target\":{\"@type\":\"EntryPoint\",\"urlTemplate\":\"https:\/\/tzbaranje.hr\/en\/?s={search_term_string}\"},\"query-input\":{\"@type\":\"PropertyValueSpecification\",\"valueRequired\":true,\"valueName\":\"search_term_string\"}}],\"inLanguage\":\"en-US\"}]}<\/script>\n<!-- \/ Yoast SEO plugin. -->","yoast_head_json":{"title":"OPG Du\u0161a Baranje - Visit Baranja","robots":{"index":"index","follow":"follow","max-snippet":"max-snippet:-1","max-image-preview":"max-image-preview:large","max-video-preview":"max-video-preview:-1"},"canonical":"https:\/\/tzbaranje.hr\/en\/experience\/activities\/opg-dusa-baranje\/","og_locale":"en_US","og_type":"article","og_title":"OPG Du\u0161a Baranje - Visit Baranja","og_description":"Phone: 098 171 8546 Address: \u0160andora Petefija 17, Bilje Facebook: OPG Du\u0161a Baranje Dusa-Baranje-4.jpgDusa-Baranje-6.jpgDusa-Baranje-7.jpgDusa-Baranje-10.jpgDusa-Baranje-14.jpgDusa-Baranje-18.jpgDusa-Baranje-20.jpg","og_url":"https:\/\/tzbaranje.hr\/en\/experience\/activities\/opg-dusa-baranje\/","og_site_name":"Visit Baranja","article_modified_time":"2024-04-10T21:33:56+00:00","og_image":[{"url":"https:\/\/tzbaranje.hr\/en\/wp-content\/uploads\/sites\/2\/2024\/04\/Dusa-Baranje-4-394x394.jpg","type":"","width":"","height":""}],"twitter_card":"summary_large_image","twitter_misc":{"Est. reading time":"2 minutes"},"schema":{"@context":"https:\/\/schema.org","@graph":[{"@type":"WebPage","@id":"https:\/\/tzbaranje.hr\/en\/experience\/activities\/opg-dusa-baranje\/","url":"https:\/\/tzbaranje.hr\/en\/experience\/activities\/opg-dusa-baranje\/","name":"OPG Du\u0161a Baranje - Visit Baranja","isPartOf":{"@id":"https:\/\/tzbaranje.hr\/en\/#website"},"primaryImageOfPage":{"@id":"https:\/\/tzbaranje.hr\/en\/experience\/activities\/opg-dusa-baranje\/#primaryimage"},"image":{"@id":"https:\/\/tzbaranje.hr\/en\/experience\/activities\/opg-dusa-baranje\/#primaryimage"},"thumbnailUrl":"https:\/\/tzbaranje.hr\/en\/wp-content\/uploads\/sites\/2\/2024\/04\/Dusa-Baranje-4-394x394.jpg","datePublished":"2024-04-10T21:32:16+00:00","dateModified":"2024-04-10T21:33:56+00:00","breadcrumb":{"@id":"https:\/\/tzbaranje.hr\/en\/experience\/activities\/opg-dusa-baranje\/#breadcrumb"},"inLanguage":"en-US","potentialAction":[{"@type":"ReadAction","target":["https:\/\/tzbaranje.hr\/en\/experience\/activities\/opg-dusa-baranje\/"]}]},{"@type":"ImageObject","inLanguage":"en-US","@id":"https:\/\/tzbaranje.hr\/en\/experience\/activities\/opg-dusa-baranje\/#primaryimage","url":"https:\/\/tzbaranje.hr\/en\/wp-content\/uploads\/sites\/2\/2024\/04\/Dusa-Baranje-4.jpg","contentUrl":"https:\/\/tzbaranje.hr\/en\/wp-content\/uploads\/sites\/2\/2024\/04\/Dusa-Baranje-4.jpg","width":1000,"height":667},{"@type":"BreadcrumbList","@id":"https:\/\/tzbaranje.hr\/en\/experience\/activities\/opg-dusa-baranje\/#breadcrumb","itemListElement":[{"@type":"ListItem","position":1,"name":"Po\u010detna stranica","item":"https:\/\/tzbaranje.hr\/en\/"},{"@type":"ListItem","position":2,"name":"Experience","item":"https:\/\/tzbaranje.hr\/en\/experience\/"},{"@type":"ListItem","position":3,"name":"Activities","item":"https:\/\/tzbaranje.hr\/en\/experience\/activities\/"},{"@type":"ListItem","position":4,"name":"OPG Du\u0161a Baranje"}]},{"@type":"WebSite","@id":"https:\/\/tzbaranje.hr\/en\/#website","url":"https:\/\/tzbaranje.hr\/en\/","name":"Visit Baranja","description":"","potentialAction":[{"@type":"SearchAction","target":{"@type":"EntryPoint","urlTemplate":"https:\/\/tzbaranje.hr\/en\/?s={search_term_string}"},"query-input":{"@type":"PropertyValueSpecification","valueRequired":true,"valueName":"search_term_string"}}],"inLanguage":"en-US"}]}},"_links":{"self":[{"href":"https:\/\/tzbaranje.hr\/en\/wp-json\/wp\/v2\/pages\/16886","targetHints":{"allow":["GET"]}}],"collection":[{"href":"https:\/\/tzbaranje.hr\/en\/wp-json\/wp\/v2\/pages"}],"about":[{"href":"https:\/\/tzbaranje.hr\/en\/wp-json\/wp\/v2\/types\/page"}],"author":[{"embeddable":true,"href":"https:\/\/tzbaranje.hr\/en\/wp-json\/wp\/v2\/users\/1"}],"replies":[{"embeddable":true,"href":"https:\/\/tzbaranje.hr\/en\/wp-json\/wp\/v2\/comments?post=16886"}],"version-history":[{"count":4,"href":"https:\/\/tzbaranje.hr\/en\/wp-json\/wp\/v2\/pages\/16886\/revisions"}],"predecessor-version":[{"id":16897,"href":"https:\/\/tzbaranje.hr\/en\/wp-json\/wp\/v2\/pages\/16886\/revisions\/16897"}],"up":[{"embeddable":true,"href":"https:\/\/tzbaranje.hr\/en\/wp-json\/wp\/v2\/pages\/289"}],"wp:attachment":[{"href":"https:\/\/tzbaranje.hr\/en\/wp-json\/wp\/v2\/media?parent=16886"}],"curies":[{"name":"wp","href":"https:\/\/api.w.org\/{rel}","templated":true}]}}