{"id":16873,"date":"2024-04-10T23:28:25","date_gmt":"2024-04-10T21:28:25","guid":{"rendered":"https:\/\/tzbaranje.hr\/en\/?page_id=16873"},"modified":"2024-04-10T23:31:14","modified_gmt":"2024-04-10T21:31:14","slug":"mystical-baranja","status":"publish","type":"page","link":"https:\/\/tzbaranje.hr\/en\/experience\/activities\/mystical-baranja\/","title":{"rendered":"Mystical Baranja"},"content":{"rendered":"\t\t<div data-elementor-type=\"wp-page\" data-elementor-id=\"16873\" class=\"elementor elementor-16873\">\n\t\t\t\t\t\t<section class=\"elementor-section elementor-top-section elementor-element elementor-element-9572361 elementor-section-boxed elementor-section-height-default elementor-section-height-default\" data-id=\"9572361\" data-element_type=\"section\">\n\t\t\t\t\t\t<div class=\"elementor-container elementor-column-gap-default\">\n\t\t\t\t\t<div class=\"elementor-column elementor-col-100 elementor-top-column elementor-element elementor-element-b714719\" data-id=\"b714719\" data-element_type=\"column\">\n\t\t\t<div class=\"elementor-widget-wrap elementor-element-populated\">\n\t\t\t\t\t\t<div class=\"elementor-element elementor-element-208ac7f elementor-widget elementor-widget-spacer\" data-id=\"208ac7f\" data-element_type=\"widget\" data-widget_type=\"spacer.default\">\n\t\t\t\t<div class=\"elementor-widget-container\">\n\t\t\t\t\t<div class=\"elementor-spacer\">\n\t\t\t<div class=\"elementor-spacer-inner\"><\/div>\n\t\t<\/div>\n\t\t\t\t<\/div>\n\t\t\t\t<\/div>\n\t\t\t\t\t<\/div>\n\t\t<\/div>\n\t\t\t\t\t<\/div>\n\t\t<\/section>\n\t\t\t\t<section class=\"elementor-section elementor-top-section elementor-element elementor-element-c43937c elementor-section-boxed elementor-section-height-default elementor-section-height-default\" data-id=\"c43937c\" data-element_type=\"section\">\n\t\t\t\t\t\t<div class=\"elementor-container elementor-column-gap-default\">\n\t\t\t\t\t<div class=\"elementor-column elementor-col-50 elementor-top-column elementor-element elementor-element-133171f\" data-id=\"133171f\" data-element_type=\"column\">\n\t\t\t<div class=\"elementor-widget-wrap elementor-element-populated\">\n\t\t\t\t\t\t<div class=\"elementor-element elementor-element-d7a9e80 elementor-view-default elementor-position-top elementor-widget elementor-widget-themo-header\" data-id=\"d7a9e80\" data-element_type=\"widget\" data-widget_type=\"themo-header.default\">\n\t\t\t\t<div class=\"elementor-widget-container\">\n\t\t\t\t\t<div class=\"th-header-wrap\">\n        <div class=\"elementor-icon-box-wrapper \">\n                            <div class=\"elementor-icon-box-content\">\n                    <h1 class=\"elementor-icon-box-title\">\n                                            <\/h1>\n                                        <p class=\"elementor-icon-box-description\">\n\nMore about excursions as part of the mystical Baranja program: \n<a href=\"https:\/\/tzbaranje.hr\/wp-content\/uploads\/2019\/03\/640f5cd66f16577c7a57eff5_Misticna-Baranja-Brosura-12.03.23_compressed.pdf\" target=\"_blank\">Brochure: Misti\u010dna Baranja<\/a>\n\nPhone: 099 834 6999 \n099 6840887\n\t\nE-mail: misticnabaranja@ruralniturizam-djola.hr\t\nWeb: <a href=\"https:\/\/www.ruralniturizam-djola.hr\/stranice\/misticna-baranja\" target=\"_blank\">Misti\u010dna Baranja<\/a>\t\nFacebook: <a href=\"https:\/\/www.facebook.com\/people\/Misti%C4%8Dna-Baranja\/100088428512352\/\" target=\"_blank\">Misti\u010dna Baranja<\/a>\nYoutube: <a href=\"https:\/\/www.youtube.com\/watch?v=t3qv5Lifz5s&amp;ab_channel=%C4%90olaUdrugazaruralnit\nurizam\" target=\"_blank\">Udruga za Ruralni turizam<\/a><\/p>\n\n                                    <\/div>\n            <\/div>\n\n        <\/div>\n\n\t\t\t\t<\/div>\n\t\t\t\t<\/div>\n\t\t\t\t<div class=\"elementor-element elementor-element-f7089a6 elementor-widget elementor-widget-google_maps\" data-id=\"f7089a6\" data-element_type=\"widget\" data-widget_type=\"google_maps.default\">\n\t\t\t\t<div class=\"elementor-widget-container\">\n\t\t\t\t\t<div class=\"elementor-custom-embed\">\n\t\t\t<iframe loading=\"lazy\"\n\t\t\t\t\tsrc=\"https:\/\/maps.google.com\/maps?q=Sv.%20I.%20Krstitelja%20109%2C%2031326%20Darda&#038;t=m&#038;z=10&#038;output=embed&#038;iwloc=near\"\n\t\t\t\t\ttitle=\"Sv. I. Krstitelja 109, 31326 Darda\"\n\t\t\t\t\taria-label=\"Sv. I. Krstitelja 109, 31326 Darda\"\n\t\t\t><\/iframe>\n\t\t<\/div>\n\t\t\t\t<\/div>\n\t\t\t\t<\/div>\n\t\t\t\t\t<\/div>\n\t\t<\/div>\n\t\t\t\t<div class=\"elementor-column elementor-col-50 elementor-top-column elementor-element elementor-element-cb6497d\" data-id=\"cb6497d\" data-element_type=\"column\">\n\t\t\t<div class=\"elementor-widget-wrap elementor-element-populated\">\n\t\t\t\t\t\t<div class=\"elementor-element elementor-element-0acf386 elementor-widget elementor-widget-themo-image-gallery\" data-id=\"0acf386\" data-element_type=\"widget\" data-widget_type=\"themo-image-gallery.default\">\n\t\t\t\t<div class=\"elementor-widget-container\">\n\t\t\t\t\t<div class=\"elementor-image-gallery th-image-stretch\">\n\t\t\t<div class=\"gallery gallery-16873-1\"><div class=\"row gallery-row\"><div class=\"col-sm-6 col-lg-6\"><a data-toggle=\"lightbox\" data-gallery=\"multiimages\" data-title=\"\"  class=\"thumbnail img-thumbnail\" href='https:\/\/tzbaranje.hr\/en\/wp-content\/uploads\/sites\/2\/2024\/04\/IMG_2456.jpg'><img fetchpriority=\"high\" decoding=\"async\" width=\"768\" height=\"512\" src=\"https:\/\/tzbaranje.hr\/en\/wp-content\/uploads\/sites\/2\/2024\/04\/IMG_2456-768x512.jpg\" class=\"attachment-medium_large size-medium_large\" alt=\"\" srcset=\"https:\/\/tzbaranje.hr\/en\/wp-content\/uploads\/sites\/2\/2024\/04\/IMG_2456-768x512.jpg 768w, https:\/\/tzbaranje.hr\/en\/wp-content\/uploads\/sites\/2\/2024\/04\/IMG_2456-300x200.jpg 300w, https:\/\/tzbaranje.hr\/en\/wp-content\/uploads\/sites\/2\/2024\/04\/IMG_2456-225x150.jpg 225w, https:\/\/tzbaranje.hr\/en\/wp-content\/uploads\/sites\/2\/2024\/04\/IMG_2456-120x80.jpg 120w, https:\/\/tzbaranje.hr\/en\/wp-content\/uploads\/sites\/2\/2024\/04\/IMG_2456-394x263.jpg 394w, https:\/\/tzbaranje.hr\/en\/wp-content\/uploads\/sites\/2\/2024\/04\/IMG_2456-915x610.jpg 915w, https:\/\/tzbaranje.hr\/en\/wp-content\/uploads\/sites\/2\/2024\/04\/IMG_2456.jpg 1000w\" sizes=\"(max-width: 768px) 100vw, 768px\" \/><\/a><div class=\"gallery-text\"><div class=\"image-title\">IMG_2456.jpg<\/div><\/div><\/div><div class=\"col-sm-6 col-lg-6\"><a data-toggle=\"lightbox\" data-gallery=\"multiimages\" data-title=\"\"  class=\"thumbnail img-thumbnail\" href='https:\/\/tzbaranje.hr\/en\/wp-content\/uploads\/sites\/2\/2024\/04\/IMG_2641.jpg'><img decoding=\"async\" width=\"768\" height=\"512\" src=\"https:\/\/tzbaranje.hr\/en\/wp-content\/uploads\/sites\/2\/2024\/04\/IMG_2641-768x512.jpg\" class=\"attachment-medium_large size-medium_large\" alt=\"\" srcset=\"https:\/\/tzbaranje.hr\/en\/wp-content\/uploads\/sites\/2\/2024\/04\/IMG_2641-768x512.jpg 768w, https:\/\/tzbaranje.hr\/en\/wp-content\/uploads\/sites\/2\/2024\/04\/IMG_2641-300x200.jpg 300w, https:\/\/tzbaranje.hr\/en\/wp-content\/uploads\/sites\/2\/2024\/04\/IMG_2641-225x150.jpg 225w, https:\/\/tzbaranje.hr\/en\/wp-content\/uploads\/sites\/2\/2024\/04\/IMG_2641-120x80.jpg 120w, https:\/\/tzbaranje.hr\/en\/wp-content\/uploads\/sites\/2\/2024\/04\/IMG_2641-394x263.jpg 394w, https:\/\/tzbaranje.hr\/en\/wp-content\/uploads\/sites\/2\/2024\/04\/IMG_2641-915x610.jpg 915w, https:\/\/tzbaranje.hr\/en\/wp-content\/uploads\/sites\/2\/2024\/04\/IMG_2641.jpg 1000w\" sizes=\"(max-width: 768px) 100vw, 768px\" \/><\/a><div class=\"gallery-text\"><div class=\"image-title\">IMG_2641.jpg<\/div><\/div><\/div><\/div><div class=\"row gallery-row\"><div class=\"col-sm-6 col-lg-6\"><a data-toggle=\"lightbox\" data-gallery=\"multiimages\" data-title=\"\"  class=\"thumbnail img-thumbnail\" href='https:\/\/tzbaranje.hr\/en\/wp-content\/uploads\/sites\/2\/2024\/04\/IMG_6790.jpg'><img decoding=\"async\" width=\"768\" height=\"512\" src=\"https:\/\/tzbaranje.hr\/en\/wp-content\/uploads\/sites\/2\/2024\/04\/IMG_6790-768x512.jpg\" class=\"attachment-medium_large size-medium_large\" alt=\"\" srcset=\"https:\/\/tzbaranje.hr\/en\/wp-content\/uploads\/sites\/2\/2024\/04\/IMG_6790-768x512.jpg 768w, https:\/\/tzbaranje.hr\/en\/wp-content\/uploads\/sites\/2\/2024\/04\/IMG_6790-300x200.jpg 300w, https:\/\/tzbaranje.hr\/en\/wp-content\/uploads\/sites\/2\/2024\/04\/IMG_6790-225x150.jpg 225w, https:\/\/tzbaranje.hr\/en\/wp-content\/uploads\/sites\/2\/2024\/04\/IMG_6790-120x80.jpg 120w, https:\/\/tzbaranje.hr\/en\/wp-content\/uploads\/sites\/2\/2024\/04\/IMG_6790-394x263.jpg 394w, https:\/\/tzbaranje.hr\/en\/wp-content\/uploads\/sites\/2\/2024\/04\/IMG_6790-915x610.jpg 915w, https:\/\/tzbaranje.hr\/en\/wp-content\/uploads\/sites\/2\/2024\/04\/IMG_6790.jpg 1000w\" sizes=\"(max-width: 768px) 100vw, 768px\" \/><\/a><div class=\"gallery-text\"><div class=\"image-title\">IMG_6790.jpg<\/div><\/div><\/div><div class=\"col-sm-6 col-lg-6\"><a data-toggle=\"lightbox\" data-gallery=\"multiimages\" data-title=\"\"  class=\"thumbnail img-thumbnail\" href='https:\/\/tzbaranje.hr\/en\/wp-content\/uploads\/sites\/2\/2024\/04\/IMG_6958.jpg'><img loading=\"lazy\" decoding=\"async\" width=\"768\" height=\"512\" src=\"https:\/\/tzbaranje.hr\/en\/wp-content\/uploads\/sites\/2\/2024\/04\/IMG_6958-768x512.jpg\" class=\"attachment-medium_large size-medium_large\" alt=\"\" srcset=\"https:\/\/tzbaranje.hr\/en\/wp-content\/uploads\/sites\/2\/2024\/04\/IMG_6958-768x512.jpg 768w, https:\/\/tzbaranje.hr\/en\/wp-content\/uploads\/sites\/2\/2024\/04\/IMG_6958-300x200.jpg 300w, https:\/\/tzbaranje.hr\/en\/wp-content\/uploads\/sites\/2\/2024\/04\/IMG_6958-225x150.jpg 225w, https:\/\/tzbaranje.hr\/en\/wp-content\/uploads\/sites\/2\/2024\/04\/IMG_6958-120x80.jpg 120w, https:\/\/tzbaranje.hr\/en\/wp-content\/uploads\/sites\/2\/2024\/04\/IMG_6958-394x263.jpg 394w, https:\/\/tzbaranje.hr\/en\/wp-content\/uploads\/sites\/2\/2024\/04\/IMG_6958-915x610.jpg 915w, https:\/\/tzbaranje.hr\/en\/wp-content\/uploads\/sites\/2\/2024\/04\/IMG_6958.jpg 1000w\" sizes=\"(max-width: 768px) 100vw, 768px\" \/><\/a><div class=\"gallery-text\"><div class=\"image-title\">IMG_6958.jpg<\/div><\/div><\/div><\/div><div class=\"row gallery-row\"><div class=\"col-sm-6 col-lg-6\"><a data-toggle=\"lightbox\" data-gallery=\"multiimages\" data-title=\"\"  class=\"thumbnail img-thumbnail\" href='https:\/\/tzbaranje.hr\/en\/wp-content\/uploads\/sites\/2\/2024\/04\/IMG_7037.jpg'><img loading=\"lazy\" decoding=\"async\" width=\"768\" height=\"512\" src=\"https:\/\/tzbaranje.hr\/en\/wp-content\/uploads\/sites\/2\/2024\/04\/IMG_7037-768x512.jpg\" class=\"attachment-medium_large size-medium_large\" alt=\"\" srcset=\"https:\/\/tzbaranje.hr\/en\/wp-content\/uploads\/sites\/2\/2024\/04\/IMG_7037-768x512.jpg 768w, https:\/\/tzbaranje.hr\/en\/wp-content\/uploads\/sites\/2\/2024\/04\/IMG_7037-300x200.jpg 300w, https:\/\/tzbaranje.hr\/en\/wp-content\/uploads\/sites\/2\/2024\/04\/IMG_7037-225x150.jpg 225w, https:\/\/tzbaranje.hr\/en\/wp-content\/uploads\/sites\/2\/2024\/04\/IMG_7037-120x80.jpg 120w, https:\/\/tzbaranje.hr\/en\/wp-content\/uploads\/sites\/2\/2024\/04\/IMG_7037-394x263.jpg 394w, https:\/\/tzbaranje.hr\/en\/wp-content\/uploads\/sites\/2\/2024\/04\/IMG_7037-915x610.jpg 915w, https:\/\/tzbaranje.hr\/en\/wp-content\/uploads\/sites\/2\/2024\/04\/IMG_7037.jpg 1000w\" sizes=\"(max-width: 768px) 100vw, 768px\" \/><\/a><div class=\"gallery-text\"><div class=\"image-title\">IMG_7037.jpg<\/div><\/div><\/div><div class=\"col-sm-6 col-lg-6\"><a data-toggle=\"lightbox\" data-gallery=\"multiimages\" data-title=\"\"  class=\"thumbnail img-thumbnail\" href='https:\/\/tzbaranje.hr\/en\/wp-content\/uploads\/sites\/2\/2024\/04\/Razno-3.jpg'><img loading=\"lazy\" decoding=\"async\" width=\"768\" height=\"512\" src=\"https:\/\/tzbaranje.hr\/en\/wp-content\/uploads\/sites\/2\/2024\/04\/Razno-3-768x512.jpg\" class=\"attachment-medium_large size-medium_large\" alt=\"\" srcset=\"https:\/\/tzbaranje.hr\/en\/wp-content\/uploads\/sites\/2\/2024\/04\/Razno-3-768x512.jpg 768w, https:\/\/tzbaranje.hr\/en\/wp-content\/uploads\/sites\/2\/2024\/04\/Razno-3-300x200.jpg 300w, https:\/\/tzbaranje.hr\/en\/wp-content\/uploads\/sites\/2\/2024\/04\/Razno-3-225x150.jpg 225w, https:\/\/tzbaranje.hr\/en\/wp-content\/uploads\/sites\/2\/2024\/04\/Razno-3-120x80.jpg 120w, https:\/\/tzbaranje.hr\/en\/wp-content\/uploads\/sites\/2\/2024\/04\/Razno-3-394x263.jpg 394w, https:\/\/tzbaranje.hr\/en\/wp-content\/uploads\/sites\/2\/2024\/04\/Razno-3.jpg 900w\" sizes=\"(max-width: 768px) 100vw, 768px\" \/><\/a><div class=\"gallery-text\"><div class=\"image-title\">Razno-3.jpg<\/div><\/div><\/div><\/div><div class=\"row gallery-row\"><div class=\"col-sm-6 col-lg-6\"><a data-toggle=\"lightbox\" data-gallery=\"multiimages\" data-title=\"\"  class=\"thumbnail img-thumbnail\" href='https:\/\/tzbaranje.hr\/en\/wp-content\/uploads\/sites\/2\/2024\/04\/Razno-5.jpg'><img loading=\"lazy\" decoding=\"async\" width=\"768\" height=\"512\" src=\"https:\/\/tzbaranje.hr\/en\/wp-content\/uploads\/sites\/2\/2024\/04\/Razno-5-768x512.jpg\" class=\"attachment-medium_large size-medium_large\" alt=\"\" srcset=\"https:\/\/tzbaranje.hr\/en\/wp-content\/uploads\/sites\/2\/2024\/04\/Razno-5-768x512.jpg 768w, https:\/\/tzbaranje.hr\/en\/wp-content\/uploads\/sites\/2\/2024\/04\/Razno-5-300x200.jpg 300w, https:\/\/tzbaranje.hr\/en\/wp-content\/uploads\/sites\/2\/2024\/04\/Razno-5-225x150.jpg 225w, https:\/\/tzbaranje.hr\/en\/wp-content\/uploads\/sites\/2\/2024\/04\/Razno-5-120x80.jpg 120w, https:\/\/tzbaranje.hr\/en\/wp-content\/uploads\/sites\/2\/2024\/04\/Razno-5-394x263.jpg 394w, https:\/\/tzbaranje.hr\/en\/wp-content\/uploads\/sites\/2\/2024\/04\/Razno-5.jpg 900w\" sizes=\"(max-width: 768px) 100vw, 768px\" \/><\/a><div class=\"gallery-text\"><div class=\"image-title\">Razno-5.jpg<\/div><\/div><\/div><div class=\"col-sm-6 col-lg-6\"><a data-toggle=\"lightbox\" data-gallery=\"multiimages\" data-title=\"\"  class=\"thumbnail img-thumbnail\" href='https:\/\/tzbaranje.hr\/en\/wp-content\/uploads\/sites\/2\/2024\/04\/Razno-32-625x950.jpg'><img loading=\"lazy\" decoding=\"async\" width=\"658\" height=\"1000\" src=\"https:\/\/tzbaranje.hr\/en\/wp-content\/uploads\/sites\/2\/2024\/04\/Razno-32-625x950.jpg\" class=\"attachment-medium_large size-medium_large\" alt=\"\" srcset=\"https:\/\/tzbaranje.hr\/en\/wp-content\/uploads\/sites\/2\/2024\/04\/Razno-32-625x950.jpg 658w, https:\/\/tzbaranje.hr\/en\/wp-content\/uploads\/sites\/2\/2024\/04\/Razno-32-197x300.jpg 197w, https:\/\/tzbaranje.hr\/en\/wp-content\/uploads\/sites\/2\/2024\/04\/Razno-32-99x150.jpg 99w, https:\/\/tzbaranje.hr\/en\/wp-content\/uploads\/sites\/2\/2024\/04\/Razno-32-53x80.jpg 53w, https:\/\/tzbaranje.hr\/en\/wp-content\/uploads\/sites\/2\/2024\/04\/Razno-32-199x303.jpg 199w, https:\/\/tzbaranje.hr\/en\/wp-content\/uploads\/sites\/2\/2024\/04\/Razno-32-461x700.jpg 461w, https:\/\/tzbaranje.hr\/en\/wp-content\/uploads\/sites\/2\/2024\/04\/Razno-32-625x950.jpg 625w\" sizes=\"(max-width: 658px) 100vw, 658px\" \/><\/a><div class=\"gallery-text\"><div class=\"image-title\">Razno-32.jpg<\/div><\/div><\/div><\/div><\/div>\t\t<\/div>\n\t\t\t\t<\/div>\n\t\t\t\t<\/div>\n\t\t\t\t\t<\/div>\n\t\t<\/div>\n\t\t\t\t\t<\/div>\n\t\t<\/section>\n\t\t\t\t<section class=\"elementor-section elementor-top-section elementor-element elementor-element-f393cb8 elementor-section-boxed elementor-section-height-default elementor-section-height-default\" data-id=\"f393cb8\" data-element_type=\"section\">\n\t\t\t\t\t\t<div class=\"elementor-container elementor-column-gap-default\">\n\t\t\t\t\t<div class=\"elementor-column elementor-col-100 elementor-top-column elementor-element elementor-element-405c66f\" data-id=\"405c66f\" data-element_type=\"column\">\n\t\t\t<div class=\"elementor-widget-wrap elementor-element-populated\">\n\t\t\t\t\t\t<div class=\"elementor-element elementor-element-8f84f74 elementor-widget elementor-widget-spacer\" data-id=\"8f84f74\" data-element_type=\"widget\" data-widget_type=\"spacer.default\">\n\t\t\t\t<div class=\"elementor-widget-container\">\n\t\t\t\t\t<div class=\"elementor-spacer\">\n\t\t\t<div class=\"elementor-spacer-inner\"><\/div>\n\t\t<\/div>\n\t\t\t\t<\/div>\n\t\t\t\t<\/div>\n\t\t\t\t\t<\/div>\n\t\t<\/div>\n\t\t\t\t\t<\/div>\n\t\t<\/section>\n\t\t\t\t<\/div>\n\t\t","protected":false},"excerpt":{"rendered":"<p>More about excursions as part of the mystical Baranja program: Brochure: Misti\u010dna Baranja Phone: 099 834 6999 099 6840887 E-mail: misticnabaranja@ruralniturizam-djola.hr Web: Misti\u010dna Baranja Facebook: Misti\u010dna Baranja Youtube: Udruga za Ruralni turizam IMG_2456.jpgIMG_2641.jpgIMG_6790.jpgIMG_6958.jpgIMG_7037.jpgRazno-3.jpgRazno-5.jpgRazno-32.jpg<\/p>\n","protected":false},"author":1,"featured_media":0,"parent":289,"menu_order":0,"comment_status":"closed","ping_status":"closed","template":"","meta":{"footnotes":""},"class_list":["post-16873","page","type-page","status-publish","hentry"],"yoast_head":"<!-- This site is optimized with the Yoast SEO plugin v27.0 - https:\/\/yoast.com\/product\/yoast-seo-wordpress\/ -->\n<title>Mystical Baranja - Visit Baranja<\/title>\n<meta name=\"robots\" content=\"index, follow, max-snippet:-1, max-image-preview:large, max-video-preview:-1\" \/>\n<link rel=\"canonical\" href=\"https:\/\/tzbaranje.hr\/en\/experience\/activities\/mystical-baranja\/\" \/>\n<meta property=\"og:locale\" content=\"en_US\" \/>\n<meta property=\"og:type\" content=\"article\" \/>\n<meta property=\"og:title\" content=\"Mystical Baranja - Visit Baranja\" \/>\n<meta property=\"og:description\" content=\"More about excursions as part of the mystical Baranja program: Brochure: Misti\u010dna Baranja Phone: 099 834 6999 099 6840887 E-mail: misticnabaranja@ruralniturizam-djola.hr Web: Misti\u010dna Baranja Facebook: Misti\u010dna Baranja Youtube: Udruga za Ruralni turizam IMG_2456.jpgIMG_2641.jpgIMG_6790.jpgIMG_6958.jpgIMG_7037.jpgRazno-3.jpgRazno-5.jpgRazno-32.jpg\" \/>\n<meta property=\"og:url\" content=\"https:\/\/tzbaranje.hr\/en\/experience\/activities\/mystical-baranja\/\" \/>\n<meta property=\"og:site_name\" content=\"Visit Baranja\" \/>\n<meta property=\"article:modified_time\" content=\"2024-04-10T21:31:14+00:00\" \/>\n<meta property=\"og:image\" content=\"https:\/\/tzbaranje.hr\/en\/wp-content\/uploads\/sites\/2\/2024\/04\/IMG_2456-768x512.jpg\" \/>\n<meta name=\"twitter:card\" content=\"summary_large_image\" \/>\n<meta name=\"twitter:label1\" content=\"Est. reading time\" \/>\n\t<meta name=\"twitter:data1\" content=\"2 minutes\" \/>\n<script type=\"application\/ld+json\" class=\"yoast-schema-graph\">{\"@context\":\"https:\/\/schema.org\",\"@graph\":[{\"@type\":\"WebPage\",\"@id\":\"https:\/\/tzbaranje.hr\/en\/experience\/activities\/mystical-baranja\/\",\"url\":\"https:\/\/tzbaranje.hr\/en\/experience\/activities\/mystical-baranja\/\",\"name\":\"Mystical Baranja - Visit Baranja\",\"isPartOf\":{\"@id\":\"https:\/\/tzbaranje.hr\/en\/#website\"},\"primaryImageOfPage\":{\"@id\":\"https:\/\/tzbaranje.hr\/en\/experience\/activities\/mystical-baranja\/#primaryimage\"},\"image\":{\"@id\":\"https:\/\/tzbaranje.hr\/en\/experience\/activities\/mystical-baranja\/#primaryimage\"},\"thumbnailUrl\":\"https:\/\/tzbaranje.hr\/en\/wp-content\/uploads\/sites\/2\/2024\/04\/IMG_2456-768x512.jpg\",\"datePublished\":\"2024-04-10T21:28:25+00:00\",\"dateModified\":\"2024-04-10T21:31:14+00:00\",\"breadcrumb\":{\"@id\":\"https:\/\/tzbaranje.hr\/en\/experience\/activities\/mystical-baranja\/#breadcrumb\"},\"inLanguage\":\"en-US\",\"potentialAction\":[{\"@type\":\"ReadAction\",\"target\":[\"https:\/\/tzbaranje.hr\/en\/experience\/activities\/mystical-baranja\/\"]}]},{\"@type\":\"ImageObject\",\"inLanguage\":\"en-US\",\"@id\":\"https:\/\/tzbaranje.hr\/en\/experience\/activities\/mystical-baranja\/#primaryimage\",\"url\":\"https:\/\/tzbaranje.hr\/en\/wp-content\/uploads\/sites\/2\/2024\/04\/IMG_2456.jpg\",\"contentUrl\":\"https:\/\/tzbaranje.hr\/en\/wp-content\/uploads\/sites\/2\/2024\/04\/IMG_2456.jpg\",\"width\":1000,\"height\":667},{\"@type\":\"BreadcrumbList\",\"@id\":\"https:\/\/tzbaranje.hr\/en\/experience\/activities\/mystical-baranja\/#breadcrumb\",\"itemListElement\":[{\"@type\":\"ListItem\",\"position\":1,\"name\":\"Po\u010detna stranica\",\"item\":\"https:\/\/tzbaranje.hr\/en\/\"},{\"@type\":\"ListItem\",\"position\":2,\"name\":\"Experience\",\"item\":\"https:\/\/tzbaranje.hr\/en\/experience\/\"},{\"@type\":\"ListItem\",\"position\":3,\"name\":\"Activities\",\"item\":\"https:\/\/tzbaranje.hr\/en\/experience\/activities\/\"},{\"@type\":\"ListItem\",\"position\":4,\"name\":\"Mystical Baranja\"}]},{\"@type\":\"WebSite\",\"@id\":\"https:\/\/tzbaranje.hr\/en\/#website\",\"url\":\"https:\/\/tzbaranje.hr\/en\/\",\"name\":\"Visit Baranja\",\"description\":\"\",\"potentialAction\":[{\"@type\":\"SearchAction\",\"target\":{\"@type\":\"EntryPoint\",\"urlTemplate\":\"https:\/\/tzbaranje.hr\/en\/?s={search_term_string}\"},\"query-input\":{\"@type\":\"PropertyValueSpecification\",\"valueRequired\":true,\"valueName\":\"search_term_string\"}}],\"inLanguage\":\"en-US\"}]}<\/script>\n<!-- \/ Yoast SEO plugin. -->","yoast_head_json":{"title":"Mystical Baranja - Visit Baranja","robots":{"index":"index","follow":"follow","max-snippet":"max-snippet:-1","max-image-preview":"max-image-preview:large","max-video-preview":"max-video-preview:-1"},"canonical":"https:\/\/tzbaranje.hr\/en\/experience\/activities\/mystical-baranja\/","og_locale":"en_US","og_type":"article","og_title":"Mystical Baranja - Visit Baranja","og_description":"More about excursions as part of the mystical Baranja program: Brochure: Misti\u010dna Baranja Phone: 099 834 6999 099 6840887 E-mail: misticnabaranja@ruralniturizam-djola.hr Web: Misti\u010dna Baranja Facebook: Misti\u010dna Baranja Youtube: Udruga za Ruralni turizam IMG_2456.jpgIMG_2641.jpgIMG_6790.jpgIMG_6958.jpgIMG_7037.jpgRazno-3.jpgRazno-5.jpgRazno-32.jpg","og_url":"https:\/\/tzbaranje.hr\/en\/experience\/activities\/mystical-baranja\/","og_site_name":"Visit Baranja","article_modified_time":"2024-04-10T21:31:14+00:00","og_image":[{"url":"https:\/\/tzbaranje.hr\/en\/wp-content\/uploads\/sites\/2\/2024\/04\/IMG_2456-768x512.jpg","type":"","width":"","height":""}],"twitter_card":"summary_large_image","twitter_misc":{"Est. reading time":"2 minutes"},"schema":{"@context":"https:\/\/schema.org","@graph":[{"@type":"WebPage","@id":"https:\/\/tzbaranje.hr\/en\/experience\/activities\/mystical-baranja\/","url":"https:\/\/tzbaranje.hr\/en\/experience\/activities\/mystical-baranja\/","name":"Mystical Baranja - Visit Baranja","isPartOf":{"@id":"https:\/\/tzbaranje.hr\/en\/#website"},"primaryImageOfPage":{"@id":"https:\/\/tzbaranje.hr\/en\/experience\/activities\/mystical-baranja\/#primaryimage"},"image":{"@id":"https:\/\/tzbaranje.hr\/en\/experience\/activities\/mystical-baranja\/#primaryimage"},"thumbnailUrl":"https:\/\/tzbaranje.hr\/en\/wp-content\/uploads\/sites\/2\/2024\/04\/IMG_2456-768x512.jpg","datePublished":"2024-04-10T21:28:25+00:00","dateModified":"2024-04-10T21:31:14+00:00","breadcrumb":{"@id":"https:\/\/tzbaranje.hr\/en\/experience\/activities\/mystical-baranja\/#breadcrumb"},"inLanguage":"en-US","potentialAction":[{"@type":"ReadAction","target":["https:\/\/tzbaranje.hr\/en\/experience\/activities\/mystical-baranja\/"]}]},{"@type":"ImageObject","inLanguage":"en-US","@id":"https:\/\/tzbaranje.hr\/en\/experience\/activities\/mystical-baranja\/#primaryimage","url":"https:\/\/tzbaranje.hr\/en\/wp-content\/uploads\/sites\/2\/2024\/04\/IMG_2456.jpg","contentUrl":"https:\/\/tzbaranje.hr\/en\/wp-content\/uploads\/sites\/2\/2024\/04\/IMG_2456.jpg","width":1000,"height":667},{"@type":"BreadcrumbList","@id":"https:\/\/tzbaranje.hr\/en\/experience\/activities\/mystical-baranja\/#breadcrumb","itemListElement":[{"@type":"ListItem","position":1,"name":"Po\u010detna stranica","item":"https:\/\/tzbaranje.hr\/en\/"},{"@type":"ListItem","position":2,"name":"Experience","item":"https:\/\/tzbaranje.hr\/en\/experience\/"},{"@type":"ListItem","position":3,"name":"Activities","item":"https:\/\/tzbaranje.hr\/en\/experience\/activities\/"},{"@type":"ListItem","position":4,"name":"Mystical Baranja"}]},{"@type":"WebSite","@id":"https:\/\/tzbaranje.hr\/en\/#website","url":"https:\/\/tzbaranje.hr\/en\/","name":"Visit Baranja","description":"","potentialAction":[{"@type":"SearchAction","target":{"@type":"EntryPoint","urlTemplate":"https:\/\/tzbaranje.hr\/en\/?s={search_term_string}"},"query-input":{"@type":"PropertyValueSpecification","valueRequired":true,"valueName":"search_term_string"}}],"inLanguage":"en-US"}]}},"_links":{"self":[{"href":"https:\/\/tzbaranje.hr\/en\/wp-json\/wp\/v2\/pages\/16873","targetHints":{"allow":["GET"]}}],"collection":[{"href":"https:\/\/tzbaranje.hr\/en\/wp-json\/wp\/v2\/pages"}],"about":[{"href":"https:\/\/tzbaranje.hr\/en\/wp-json\/wp\/v2\/types\/page"}],"author":[{"embeddable":true,"href":"https:\/\/tzbaranje.hr\/en\/wp-json\/wp\/v2\/users\/1"}],"replies":[{"embeddable":true,"href":"https:\/\/tzbaranje.hr\/en\/wp-json\/wp\/v2\/comments?post=16873"}],"version-history":[{"count":4,"href":"https:\/\/tzbaranje.hr\/en\/wp-json\/wp\/v2\/pages\/16873\/revisions"}],"predecessor-version":[{"id":16885,"href":"https:\/\/tzbaranje.hr\/en\/wp-json\/wp\/v2\/pages\/16873\/revisions\/16885"}],"up":[{"embeddable":true,"href":"https:\/\/tzbaranje.hr\/en\/wp-json\/wp\/v2\/pages\/289"}],"wp:attachment":[{"href":"https:\/\/tzbaranje.hr\/en\/wp-json\/wp\/v2\/media?parent=16873"}],"curies":[{"name":"wp","href":"https:\/\/api.w.org\/{rel}","templated":true}]}}