{"id":1614,"date":"2019-06-19T15:48:42","date_gmt":"2019-06-19T13:48:42","guid":{"rendered":"http:\/\/tzbaranje.hr\/en\/?page_id=1614"},"modified":"2020-09-01T15:29:10","modified_gmt":"2020-09-01T13:29:10","slug":"hunting-lodges","status":"publish","type":"page","link":"https:\/\/tzbaranje.hr\/en\/accommodation\/hunting-lodges\/","title":{"rendered":"Hunting lodges"},"content":{"rendered":"\t\t<div data-elementor-type=\"wp-post\" data-elementor-id=\"1614\" class=\"elementor elementor-1614\">\n\t\t\t\t\t\t<section class=\"elementor-section elementor-top-section elementor-element elementor-element-8e33fb9 elementor-section-boxed elementor-section-height-default elementor-section-height-default\" data-id=\"8e33fb9\" data-element_type=\"section\">\n\t\t\t\t\t\t<div class=\"elementor-container elementor-column-gap-default\">\n\t\t\t\t\t<div class=\"elementor-column elementor-col-100 elementor-top-column elementor-element elementor-element-a8555d8\" data-id=\"a8555d8\" data-element_type=\"column\">\n\t\t\t<div class=\"elementor-widget-wrap elementor-element-populated\">\n\t\t\t\t\t\t<div class=\"elementor-element elementor-element-ddbe8df elementor-widget elementor-widget-spacer\" data-id=\"ddbe8df\" data-element_type=\"widget\" data-widget_type=\"spacer.default\">\n\t\t\t\t<div class=\"elementor-widget-container\">\n\t\t\t\t\t<div class=\"elementor-spacer\">\n\t\t\t<div class=\"elementor-spacer-inner\"><\/div>\n\t\t<\/div>\n\t\t\t\t<\/div>\n\t\t\t\t<\/div>\n\t\t\t\t\t<\/div>\n\t\t<\/div>\n\t\t\t\t\t<\/div>\n\t\t<\/section>\n\t\t\t\t<section class=\"elementor-section elementor-top-section elementor-element elementor-element-85bf649 elementor-section-boxed elementor-section-height-default elementor-section-height-default\" data-id=\"85bf649\" data-element_type=\"section\">\n\t\t\t\t\t\t<div class=\"elementor-container elementor-column-gap-default\">\n\t\t\t\t\t<div class=\"elementor-column elementor-col-100 elementor-top-column elementor-element elementor-element-3372654\" data-id=\"3372654\" data-element_type=\"column\">\n\t\t\t<div class=\"elementor-widget-wrap elementor-element-populated\">\n\t\t\t\t\t\t<div class=\"elementor-element elementor-element-0a017f7 elementor-widget elementor-widget-heading\" data-id=\"0a017f7\" data-element_type=\"widget\" data-widget_type=\"heading.default\">\n\t\t\t\t<div class=\"elementor-widget-container\">\n\t\t\t<h1 class=\"elementor-heading-title elementor-size-default\">Private accommodation<\/h1>\t\t<\/div>\n\t\t\t\t<\/div>\n\t\t\t\t\t<\/div>\n\t\t<\/div>\n\t\t\t\t\t<\/div>\n\t\t<\/section>\n\t\t\t\t<section class=\"elementor-section elementor-top-section elementor-element elementor-element-c4bab52 elementor-section-boxed elementor-section-height-default elementor-section-height-default\" data-id=\"c4bab52\" data-element_type=\"section\">\n\t\t\t\t\t\t<div class=\"elementor-container elementor-column-gap-default\">\n\t\t\t\t\t<div class=\"elementor-column elementor-col-100 elementor-top-column elementor-element elementor-element-e083acf\" data-id=\"e083acf\" data-element_type=\"column\">\n\t\t\t<div class=\"elementor-widget-wrap elementor-element-populated\">\n\t\t\t\t\t\t<div class=\"elementor-element elementor-element-5ebf36f elementor-widget-divider--view-line elementor-widget elementor-widget-divider\" data-id=\"5ebf36f\" data-element_type=\"widget\" data-widget_type=\"divider.default\">\n\t\t\t\t<div class=\"elementor-widget-container\">\n\t\t\t\t\t<div class=\"elementor-divider\">\n\t\t\t<span class=\"elementor-divider-separator\">\n\t\t\t\t\t\t<\/span>\n\t\t<\/div>\n\t\t\t\t<\/div>\n\t\t\t\t<\/div>\n\t\t\t\t\t<\/div>\n\t\t<\/div>\n\t\t\t\t\t<\/div>\n\t\t<\/section>\n\t\t\t\t<section class=\"elementor-section elementor-top-section elementor-element elementor-element-8c6e825 elementor-section-boxed elementor-section-height-default elementor-section-height-default\" data-id=\"8c6e825\" data-element_type=\"section\">\n\t\t\t\t\t\t<div class=\"elementor-container elementor-column-gap-default\">\n\t\t\t\t\t<div class=\"elementor-column elementor-col-100 elementor-top-column elementor-element elementor-element-fac8068\" data-id=\"fac8068\" data-element_type=\"column\">\n\t\t\t<div class=\"elementor-widget-wrap elementor-element-populated\">\n\t\t\t\t\t\t<div class=\"elementor-element elementor-element-62bc662 elementor-widget elementor-widget-spacer\" data-id=\"62bc662\" data-element_type=\"widget\" data-widget_type=\"spacer.default\">\n\t\t\t\t<div class=\"elementor-widget-container\">\n\t\t\t\t\t<div class=\"elementor-spacer\">\n\t\t\t<div class=\"elementor-spacer-inner\"><\/div>\n\t\t<\/div>\n\t\t\t\t<\/div>\n\t\t\t\t<\/div>\n\t\t\t\t\t<\/div>\n\t\t<\/div>\n\t\t\t\t\t<\/div>\n\t\t<\/section>\n\t\t\t\t<section class=\"elementor-section elementor-top-section elementor-element elementor-element-66e94dc elementor-section-boxed elementor-section-height-default elementor-section-height-default\" data-id=\"66e94dc\" data-element_type=\"section\">\n\t\t\t\t\t\t<div class=\"elementor-container elementor-column-gap-default\">\n\t\t\t\t\t<div class=\"elementor-column elementor-col-25 elementor-top-column elementor-element elementor-element-f5d744e\" data-id=\"f5d744e\" data-element_type=\"column\">\n\t\t\t<div class=\"elementor-widget-wrap elementor-element-populated\">\n\t\t\t\t\t\t<div class=\"elementor-element elementor-element-69526bf elementor-widget elementor-widget-heading\" data-id=\"69526bf\" data-element_type=\"widget\" data-widget_type=\"heading.default\">\n\t\t\t\t<div class=\"elementor-widget-container\">\n\t\t\t<h4 class=\"elementor-heading-title elementor-size-default\"><a href=\"https:\/\/tzbaranje.hr\/en\/accommodation\/apartments\/\">Apartments\n<\/a><\/h4>\t\t<\/div>\n\t\t\t\t<\/div>\n\t\t\t\t<div class=\"elementor-element elementor-element-5dfdfb8 elementor-widget elementor-widget-heading\" data-id=\"5dfdfb8\" data-element_type=\"widget\" data-widget_type=\"heading.default\">\n\t\t\t\t<div class=\"elementor-widget-container\">\n\t\t\t<h4 class=\"elementor-heading-title elementor-size-default\"><a href=\"https:\/\/tzbaranje.hr\/en\/accommodation\/leisure-houses\/\">Leisure houses<\/a><\/h4>\t\t<\/div>\n\t\t\t\t<\/div>\n\t\t\t\t<div class=\"elementor-element elementor-element-9d5fc95 elementor-widget elementor-widget-heading\" data-id=\"9d5fc95\" data-element_type=\"widget\" data-widget_type=\"heading.default\">\n\t\t\t\t<div class=\"elementor-widget-container\">\n\t\t\t<h4 class=\"elementor-heading-title elementor-size-default\"><a href=\"https:\/\/tzbaranje.hr\/en\/accommodation\/hunting-lodges\/\">Hunting lodges\n&rarr;<\/a><\/h4>\t\t<\/div>\n\t\t\t\t<\/div>\n\t\t\t\t<div class=\"elementor-element elementor-element-3dab9bf elementor-widget elementor-widget-heading\" data-id=\"3dab9bf\" data-element_type=\"widget\" data-widget_type=\"heading.default\">\n\t\t\t\t<div class=\"elementor-widget-container\">\n\t\t\t<h4 class=\"elementor-heading-title elementor-size-default\"><a href=\"https:\/\/tzbaranje.hr\/en\/accommodation\/rural-households\/\">Rural households <\/a><\/h4>\t\t<\/div>\n\t\t\t\t<\/div>\n\t\t\t\t<div class=\"elementor-element elementor-element-fe0d4cb elementor-widget elementor-widget-heading\" data-id=\"fe0d4cb\" data-element_type=\"widget\" data-widget_type=\"heading.default\">\n\t\t\t\t<div class=\"elementor-widget-container\">\n\t\t\t<h4 class=\"elementor-heading-title elementor-size-default\"><a href=\"https:\/\/tzbaranje.hr\/en\/accommodation\/pansion\/\">Pansion<\/a><\/h4>\t\t<\/div>\n\t\t\t\t<\/div>\n\t\t\t\t<div class=\"elementor-element elementor-element-a4cf72c elementor-widget elementor-widget-heading\" data-id=\"a4cf72c\" data-element_type=\"widget\" data-widget_type=\"heading.default\">\n\t\t\t\t<div class=\"elementor-widget-container\">\n\t\t\t<h4 class=\"elementor-heading-title elementor-size-default\"><a href=\"https:\/\/tzbaranje.hr\/en\/accommodation\/rooms\/\">Rooms<\/a><\/h4>\t\t<\/div>\n\t\t\t\t<\/div>\n\t\t\t\t\t<\/div>\n\t\t<\/div>\n\t\t\t\t<div class=\"elementor-column elementor-col-25 elementor-top-column elementor-element elementor-element-8a8879a\" data-id=\"8a8879a\" data-element_type=\"column\">\n\t\t\t<div class=\"elementor-widget-wrap elementor-element-populated\">\n\t\t\t\t\t\t<div class=\"elementor-element elementor-element-11a7e67 elementor-position-top elementor-widget elementor-widget-image-box\" data-id=\"11a7e67\" data-element_type=\"widget\" data-widget_type=\"image-box.default\">\n\t\t\t\t<div class=\"elementor-widget-container\">\n\t\t\t<div class=\"elementor-image-box-wrapper\"><figure class=\"elementor-image-box-img\"><a href=\"https:\/\/tzbaranje.hr\/en\/accommodation\/hunting-lodges\/croatian-forests-hunting-lodges\/\" tabindex=\"-1\"><img decoding=\"async\" src=\"https:\/\/tzbaranje.hr\/en\/wp-content\/uploads\/sites\/2\/elementor\/thumbs\/monjoros_1-oagym0wk61hdrbw3q6087bx6k8b82rnxlfh7ul7hrg.jpg\" title=\"monjoros_1\" alt=\"monjoros_1\" loading=\"lazy\" \/><\/a><\/figure><div class=\"elementor-image-box-content\"><h3 class=\"elementor-image-box-title\"><a href=\"https:\/\/tzbaranje.hr\/en\/accommodation\/hunting-lodges\/croatian-forests-hunting-lodges\/\">Croatian forests<\/a><\/h3><p class=\"elementor-image-box-description\">\u0106o\u0161ak \u0161ume | Monjoro\u0161 | Zlatna greda<\/p><\/div><\/div>\t\t<\/div>\n\t\t\t\t<\/div>\n\t\t\t\t\t<\/div>\n\t\t<\/div>\n\t\t\t\t<div class=\"elementor-column elementor-col-25 elementor-top-column elementor-element elementor-element-05946d3\" data-id=\"05946d3\" data-element_type=\"column\">\n\t\t\t<div class=\"elementor-widget-wrap elementor-element-populated\">\n\t\t\t\t\t\t<div class=\"elementor-element elementor-element-b5173ce elementor-position-top elementor-widget elementor-widget-image-box\" data-id=\"b5173ce\" data-element_type=\"widget\" data-widget_type=\"image-box.default\">\n\t\t\t\t<div class=\"elementor-widget-container\">\n\t\t\t<div class=\"elementor-image-box-wrapper\"><figure class=\"elementor-image-box-img\"><a href=\"https:\/\/tzbaranje.hr\/en\/accommodation\/hunting-lodges\/hunting-lodge-agria\/\" tabindex=\"-1\"><img decoding=\"async\" src=\"https:\/\/tzbaranje.hr\/en\/wp-content\/uploads\/sites\/2\/elementor\/thumbs\/Agria-lov-d.o.o.-Lova\u010dka-ku\u0107a-oagy9a7biw1gdmee4nqaejo8o743qh2x6d49nk3m3w.jpg\" title=\"Agria-lov-d.o.o.-Lova\u010dka-ku\u0107a\" alt=\"Agria-lov-d.o.o.-Lova\u010dka-ku\u0107a\" loading=\"lazy\" \/><\/a><\/figure><div class=\"elementor-image-box-content\"><h3 class=\"elementor-image-box-title\"><a href=\"https:\/\/tzbaranje.hr\/en\/accommodation\/hunting-lodges\/hunting-lodge-agria\/\">Agria<\/a><\/h3><p class=\"elementor-image-box-description\">Karanac<\/p><\/div><\/div>\t\t<\/div>\n\t\t\t\t<\/div>\n\t\t\t\t\t<\/div>\n\t\t<\/div>\n\t\t\t\t<div class=\"elementor-column elementor-col-25 elementor-top-column elementor-element elementor-element-980edf1\" data-id=\"980edf1\" data-element_type=\"column\">\n\t\t\t<div class=\"elementor-widget-wrap elementor-element-populated\">\n\t\t\t\t\t\t<div class=\"elementor-element elementor-element-39fd083 elementor-position-top elementor-widget elementor-widget-image-box\" data-id=\"39fd083\" data-element_type=\"widget\" data-widget_type=\"image-box.default\">\n\t\t\t\t<div class=\"elementor-widget-container\">\n\t\t\t<div class=\"elementor-image-box-wrapper\"><figure class=\"elementor-image-box-img\"><a href=\"https:\/\/tzbaranje.hr\/en\/accommodation\/hunting-lodges\/hunting-house-fermopromet\/\" tabindex=\"-1\"><img decoding=\"async\" src=\"https:\/\/tzbaranje.hr\/en\/wp-content\/uploads\/sites\/2\/elementor\/thumbs\/L6O9488-oagylkxaxuvi9yjbbh3kixycgohzfwwhv8dyovv6p8.jpg\" title=\"L6O9488\" alt=\"L6O9488\" loading=\"lazy\" \/><\/a><\/figure><div class=\"elementor-image-box-content\"><h3 class=\"elementor-image-box-title\"><a href=\"https:\/\/tzbaranje.hr\/en\/accommodation\/hunting-lodges\/hunting-house-fermopromet\/\">Fermopromet<\/a><\/h3><p class=\"elementor-image-box-description\">Novo Nevesinje<\/p><\/div><\/div>\t\t<\/div>\n\t\t\t\t<\/div>\n\t\t\t\t\t<\/div>\n\t\t<\/div>\n\t\t\t\t\t<\/div>\n\t\t<\/section>\n\t\t\t\t<section class=\"elementor-section elementor-top-section elementor-element elementor-element-0895f75 elementor-section-boxed elementor-section-height-default elementor-section-height-default\" data-id=\"0895f75\" data-element_type=\"section\">\n\t\t\t\t\t\t<div class=\"elementor-container elementor-column-gap-default\">\n\t\t\t\t\t<div class=\"elementor-column elementor-col-100 elementor-top-column elementor-element elementor-element-b42335f\" data-id=\"b42335f\" data-element_type=\"column\">\n\t\t\t<div class=\"elementor-widget-wrap elementor-element-populated\">\n\t\t\t\t\t\t<div class=\"elementor-element elementor-element-c9ea68e elementor-widget elementor-widget-spacer\" data-id=\"c9ea68e\" data-element_type=\"widget\" data-widget_type=\"spacer.default\">\n\t\t\t\t<div class=\"elementor-widget-container\">\n\t\t\t\t\t<div class=\"elementor-spacer\">\n\t\t\t<div class=\"elementor-spacer-inner\"><\/div>\n\t\t<\/div>\n\t\t\t\t<\/div>\n\t\t\t\t<\/div>\n\t\t\t\t\t<\/div>\n\t\t<\/div>\n\t\t\t\t\t<\/div>\n\t\t<\/section>\n\t\t\t\t<\/div>\n\t\t","protected":false},"excerpt":{"rendered":"<p>Private accommodation Apartments Leisure houses Hunting lodges &rarr; Rural households Pansion Rooms Croatian forests \u0106o\u0161ak \u0161ume | Monjoro\u0161 | Zlatna greda Agria Karanac Fermopromet Novo Nevesinje<\/p>\n","protected":false},"author":1,"featured_media":0,"parent":52,"menu_order":0,"comment_status":"closed","ping_status":"closed","template":"","meta":{"footnotes":""},"class_list":["post-1614","page","type-page","status-publish","hentry"],"yoast_head":"<!-- This site is optimized with the Yoast SEO plugin v27.0 - https:\/\/yoast.com\/product\/yoast-seo-wordpress\/ -->\n<title>Hunting lodges - Visit Baranja<\/title>\n<meta name=\"robots\" content=\"index, follow, max-snippet:-1, max-image-preview:large, max-video-preview:-1\" \/>\n<link rel=\"canonical\" href=\"https:\/\/tzbaranje.hr\/en\/accommodation\/hunting-lodges\/\" \/>\n<meta property=\"og:locale\" content=\"en_US\" \/>\n<meta property=\"og:type\" content=\"article\" \/>\n<meta property=\"og:title\" content=\"Hunting lodges - Visit Baranja\" \/>\n<meta property=\"og:description\" content=\"Private accommodation Apartments Leisure houses Hunting lodges &rarr; Rural households Pansion Rooms Croatian forests \u0106o\u0161ak \u0161ume | Monjoro\u0161 | Zlatna greda Agria Karanac Fermopromet Novo Nevesinje\" \/>\n<meta property=\"og:url\" content=\"https:\/\/tzbaranje.hr\/en\/accommodation\/hunting-lodges\/\" \/>\n<meta property=\"og:site_name\" content=\"Visit Baranja\" \/>\n<meta property=\"article:modified_time\" content=\"2020-09-01T13:29:10+00:00\" \/>\n<meta property=\"og:image\" content=\"https:\/\/tzbaranje.hr\/en\/wp-content\/uploads\/sites\/2\/elementor\/thumbs\/monjoros_1-oagym0wk61hdrbw3q6087bx6k8b82rnxlfh7ul7hrg.jpg\" \/>\n<meta name=\"twitter:card\" content=\"summary_large_image\" \/>\n<script type=\"application\/ld+json\" class=\"yoast-schema-graph\">{\"@context\":\"https:\/\/schema.org\",\"@graph\":[{\"@type\":\"WebPage\",\"@id\":\"https:\/\/tzbaranje.hr\/en\/accommodation\/hunting-lodges\/\",\"url\":\"https:\/\/tzbaranje.hr\/en\/accommodation\/hunting-lodges\/\",\"name\":\"Hunting lodges - Visit Baranja\",\"isPartOf\":{\"@id\":\"https:\/\/tzbaranje.hr\/en\/#website\"},\"primaryImageOfPage\":{\"@id\":\"https:\/\/tzbaranje.hr\/en\/accommodation\/hunting-lodges\/#primaryimage\"},\"image\":{\"@id\":\"https:\/\/tzbaranje.hr\/en\/accommodation\/hunting-lodges\/#primaryimage\"},\"thumbnailUrl\":\"https:\/\/tzbaranje.hr\/en\/wp-content\/uploads\/sites\/2\/elementor\/thumbs\/monjoros_1-oagym0wk61hdrbw3q6087bx6k8b82rnxlfh7ul7hrg.jpg\",\"datePublished\":\"2019-06-19T13:48:42+00:00\",\"dateModified\":\"2020-09-01T13:29:10+00:00\",\"breadcrumb\":{\"@id\":\"https:\/\/tzbaranje.hr\/en\/accommodation\/hunting-lodges\/#breadcrumb\"},\"inLanguage\":\"en-US\",\"potentialAction\":[{\"@type\":\"ReadAction\",\"target\":[\"https:\/\/tzbaranje.hr\/en\/accommodation\/hunting-lodges\/\"]}]},{\"@type\":\"ImageObject\",\"inLanguage\":\"en-US\",\"@id\":\"https:\/\/tzbaranje.hr\/en\/accommodation\/hunting-lodges\/#primaryimage\",\"url\":\"https:\/\/tzbaranje.hr\/en\/wp-content\/uploads\/sites\/2\/elementor\/thumbs\/monjoros_1-oagym0wk61hdrbw3q6087bx6k8b82rnxlfh7ul7hrg.jpg\",\"contentUrl\":\"https:\/\/tzbaranje.hr\/en\/wp-content\/uploads\/sites\/2\/elementor\/thumbs\/monjoros_1-oagym0wk61hdrbw3q6087bx6k8b82rnxlfh7ul7hrg.jpg\"},{\"@type\":\"BreadcrumbList\",\"@id\":\"https:\/\/tzbaranje.hr\/en\/accommodation\/hunting-lodges\/#breadcrumb\",\"itemListElement\":[{\"@type\":\"ListItem\",\"position\":1,\"name\":\"Po\u010detna stranica\",\"item\":\"https:\/\/tzbaranje.hr\/en\/\"},{\"@type\":\"ListItem\",\"position\":2,\"name\":\"Accommodation\",\"item\":\"https:\/\/tzbaranje.hr\/en\/accommodation\/\"},{\"@type\":\"ListItem\",\"position\":3,\"name\":\"Hunting lodges\"}]},{\"@type\":\"WebSite\",\"@id\":\"https:\/\/tzbaranje.hr\/en\/#website\",\"url\":\"https:\/\/tzbaranje.hr\/en\/\",\"name\":\"Visit Baranja\",\"description\":\"\",\"potentialAction\":[{\"@type\":\"SearchAction\",\"target\":{\"@type\":\"EntryPoint\",\"urlTemplate\":\"https:\/\/tzbaranje.hr\/en\/?s={search_term_string}\"},\"query-input\":{\"@type\":\"PropertyValueSpecification\",\"valueRequired\":true,\"valueName\":\"search_term_string\"}}],\"inLanguage\":\"en-US\"}]}<\/script>\n<!-- \/ Yoast SEO plugin. -->","yoast_head_json":{"title":"Hunting lodges - Visit Baranja","robots":{"index":"index","follow":"follow","max-snippet":"max-snippet:-1","max-image-preview":"max-image-preview:large","max-video-preview":"max-video-preview:-1"},"canonical":"https:\/\/tzbaranje.hr\/en\/accommodation\/hunting-lodges\/","og_locale":"en_US","og_type":"article","og_title":"Hunting lodges - Visit Baranja","og_description":"Private accommodation Apartments Leisure houses Hunting lodges &rarr; Rural households Pansion Rooms Croatian forests \u0106o\u0161ak \u0161ume | Monjoro\u0161 | Zlatna greda Agria Karanac Fermopromet Novo Nevesinje","og_url":"https:\/\/tzbaranje.hr\/en\/accommodation\/hunting-lodges\/","og_site_name":"Visit Baranja","article_modified_time":"2020-09-01T13:29:10+00:00","og_image":[{"url":"https:\/\/tzbaranje.hr\/en\/wp-content\/uploads\/sites\/2\/elementor\/thumbs\/monjoros_1-oagym0wk61hdrbw3q6087bx6k8b82rnxlfh7ul7hrg.jpg","type":"","width":"","height":""}],"twitter_card":"summary_large_image","schema":{"@context":"https:\/\/schema.org","@graph":[{"@type":"WebPage","@id":"https:\/\/tzbaranje.hr\/en\/accommodation\/hunting-lodges\/","url":"https:\/\/tzbaranje.hr\/en\/accommodation\/hunting-lodges\/","name":"Hunting lodges - Visit Baranja","isPartOf":{"@id":"https:\/\/tzbaranje.hr\/en\/#website"},"primaryImageOfPage":{"@id":"https:\/\/tzbaranje.hr\/en\/accommodation\/hunting-lodges\/#primaryimage"},"image":{"@id":"https:\/\/tzbaranje.hr\/en\/accommodation\/hunting-lodges\/#primaryimage"},"thumbnailUrl":"https:\/\/tzbaranje.hr\/en\/wp-content\/uploads\/sites\/2\/elementor\/thumbs\/monjoros_1-oagym0wk61hdrbw3q6087bx6k8b82rnxlfh7ul7hrg.jpg","datePublished":"2019-06-19T13:48:42+00:00","dateModified":"2020-09-01T13:29:10+00:00","breadcrumb":{"@id":"https:\/\/tzbaranje.hr\/en\/accommodation\/hunting-lodges\/#breadcrumb"},"inLanguage":"en-US","potentialAction":[{"@type":"ReadAction","target":["https:\/\/tzbaranje.hr\/en\/accommodation\/hunting-lodges\/"]}]},{"@type":"ImageObject","inLanguage":"en-US","@id":"https:\/\/tzbaranje.hr\/en\/accommodation\/hunting-lodges\/#primaryimage","url":"https:\/\/tzbaranje.hr\/en\/wp-content\/uploads\/sites\/2\/elementor\/thumbs\/monjoros_1-oagym0wk61hdrbw3q6087bx6k8b82rnxlfh7ul7hrg.jpg","contentUrl":"https:\/\/tzbaranje.hr\/en\/wp-content\/uploads\/sites\/2\/elementor\/thumbs\/monjoros_1-oagym0wk61hdrbw3q6087bx6k8b82rnxlfh7ul7hrg.jpg"},{"@type":"BreadcrumbList","@id":"https:\/\/tzbaranje.hr\/en\/accommodation\/hunting-lodges\/#breadcrumb","itemListElement":[{"@type":"ListItem","position":1,"name":"Po\u010detna stranica","item":"https:\/\/tzbaranje.hr\/en\/"},{"@type":"ListItem","position":2,"name":"Accommodation","item":"https:\/\/tzbaranje.hr\/en\/accommodation\/"},{"@type":"ListItem","position":3,"name":"Hunting lodges"}]},{"@type":"WebSite","@id":"https:\/\/tzbaranje.hr\/en\/#website","url":"https:\/\/tzbaranje.hr\/en\/","name":"Visit Baranja","description":"","potentialAction":[{"@type":"SearchAction","target":{"@type":"EntryPoint","urlTemplate":"https:\/\/tzbaranje.hr\/en\/?s={search_term_string}"},"query-input":{"@type":"PropertyValueSpecification","valueRequired":true,"valueName":"search_term_string"}}],"inLanguage":"en-US"}]}},"_links":{"self":[{"href":"https:\/\/tzbaranje.hr\/en\/wp-json\/wp\/v2\/pages\/1614","targetHints":{"allow":["GET"]}}],"collection":[{"href":"https:\/\/tzbaranje.hr\/en\/wp-json\/wp\/v2\/pages"}],"about":[{"href":"https:\/\/tzbaranje.hr\/en\/wp-json\/wp\/v2\/types\/page"}],"author":[{"embeddable":true,"href":"https:\/\/tzbaranje.hr\/en\/wp-json\/wp\/v2\/users\/1"}],"replies":[{"embeddable":true,"href":"https:\/\/tzbaranje.hr\/en\/wp-json\/wp\/v2\/comments?post=1614"}],"version-history":[{"count":13,"href":"https:\/\/tzbaranje.hr\/en\/wp-json\/wp\/v2\/pages\/1614\/revisions"}],"predecessor-version":[{"id":2488,"href":"https:\/\/tzbaranje.hr\/en\/wp-json\/wp\/v2\/pages\/1614\/revisions\/2488"}],"up":[{"embeddable":true,"href":"https:\/\/tzbaranje.hr\/en\/wp-json\/wp\/v2\/pages\/52"}],"wp:attachment":[{"href":"https:\/\/tzbaranje.hr\/en\/wp-json\/wp\/v2\/media?parent=1614"}],"curies":[{"name":"wp","href":"https:\/\/api.w.org\/{rel}","templated":true}]}}