{"id":1452,"date":"2019-06-19T00:49:05","date_gmt":"2019-06-18T22:49:05","guid":{"rendered":"http:\/\/tzbaranje.hr\/en\/?page_id=1452"},"modified":"2021-06-17T17:03:10","modified_gmt":"2021-06-17T15:03:10","slug":"novacic","status":"publish","type":"page","link":"https:\/\/tzbaranje.hr\/en\/accommodation\/rural-households\/novacic\/","title":{"rendered":"Nova\u010di\u0107"},"content":{"rendered":"\t\t<div data-elementor-type=\"wp-post\" data-elementor-id=\"1452\" class=\"elementor elementor-1452\">\n\t\t\t\t\t\t<section class=\"elementor-section elementor-top-section elementor-element elementor-element-8954c32 elementor-section-boxed elementor-section-height-default elementor-section-height-default\" data-id=\"8954c32\" data-element_type=\"section\">\n\t\t\t\t\t\t<div class=\"elementor-container elementor-column-gap-default\">\n\t\t\t\t\t<div class=\"elementor-column elementor-col-100 elementor-top-column elementor-element elementor-element-b9a1c93\" data-id=\"b9a1c93\" data-element_type=\"column\">\n\t\t\t<div class=\"elementor-widget-wrap elementor-element-populated\">\n\t\t\t\t\t\t<div class=\"elementor-element elementor-element-99bafe8 elementor-widget elementor-widget-spacer\" data-id=\"99bafe8\" data-element_type=\"widget\" data-widget_type=\"spacer.default\">\n\t\t\t\t<div class=\"elementor-widget-container\">\n\t\t\t\t\t<div class=\"elementor-spacer\">\n\t\t\t<div class=\"elementor-spacer-inner\"><\/div>\n\t\t<\/div>\n\t\t\t\t<\/div>\n\t\t\t\t<\/div>\n\t\t\t\t\t<\/div>\n\t\t<\/div>\n\t\t\t\t\t<\/div>\n\t\t<\/section>\n\t\t\t\t<section class=\"elementor-section elementor-top-section elementor-element elementor-element-1d76983 elementor-section-boxed elementor-section-height-default elementor-section-height-default\" data-id=\"1d76983\" data-element_type=\"section\">\n\t\t\t\t\t\t<div class=\"elementor-container elementor-column-gap-default\">\n\t\t\t\t\t<div class=\"elementor-column elementor-col-50 elementor-top-column elementor-element elementor-element-cc039c3\" data-id=\"cc039c3\" data-element_type=\"column\">\n\t\t\t<div class=\"elementor-widget-wrap elementor-element-populated\">\n\t\t\t\t\t\t<div class=\"elementor-element elementor-element-e4522e6 elementor-view-default elementor-position-top elementor-widget elementor-widget-themo-header\" data-id=\"e4522e6\" data-element_type=\"widget\" data-widget_type=\"themo-header.default\">\n\t\t\t\t<div class=\"elementor-widget-container\">\n\t\t\t\t\t<div class=\"th-header-wrap\">\n        <div class=\"elementor-icon-box-wrapper \">\n                            <div class=\"elementor-icon-box-content\">\n                    <h1 class=\"elementor-icon-box-title\">\n                                            <\/h1>\n                                        <p class=\"elementor-icon-box-description\">Rural household\n\nWorking hours: 0-24, by announcement.\n\nTel: +385 91 567 34 70\nAddress: \u00d0ure \u00d0akovi\u0107a 21, Popovac\nE-mail: tnovacic@net.hr \nFacebook: <a href=\"https:\/\/www.facebook.com\/OPG-Nova%C4%8Di%C4%87-223272451125246\/\" target=\"_blank\">https:\/\/www.facebook.com\/OPG-Nova%C4%8Di%C4%87-223272451125246\/<\/a><\/p>\n\n                                    <\/div>\n            <\/div>\n\n        <\/div>\n\n\t\t\t\t<\/div>\n\t\t\t\t<\/div>\n\t\t\t\t<div class=\"elementor-element elementor-element-72ac4cb elementor-widget elementor-widget-google_maps\" data-id=\"72ac4cb\" data-element_type=\"widget\" data-widget_type=\"google_maps.default\">\n\t\t\t\t<div class=\"elementor-widget-container\">\n\t\t\t\t\t<div class=\"elementor-custom-embed\">\n\t\t\t<iframe loading=\"lazy\"\n\t\t\t\t\tsrc=\"https:\/\/maps.google.com\/maps?q=Nova%C4%8Di%C4%87%20Popovac&#038;t=m&#038;z=10&#038;output=embed&#038;iwloc=near\"\n\t\t\t\t\ttitle=\"Nova\u010di\u0107 Popovac\"\n\t\t\t\t\taria-label=\"Nova\u010di\u0107 Popovac\"\n\t\t\t><\/iframe>\n\t\t<\/div>\n\t\t\t\t<\/div>\n\t\t\t\t<\/div>\n\t\t\t\t\t<\/div>\n\t\t<\/div>\n\t\t\t\t<div class=\"elementor-column elementor-col-50 elementor-top-column elementor-element elementor-element-0dfaa73\" data-id=\"0dfaa73\" data-element_type=\"column\">\n\t\t\t<div class=\"elementor-widget-wrap elementor-element-populated\">\n\t\t\t\t\t\t<div class=\"elementor-element elementor-element-583a6e4 elementor-widget elementor-widget-themo-image-gallery\" data-id=\"583a6e4\" data-element_type=\"widget\" data-widget_type=\"themo-image-gallery.default\">\n\t\t\t\t<div class=\"elementor-widget-container\">\n\t\t\t\t\t<div class=\"elementor-image-gallery th-image-stretch\">\n\t\t\t<div class=\"gallery gallery-1452-1\"><div class=\"row gallery-row\"><div class=\"col-sm-6 col-lg-6\"><a data-toggle=\"lightbox\" data-gallery=\"multiimages\" data-title=\"\"  class=\"thumbnail img-thumbnail\" href='https:\/\/tzbaranje.hr\/en\/wp-content\/uploads\/sites\/2\/2019\/06\/536419_223319597787198_457168372_n.jpg'><img fetchpriority=\"high\" decoding=\"async\" width=\"394\" height=\"303\" src=\"https:\/\/tzbaranje.hr\/en\/wp-content\/uploads\/sites\/2\/2019\/06\/536419_223319597787198_457168372_n-394x303.jpg\" class=\"attachment-th_img_sm_landscape size-th_img_sm_landscape\" alt=\"\" srcset=\"https:\/\/tzbaranje.hr\/en\/wp-content\/uploads\/sites\/2\/2019\/06\/536419_223319597787198_457168372_n-394x303.jpg 394w, https:\/\/tzbaranje.hr\/en\/wp-content\/uploads\/sites\/2\/2019\/06\/536419_223319597787198_457168372_n-605x465.jpg 605w\" sizes=\"(max-width: 394px) 100vw, 394px\" \/><\/a><div class=\"gallery-text\"><div class=\"image-title\">536419_223319597787198_457168372_n<\/div><\/div><\/div><div class=\"col-sm-6 col-lg-6\"><a data-toggle=\"lightbox\" data-gallery=\"multiimages\" data-title=\"\"  class=\"thumbnail img-thumbnail\" href='https:\/\/tzbaranje.hr\/en\/wp-content\/uploads\/sites\/2\/2019\/06\/292153_223364061116085_750261871_n.jpg'><img decoding=\"async\" width=\"394\" height=\"303\" src=\"https:\/\/tzbaranje.hr\/en\/wp-content\/uploads\/sites\/2\/2019\/06\/292153_223364061116085_750261871_n-394x303.jpg\" class=\"attachment-th_img_sm_landscape size-th_img_sm_landscape\" alt=\"\" srcset=\"https:\/\/tzbaranje.hr\/en\/wp-content\/uploads\/sites\/2\/2019\/06\/292153_223364061116085_750261871_n-394x303.jpg 394w, https:\/\/tzbaranje.hr\/en\/wp-content\/uploads\/sites\/2\/2019\/06\/292153_223364061116085_750261871_n-605x465.jpg 605w\" sizes=\"(max-width: 394px) 100vw, 394px\" \/><\/a><div class=\"gallery-text\"><div class=\"image-title\">292153_223364061116085_750261871_n<\/div><\/div><\/div><\/div><div class=\"row gallery-row\"><div class=\"col-sm-6 col-lg-6\"><a data-toggle=\"lightbox\" data-gallery=\"multiimages\" data-title=\"\"  class=\"thumbnail img-thumbnail\" href='https:\/\/tzbaranje.hr\/en\/wp-content\/uploads\/sites\/2\/2019\/06\/292577_223364441116047_42114625_n-633x950.jpg'><img decoding=\"async\" width=\"394\" height=\"303\" src=\"https:\/\/tzbaranje.hr\/en\/wp-content\/uploads\/sites\/2\/2019\/06\/292577_223364441116047_42114625_n-394x303.jpg\" class=\"attachment-th_img_sm_landscape size-th_img_sm_landscape\" alt=\"\" srcset=\"https:\/\/tzbaranje.hr\/en\/wp-content\/uploads\/sites\/2\/2019\/06\/292577_223364441116047_42114625_n-394x303.jpg 394w, https:\/\/tzbaranje.hr\/en\/wp-content\/uploads\/sites\/2\/2019\/06\/292577_223364441116047_42114625_n-605x465.jpg 605w\" sizes=\"(max-width: 394px) 100vw, 394px\" \/><\/a><div class=\"gallery-text\"><div class=\"image-title\">292577_223364441116047_42114625_n<\/div><\/div><\/div><div class=\"col-sm-6 col-lg-6\"><a data-toggle=\"lightbox\" data-gallery=\"multiimages\" data-title=\"\"  class=\"thumbnail img-thumbnail\" href='https:\/\/tzbaranje.hr\/en\/wp-content\/uploads\/sites\/2\/2019\/06\/428472_223364114449413_1391796032_n.jpg'><img loading=\"lazy\" decoding=\"async\" width=\"394\" height=\"303\" src=\"https:\/\/tzbaranje.hr\/en\/wp-content\/uploads\/sites\/2\/2019\/06\/428472_223364114449413_1391796032_n-394x303.jpg\" class=\"attachment-th_img_sm_landscape size-th_img_sm_landscape\" alt=\"\" srcset=\"https:\/\/tzbaranje.hr\/en\/wp-content\/uploads\/sites\/2\/2019\/06\/428472_223364114449413_1391796032_n-394x303.jpg 394w, https:\/\/tzbaranje.hr\/en\/wp-content\/uploads\/sites\/2\/2019\/06\/428472_223364114449413_1391796032_n-605x465.jpg 605w\" sizes=\"(max-width: 394px) 100vw, 394px\" \/><\/a><div class=\"gallery-text\"><div class=\"image-title\">428472_223364114449413_1391796032_n<\/div><\/div><\/div><\/div><div class=\"row gallery-row\"><div class=\"col-sm-6 col-lg-6\"><a data-toggle=\"lightbox\" data-gallery=\"multiimages\" data-title=\"\"  class=\"thumbnail img-thumbnail\" href='https:\/\/tzbaranje.hr\/en\/wp-content\/uploads\/sites\/2\/2019\/06\/577055_223364604449364_1848535437_n.jpg'><img loading=\"lazy\" decoding=\"async\" width=\"394\" height=\"303\" src=\"https:\/\/tzbaranje.hr\/en\/wp-content\/uploads\/sites\/2\/2019\/06\/577055_223364604449364_1848535437_n-394x303.jpg\" class=\"attachment-th_img_sm_landscape size-th_img_sm_landscape\" alt=\"\" srcset=\"https:\/\/tzbaranje.hr\/en\/wp-content\/uploads\/sites\/2\/2019\/06\/577055_223364604449364_1848535437_n-394x303.jpg 394w, https:\/\/tzbaranje.hr\/en\/wp-content\/uploads\/sites\/2\/2019\/06\/577055_223364604449364_1848535437_n-605x465.jpg 605w\" sizes=\"(max-width: 394px) 100vw, 394px\" \/><\/a><div class=\"gallery-text\"><div class=\"image-title\">577055_223364604449364_1848535437_n<\/div><\/div><\/div><div class=\"col-sm-6 col-lg-6\"><a data-toggle=\"lightbox\" data-gallery=\"multiimages\" data-title=\"\"  class=\"thumbnail img-thumbnail\" href='https:\/\/tzbaranje.hr\/en\/wp-content\/uploads\/sites\/2\/2019\/06\/582305_223364084449416_914673874_n.jpg'><img loading=\"lazy\" decoding=\"async\" width=\"394\" height=\"303\" src=\"https:\/\/tzbaranje.hr\/en\/wp-content\/uploads\/sites\/2\/2019\/06\/582305_223364084449416_914673874_n-394x303.jpg\" class=\"attachment-th_img_sm_landscape size-th_img_sm_landscape\" alt=\"\" srcset=\"https:\/\/tzbaranje.hr\/en\/wp-content\/uploads\/sites\/2\/2019\/06\/582305_223364084449416_914673874_n-394x303.jpg 394w, https:\/\/tzbaranje.hr\/en\/wp-content\/uploads\/sites\/2\/2019\/06\/582305_223364084449416_914673874_n-605x465.jpg 605w\" sizes=\"(max-width: 394px) 100vw, 394px\" \/><\/a><div class=\"gallery-text\"><div class=\"image-title\">582305_223364084449416_914673874_n<\/div><\/div><\/div><\/div><div class=\"row gallery-row\"><div class=\"col-sm-6 col-lg-6\"><a data-toggle=\"lightbox\" data-gallery=\"multiimages\" data-title=\"\"  class=\"thumbnail img-thumbnail\" href='https:\/\/tzbaranje.hr\/en\/wp-content\/uploads\/sites\/2\/2019\/06\/582446_223364161116075_1403618406_n.jpg'><img loading=\"lazy\" decoding=\"async\" width=\"394\" height=\"303\" src=\"https:\/\/tzbaranje.hr\/en\/wp-content\/uploads\/sites\/2\/2019\/06\/582446_223364161116075_1403618406_n-394x303.jpg\" class=\"attachment-th_img_sm_landscape size-th_img_sm_landscape\" alt=\"\" srcset=\"https:\/\/tzbaranje.hr\/en\/wp-content\/uploads\/sites\/2\/2019\/06\/582446_223364161116075_1403618406_n-394x303.jpg 394w, https:\/\/tzbaranje.hr\/en\/wp-content\/uploads\/sites\/2\/2019\/06\/582446_223364161116075_1403618406_n-605x465.jpg 605w\" sizes=\"(max-width: 394px) 100vw, 394px\" \/><\/a><div class=\"gallery-text\"><div class=\"image-title\">582446_223364161116075_1403618406_n<\/div><\/div><\/div><\/div><\/div>\t\t<\/div>\n\t\t\t\t<\/div>\n\t\t\t\t<\/div>\n\t\t\t\t\t<\/div>\n\t\t<\/div>\n\t\t\t\t\t<\/div>\n\t\t<\/section>\n\t\t\t\t<section class=\"elementor-section elementor-top-section elementor-element elementor-element-8959eea elementor-section-boxed elementor-section-height-default elementor-section-height-default\" data-id=\"8959eea\" data-element_type=\"section\">\n\t\t\t\t\t\t<div class=\"elementor-container elementor-column-gap-default\">\n\t\t\t\t\t<div class=\"elementor-column elementor-col-100 elementor-top-column elementor-element elementor-element-534880c\" data-id=\"534880c\" data-element_type=\"column\">\n\t\t\t<div class=\"elementor-widget-wrap elementor-element-populated\">\n\t\t\t\t\t\t<div class=\"elementor-element elementor-element-cac267b elementor-widget elementor-widget-spacer\" data-id=\"cac267b\" data-element_type=\"widget\" data-widget_type=\"spacer.default\">\n\t\t\t\t<div class=\"elementor-widget-container\">\n\t\t\t\t\t<div class=\"elementor-spacer\">\n\t\t\t<div class=\"elementor-spacer-inner\"><\/div>\n\t\t<\/div>\n\t\t\t\t<\/div>\n\t\t\t\t<\/div>\n\t\t\t\t\t<\/div>\n\t\t<\/div>\n\t\t\t\t\t<\/div>\n\t\t<\/section>\n\t\t\t\t<\/div>\n\t\t","protected":false},"excerpt":{"rendered":"<p>Rural household Working hours: 0-24, by announcement. Tel: +385 91 567 34 70 Address: \u00d0ure \u00d0akovi\u0107a 21, Popovac E-mail: tnovacic@net.hr Facebook: https:\/\/www.facebook.com\/OPG-Nova%C4%8Di%C4%87-223272451125246\/ 536419_223319597787198_457168372_n292153_223364061116085_750261871_n292577_223364441116047_42114625_n428472_223364114449413_1391796032_n577055_223364604449364_1848535437_n582305_223364084449416_914673874_n582446_223364161116075_1403618406_n<\/p>\n","protected":false},"author":1,"featured_media":0,"parent":1618,"menu_order":0,"comment_status":"closed","ping_status":"closed","template":"","meta":{"footnotes":""},"class_list":["post-1452","page","type-page","status-publish","hentry"],"yoast_head":"<!-- This site is optimized with the Yoast SEO plugin v27.0 - https:\/\/yoast.com\/product\/yoast-seo-wordpress\/ -->\n<title>Nova\u010di\u0107 - Visit Baranja<\/title>\n<meta name=\"robots\" content=\"index, follow, max-snippet:-1, max-image-preview:large, max-video-preview:-1\" \/>\n<link rel=\"canonical\" href=\"https:\/\/tzbaranje.hr\/en\/accommodation\/rural-households\/novacic\/\" \/>\n<meta property=\"og:locale\" content=\"en_US\" \/>\n<meta property=\"og:type\" content=\"article\" \/>\n<meta property=\"og:title\" content=\"Nova\u010di\u0107 - Visit Baranja\" \/>\n<meta property=\"og:description\" content=\"Rural household Working hours: 0-24, by announcement. Tel: +385 91 567 34 70 Address: \u00d0ure \u00d0akovi\u0107a 21, Popovac E-mail: tnovacic@net.hr Facebook: https:\/\/www.facebook.com\/OPG-Nova%C4%8Di%C4%87-223272451125246\/ 536419_223319597787198_457168372_n292153_223364061116085_750261871_n292577_223364441116047_42114625_n428472_223364114449413_1391796032_n577055_223364604449364_1848535437_n582305_223364084449416_914673874_n582446_223364161116075_1403618406_n\" \/>\n<meta property=\"og:url\" content=\"https:\/\/tzbaranje.hr\/en\/accommodation\/rural-households\/novacic\/\" \/>\n<meta property=\"og:site_name\" content=\"Visit Baranja\" \/>\n<meta property=\"article:modified_time\" content=\"2021-06-17T15:03:10+00:00\" \/>\n<meta property=\"og:image\" content=\"https:\/\/tzbaranje.hr\/en\/wp-content\/uploads\/sites\/2\/2019\/06\/536419_223319597787198_457168372_n-394x303.jpg\" \/>\n<meta name=\"twitter:card\" content=\"summary_large_image\" \/>\n<meta name=\"twitter:label1\" content=\"Est. reading time\" \/>\n\t<meta name=\"twitter:data1\" content=\"2 minutes\" \/>\n<script type=\"application\/ld+json\" class=\"yoast-schema-graph\">{\"@context\":\"https:\/\/schema.org\",\"@graph\":[{\"@type\":\"WebPage\",\"@id\":\"https:\/\/tzbaranje.hr\/en\/accommodation\/rural-households\/novacic\/\",\"url\":\"https:\/\/tzbaranje.hr\/en\/accommodation\/rural-households\/novacic\/\",\"name\":\"Nova\u010di\u0107 - Visit Baranja\",\"isPartOf\":{\"@id\":\"https:\/\/tzbaranje.hr\/en\/#website\"},\"primaryImageOfPage\":{\"@id\":\"https:\/\/tzbaranje.hr\/en\/accommodation\/rural-households\/novacic\/#primaryimage\"},\"image\":{\"@id\":\"https:\/\/tzbaranje.hr\/en\/accommodation\/rural-households\/novacic\/#primaryimage\"},\"thumbnailUrl\":\"https:\/\/tzbaranje.hr\/en\/wp-content\/uploads\/sites\/2\/2019\/06\/536419_223319597787198_457168372_n-394x303.jpg\",\"datePublished\":\"2019-06-18T22:49:05+00:00\",\"dateModified\":\"2021-06-17T15:03:10+00:00\",\"breadcrumb\":{\"@id\":\"https:\/\/tzbaranje.hr\/en\/accommodation\/rural-households\/novacic\/#breadcrumb\"},\"inLanguage\":\"en-US\",\"potentialAction\":[{\"@type\":\"ReadAction\",\"target\":[\"https:\/\/tzbaranje.hr\/en\/accommodation\/rural-households\/novacic\/\"]}]},{\"@type\":\"ImageObject\",\"inLanguage\":\"en-US\",\"@id\":\"https:\/\/tzbaranje.hr\/en\/accommodation\/rural-households\/novacic\/#primaryimage\",\"url\":\"https:\/\/tzbaranje.hr\/en\/wp-content\/uploads\/sites\/2\/2019\/06\/536419_223319597787198_457168372_n.jpg\",\"contentUrl\":\"https:\/\/tzbaranje.hr\/en\/wp-content\/uploads\/sites\/2\/2019\/06\/536419_223319597787198_457168372_n.jpg\",\"width\":960,\"height\":641},{\"@type\":\"BreadcrumbList\",\"@id\":\"https:\/\/tzbaranje.hr\/en\/accommodation\/rural-households\/novacic\/#breadcrumb\",\"itemListElement\":[{\"@type\":\"ListItem\",\"position\":1,\"name\":\"Po\u010detna stranica\",\"item\":\"https:\/\/tzbaranje.hr\/en\/\"},{\"@type\":\"ListItem\",\"position\":2,\"name\":\"Accommodation\",\"item\":\"https:\/\/tzbaranje.hr\/en\/accommodation\/\"},{\"@type\":\"ListItem\",\"position\":3,\"name\":\"Rural households\",\"item\":\"https:\/\/tzbaranje.hr\/en\/accommodation\/rural-households\/\"},{\"@type\":\"ListItem\",\"position\":4,\"name\":\"Nova\u010di\u0107\"}]},{\"@type\":\"WebSite\",\"@id\":\"https:\/\/tzbaranje.hr\/en\/#website\",\"url\":\"https:\/\/tzbaranje.hr\/en\/\",\"name\":\"Visit Baranja\",\"description\":\"\",\"potentialAction\":[{\"@type\":\"SearchAction\",\"target\":{\"@type\":\"EntryPoint\",\"urlTemplate\":\"https:\/\/tzbaranje.hr\/en\/?s={search_term_string}\"},\"query-input\":{\"@type\":\"PropertyValueSpecification\",\"valueRequired\":true,\"valueName\":\"search_term_string\"}}],\"inLanguage\":\"en-US\"}]}<\/script>\n<!-- \/ Yoast SEO plugin. -->","yoast_head_json":{"title":"Nova\u010di\u0107 - Visit Baranja","robots":{"index":"index","follow":"follow","max-snippet":"max-snippet:-1","max-image-preview":"max-image-preview:large","max-video-preview":"max-video-preview:-1"},"canonical":"https:\/\/tzbaranje.hr\/en\/accommodation\/rural-households\/novacic\/","og_locale":"en_US","og_type":"article","og_title":"Nova\u010di\u0107 - Visit Baranja","og_description":"Rural household Working hours: 0-24, by announcement. Tel: +385 91 567 34 70 Address: \u00d0ure \u00d0akovi\u0107a 21, Popovac E-mail: tnovacic@net.hr Facebook: https:\/\/www.facebook.com\/OPG-Nova%C4%8Di%C4%87-223272451125246\/ 536419_223319597787198_457168372_n292153_223364061116085_750261871_n292577_223364441116047_42114625_n428472_223364114449413_1391796032_n577055_223364604449364_1848535437_n582305_223364084449416_914673874_n582446_223364161116075_1403618406_n","og_url":"https:\/\/tzbaranje.hr\/en\/accommodation\/rural-households\/novacic\/","og_site_name":"Visit Baranja","article_modified_time":"2021-06-17T15:03:10+00:00","og_image":[{"url":"https:\/\/tzbaranje.hr\/en\/wp-content\/uploads\/sites\/2\/2019\/06\/536419_223319597787198_457168372_n-394x303.jpg","type":"","width":"","height":""}],"twitter_card":"summary_large_image","twitter_misc":{"Est. reading time":"2 minutes"},"schema":{"@context":"https:\/\/schema.org","@graph":[{"@type":"WebPage","@id":"https:\/\/tzbaranje.hr\/en\/accommodation\/rural-households\/novacic\/","url":"https:\/\/tzbaranje.hr\/en\/accommodation\/rural-households\/novacic\/","name":"Nova\u010di\u0107 - Visit Baranja","isPartOf":{"@id":"https:\/\/tzbaranje.hr\/en\/#website"},"primaryImageOfPage":{"@id":"https:\/\/tzbaranje.hr\/en\/accommodation\/rural-households\/novacic\/#primaryimage"},"image":{"@id":"https:\/\/tzbaranje.hr\/en\/accommodation\/rural-households\/novacic\/#primaryimage"},"thumbnailUrl":"https:\/\/tzbaranje.hr\/en\/wp-content\/uploads\/sites\/2\/2019\/06\/536419_223319597787198_457168372_n-394x303.jpg","datePublished":"2019-06-18T22:49:05+00:00","dateModified":"2021-06-17T15:03:10+00:00","breadcrumb":{"@id":"https:\/\/tzbaranje.hr\/en\/accommodation\/rural-households\/novacic\/#breadcrumb"},"inLanguage":"en-US","potentialAction":[{"@type":"ReadAction","target":["https:\/\/tzbaranje.hr\/en\/accommodation\/rural-households\/novacic\/"]}]},{"@type":"ImageObject","inLanguage":"en-US","@id":"https:\/\/tzbaranje.hr\/en\/accommodation\/rural-households\/novacic\/#primaryimage","url":"https:\/\/tzbaranje.hr\/en\/wp-content\/uploads\/sites\/2\/2019\/06\/536419_223319597787198_457168372_n.jpg","contentUrl":"https:\/\/tzbaranje.hr\/en\/wp-content\/uploads\/sites\/2\/2019\/06\/536419_223319597787198_457168372_n.jpg","width":960,"height":641},{"@type":"BreadcrumbList","@id":"https:\/\/tzbaranje.hr\/en\/accommodation\/rural-households\/novacic\/#breadcrumb","itemListElement":[{"@type":"ListItem","position":1,"name":"Po\u010detna stranica","item":"https:\/\/tzbaranje.hr\/en\/"},{"@type":"ListItem","position":2,"name":"Accommodation","item":"https:\/\/tzbaranje.hr\/en\/accommodation\/"},{"@type":"ListItem","position":3,"name":"Rural households","item":"https:\/\/tzbaranje.hr\/en\/accommodation\/rural-households\/"},{"@type":"ListItem","position":4,"name":"Nova\u010di\u0107"}]},{"@type":"WebSite","@id":"https:\/\/tzbaranje.hr\/en\/#website","url":"https:\/\/tzbaranje.hr\/en\/","name":"Visit Baranja","description":"","potentialAction":[{"@type":"SearchAction","target":{"@type":"EntryPoint","urlTemplate":"https:\/\/tzbaranje.hr\/en\/?s={search_term_string}"},"query-input":{"@type":"PropertyValueSpecification","valueRequired":true,"valueName":"search_term_string"}}],"inLanguage":"en-US"}]}},"_links":{"self":[{"href":"https:\/\/tzbaranje.hr\/en\/wp-json\/wp\/v2\/pages\/1452","targetHints":{"allow":["GET"]}}],"collection":[{"href":"https:\/\/tzbaranje.hr\/en\/wp-json\/wp\/v2\/pages"}],"about":[{"href":"https:\/\/tzbaranje.hr\/en\/wp-json\/wp\/v2\/types\/page"}],"author":[{"embeddable":true,"href":"https:\/\/tzbaranje.hr\/en\/wp-json\/wp\/v2\/users\/1"}],"replies":[{"embeddable":true,"href":"https:\/\/tzbaranje.hr\/en\/wp-json\/wp\/v2\/comments?post=1452"}],"version-history":[{"count":7,"href":"https:\/\/tzbaranje.hr\/en\/wp-json\/wp\/v2\/pages\/1452\/revisions"}],"predecessor-version":[{"id":2917,"href":"https:\/\/tzbaranje.hr\/en\/wp-json\/wp\/v2\/pages\/1452\/revisions\/2917"}],"up":[{"embeddable":true,"href":"https:\/\/tzbaranje.hr\/en\/wp-json\/wp\/v2\/pages\/1618"}],"wp:attachment":[{"href":"https:\/\/tzbaranje.hr\/en\/wp-json\/wp\/v2\/media?parent=1452"}],"curies":[{"name":"wp","href":"https:\/\/api.w.org\/{rel}","templated":true}]}}