{"id":1435,"date":"2019-06-19T00:43:16","date_gmt":"2019-06-18T22:43:16","guid":{"rendered":"http:\/\/tzbaranje.hr\/en\/?page_id=1435"},"modified":"2021-06-17T16:43:27","modified_gmt":"2021-06-17T14:43:27","slug":"hunting-lodge-agria","status":"publish","type":"page","link":"https:\/\/tzbaranje.hr\/en\/accommodation\/hunting-lodges\/hunting-lodge-agria\/","title":{"rendered":"Hunting lodge Agria"},"content":{"rendered":"\t\t<div data-elementor-type=\"wp-post\" data-elementor-id=\"1435\" class=\"elementor elementor-1435\">\n\t\t\t\t\t\t<section class=\"elementor-section elementor-top-section elementor-element elementor-element-27c2f02 elementor-section-boxed elementor-section-height-default elementor-section-height-default\" data-id=\"27c2f02\" data-element_type=\"section\">\n\t\t\t\t\t\t<div class=\"elementor-container elementor-column-gap-default\">\n\t\t\t\t\t<div class=\"elementor-column elementor-col-100 elementor-top-column elementor-element elementor-element-192d4ed\" data-id=\"192d4ed\" data-element_type=\"column\">\n\t\t\t<div class=\"elementor-widget-wrap elementor-element-populated\">\n\t\t\t\t\t\t<div class=\"elementor-element elementor-element-9d650df elementor-widget elementor-widget-spacer\" data-id=\"9d650df\" data-element_type=\"widget\" data-widget_type=\"spacer.default\">\n\t\t\t\t<div class=\"elementor-widget-container\">\n\t\t\t\t\t<div class=\"elementor-spacer\">\n\t\t\t<div class=\"elementor-spacer-inner\"><\/div>\n\t\t<\/div>\n\t\t\t\t<\/div>\n\t\t\t\t<\/div>\n\t\t\t\t\t<\/div>\n\t\t<\/div>\n\t\t\t\t\t<\/div>\n\t\t<\/section>\n\t\t\t\t<section class=\"elementor-section elementor-top-section elementor-element elementor-element-0b71dc2 elementor-section-boxed elementor-section-height-default elementor-section-height-default\" data-id=\"0b71dc2\" data-element_type=\"section\">\n\t\t\t\t\t\t<div class=\"elementor-container elementor-column-gap-default\">\n\t\t\t\t\t<div class=\"elementor-column elementor-col-50 elementor-top-column elementor-element elementor-element-2bec2dd\" data-id=\"2bec2dd\" data-element_type=\"column\">\n\t\t\t<div class=\"elementor-widget-wrap elementor-element-populated\">\n\t\t\t\t\t\t<div class=\"elementor-element elementor-element-0773b64 elementor-view-default elementor-position-top elementor-widget elementor-widget-themo-header\" data-id=\"0773b64\" data-element_type=\"widget\" data-widget_type=\"themo-header.default\">\n\t\t\t\t<div class=\"elementor-widget-container\">\n\t\t\t\t\t<div class=\"th-header-wrap\">\n        <div class=\"elementor-icon-box-wrapper \">\n                            <div class=\"elementor-icon-box-content\">\n                    <h1 class=\"elementor-icon-box-title\">\n                                            <\/h1>\n                                        <p class=\"elementor-icon-box-description\">\nWorking hours: by appointment\n\nTel: +385 91 128 18 46; +385 99 294 50 40\nAddress: Kolodvorska 99a, Karanac\nE-mail: agria.lov@gmail.com; etno.selo2010@gmail.com\nWeb: <a href=\"http:\/\/www.agria-lov.com\/\" target=\"_blank\">http:\/\/www.agria-lov.com\/<\/a><\/p>\n\n                                    <\/div>\n            <\/div>\n\n        <\/div>\n\n\t\t\t\t<\/div>\n\t\t\t\t<\/div>\n\t\t\t\t<div class=\"elementor-element elementor-element-e0919d9 elementor-widget elementor-widget-google_maps\" data-id=\"e0919d9\" data-element_type=\"widget\" data-widget_type=\"google_maps.default\">\n\t\t\t\t<div class=\"elementor-widget-container\">\n\t\t\t\t\t<div class=\"elementor-custom-embed\">\n\t\t\t<iframe loading=\"lazy\"\n\t\t\t\t\tsrc=\"https:\/\/maps.google.com\/maps?q=Agria%20-%20Lov%20Karanac&#038;t=m&#038;z=10&#038;output=embed&#038;iwloc=near\"\n\t\t\t\t\ttitle=\"Agria - Lov Karanac\"\n\t\t\t\t\taria-label=\"Agria - Lov Karanac\"\n\t\t\t><\/iframe>\n\t\t<\/div>\n\t\t\t\t<\/div>\n\t\t\t\t<\/div>\n\t\t\t\t\t<\/div>\n\t\t<\/div>\n\t\t\t\t<div class=\"elementor-column elementor-col-50 elementor-top-column elementor-element elementor-element-31deaba\" data-id=\"31deaba\" data-element_type=\"column\">\n\t\t\t<div class=\"elementor-widget-wrap elementor-element-populated\">\n\t\t\t\t\t\t<div class=\"elementor-element elementor-element-2fdb4ff elementor-widget elementor-widget-themo-image-gallery\" data-id=\"2fdb4ff\" data-element_type=\"widget\" data-widget_type=\"themo-image-gallery.default\">\n\t\t\t\t<div class=\"elementor-widget-container\">\n\t\t\t\t\t<div class=\"elementor-image-gallery th-image-stretch\">\n\t\t\t<div class=\"gallery gallery-1435-1\"><div class=\"row gallery-row\"><div class=\"col-sm-6 col-lg-6\"><a data-toggle=\"lightbox\" data-gallery=\"multiimages\" data-title=\"\"  class=\"thumbnail img-thumbnail\" href='https:\/\/tzbaranje.hr\/en\/wp-content\/uploads\/sites\/2\/2019\/06\/Agria-lov-d.o.o.-\u010deka.jpg'><img fetchpriority=\"high\" decoding=\"async\" width=\"394\" height=\"303\" src=\"https:\/\/tzbaranje.hr\/en\/wp-content\/uploads\/sites\/2\/2019\/06\/Agria-lov-d.o.o.-\u010deka-394x303.jpg\" class=\"attachment-th_img_sm_landscape size-th_img_sm_landscape\" alt=\"\" srcset=\"https:\/\/tzbaranje.hr\/en\/wp-content\/uploads\/sites\/2\/2019\/06\/Agria-lov-d.o.o.-\u010deka-394x303.jpg 394w, https:\/\/tzbaranje.hr\/en\/wp-content\/uploads\/sites\/2\/2019\/06\/Agria-lov-d.o.o.-\u010deka-605x465.jpg 605w\" sizes=\"(max-width: 394px) 100vw, 394px\" \/><\/a><div class=\"gallery-text\"><div class=\"image-title\">Agria-lov-d.o.o.-\u010deka<\/div><\/div><\/div><div class=\"col-sm-6 col-lg-6\"><a data-toggle=\"lightbox\" data-gallery=\"multiimages\" data-title=\"\"  class=\"thumbnail img-thumbnail\" href='https:\/\/tzbaranje.hr\/en\/wp-content\/uploads\/sites\/2\/2019\/06\/Agria-lov-d.o.o.-Jelen-00.jpg'><img decoding=\"async\" width=\"394\" height=\"303\" src=\"https:\/\/tzbaranje.hr\/en\/wp-content\/uploads\/sites\/2\/2019\/06\/Agria-lov-d.o.o.-Jelen-00-394x303.jpg\" class=\"attachment-th_img_sm_landscape size-th_img_sm_landscape\" alt=\"\" srcset=\"https:\/\/tzbaranje.hr\/en\/wp-content\/uploads\/sites\/2\/2019\/06\/Agria-lov-d.o.o.-Jelen-00-394x303.jpg 394w, https:\/\/tzbaranje.hr\/en\/wp-content\/uploads\/sites\/2\/2019\/06\/Agria-lov-d.o.o.-Jelen-00-605x465.jpg 605w\" sizes=\"(max-width: 394px) 100vw, 394px\" \/><\/a><div class=\"gallery-text\"><div class=\"image-title\">Agria-lov-d.o.o.-Jelen-00<\/div><\/div><\/div><\/div><div class=\"row gallery-row\"><div class=\"col-sm-6 col-lg-6\"><a data-toggle=\"lightbox\" data-gallery=\"multiimages\" data-title=\"\"  class=\"thumbnail img-thumbnail\" href='https:\/\/tzbaranje.hr\/en\/wp-content\/uploads\/sites\/2\/2019\/06\/Agria-lov-d.o.o.-Lova\u010dka-ku\u0107a.jpg'><img decoding=\"async\" width=\"394\" height=\"303\" src=\"https:\/\/tzbaranje.hr\/en\/wp-content\/uploads\/sites\/2\/2019\/06\/Agria-lov-d.o.o.-Lova\u010dka-ku\u0107a-394x303.jpg\" class=\"attachment-th_img_sm_landscape size-th_img_sm_landscape\" alt=\"\" srcset=\"https:\/\/tzbaranje.hr\/en\/wp-content\/uploads\/sites\/2\/2019\/06\/Agria-lov-d.o.o.-Lova\u010dka-ku\u0107a-394x303.jpg 394w, https:\/\/tzbaranje.hr\/en\/wp-content\/uploads\/sites\/2\/2019\/06\/Agria-lov-d.o.o.-Lova\u010dka-ku\u0107a-605x465.jpg 605w\" sizes=\"(max-width: 394px) 100vw, 394px\" \/><\/a><div class=\"gallery-text\"><div class=\"image-title\">Agria-lov-d.o.o.-Lova\u010dka-ku\u0107a<\/div><\/div><\/div><div class=\"col-sm-6 col-lg-6\"><a data-toggle=\"lightbox\" data-gallery=\"multiimages\" data-title=\"\"  class=\"thumbnail img-thumbnail\" href='https:\/\/tzbaranje.hr\/en\/wp-content\/uploads\/sites\/2\/2019\/06\/Agria-lov-d.o.jpg'><img loading=\"lazy\" decoding=\"async\" width=\"394\" height=\"303\" src=\"https:\/\/tzbaranje.hr\/en\/wp-content\/uploads\/sites\/2\/2019\/06\/Agria-lov-d.o-394x303.jpg\" class=\"attachment-th_img_sm_landscape size-th_img_sm_landscape\" alt=\"\" srcset=\"https:\/\/tzbaranje.hr\/en\/wp-content\/uploads\/sites\/2\/2019\/06\/Agria-lov-d.o-394x303.jpg 394w, https:\/\/tzbaranje.hr\/en\/wp-content\/uploads\/sites\/2\/2019\/06\/Agria-lov-d.o-605x465.jpg 605w\" sizes=\"(max-width: 394px) 100vw, 394px\" \/><\/a><div class=\"gallery-text\"><div class=\"image-title\">Agria-lov-d.o<\/div><\/div><\/div><\/div><\/div>\t\t<\/div>\n\t\t\t\t<\/div>\n\t\t\t\t<\/div>\n\t\t\t\t\t<\/div>\n\t\t<\/div>\n\t\t\t\t\t<\/div>\n\t\t<\/section>\n\t\t\t\t<section class=\"elementor-section elementor-top-section elementor-element elementor-element-3985fa8 elementor-section-boxed elementor-section-height-default elementor-section-height-default\" data-id=\"3985fa8\" data-element_type=\"section\">\n\t\t\t\t\t\t<div class=\"elementor-container elementor-column-gap-default\">\n\t\t\t\t\t<div class=\"elementor-column elementor-col-100 elementor-top-column elementor-element elementor-element-5abc18c\" data-id=\"5abc18c\" data-element_type=\"column\">\n\t\t\t<div class=\"elementor-widget-wrap elementor-element-populated\">\n\t\t\t\t\t\t<div class=\"elementor-element elementor-element-d2b3bee elementor-widget elementor-widget-spacer\" data-id=\"d2b3bee\" data-element_type=\"widget\" data-widget_type=\"spacer.default\">\n\t\t\t\t<div class=\"elementor-widget-container\">\n\t\t\t\t\t<div class=\"elementor-spacer\">\n\t\t\t<div class=\"elementor-spacer-inner\"><\/div>\n\t\t<\/div>\n\t\t\t\t<\/div>\n\t\t\t\t<\/div>\n\t\t\t\t\t<\/div>\n\t\t<\/div>\n\t\t\t\t\t<\/div>\n\t\t<\/section>\n\t\t\t\t<\/div>\n\t\t","protected":false},"excerpt":{"rendered":"<p>Working hours: by appointment Tel: +385 91 128 18 46; +385 99 294 50 40 Address: Kolodvorska 99a, Karanac E-mail: agria.lov@gmail.com; etno.selo2010@gmail.com Web: http:\/\/www.agria-lov.com\/ Agria-lov-d.o.o.-\u010dekaAgria-lov-d.o.o.-Jelen-00Agria-lov-d.o.o.-Lova\u010dka-ku\u0107aAgria-lov-d.o<\/p>\n","protected":false},"author":1,"featured_media":0,"parent":1614,"menu_order":0,"comment_status":"closed","ping_status":"closed","template":"","meta":{"footnotes":""},"class_list":["post-1435","page","type-page","status-publish","hentry"],"yoast_head":"<!-- This site is optimized with the Yoast SEO plugin v27.0 - https:\/\/yoast.com\/product\/yoast-seo-wordpress\/ -->\n<title>Hunting lodge Agria - Visit Baranja<\/title>\n<meta name=\"robots\" content=\"index, follow, max-snippet:-1, max-image-preview:large, max-video-preview:-1\" \/>\n<link rel=\"canonical\" href=\"https:\/\/tzbaranje.hr\/en\/accommodation\/hunting-lodges\/hunting-lodge-agria\/\" \/>\n<meta property=\"og:locale\" content=\"en_US\" \/>\n<meta property=\"og:type\" content=\"article\" \/>\n<meta property=\"og:title\" content=\"Hunting lodge Agria - Visit Baranja\" \/>\n<meta property=\"og:description\" content=\"Working hours: by appointment Tel: +385 91 128 18 46; +385 99 294 50 40 Address: Kolodvorska 99a, Karanac E-mail: agria.lov@gmail.com; etno.selo2010@gmail.com Web: http:\/\/www.agria-lov.com\/ Agria-lov-d.o.o.-\u010dekaAgria-lov-d.o.o.-Jelen-00Agria-lov-d.o.o.-Lova\u010dka-ku\u0107aAgria-lov-d.o\" \/>\n<meta property=\"og:url\" content=\"https:\/\/tzbaranje.hr\/en\/accommodation\/hunting-lodges\/hunting-lodge-agria\/\" \/>\n<meta property=\"og:site_name\" content=\"Visit Baranja\" \/>\n<meta property=\"article:modified_time\" content=\"2021-06-17T14:43:27+00:00\" \/>\n<meta property=\"og:image\" content=\"https:\/\/tzbaranje.hr\/en\/wp-content\/uploads\/sites\/2\/2019\/06\/Agria-lov-d.o.o.-\u010deka-394x303.jpg\" \/>\n<meta name=\"twitter:card\" content=\"summary_large_image\" \/>\n<meta name=\"twitter:label1\" content=\"Est. reading time\" \/>\n\t<meta name=\"twitter:data1\" content=\"1 minute\" \/>\n<script type=\"application\/ld+json\" class=\"yoast-schema-graph\">{\"@context\":\"https:\/\/schema.org\",\"@graph\":[{\"@type\":\"WebPage\",\"@id\":\"https:\/\/tzbaranje.hr\/en\/accommodation\/hunting-lodges\/hunting-lodge-agria\/\",\"url\":\"https:\/\/tzbaranje.hr\/en\/accommodation\/hunting-lodges\/hunting-lodge-agria\/\",\"name\":\"Hunting lodge Agria - Visit Baranja\",\"isPartOf\":{\"@id\":\"https:\/\/tzbaranje.hr\/en\/#website\"},\"primaryImageOfPage\":{\"@id\":\"https:\/\/tzbaranje.hr\/en\/accommodation\/hunting-lodges\/hunting-lodge-agria\/#primaryimage\"},\"image\":{\"@id\":\"https:\/\/tzbaranje.hr\/en\/accommodation\/hunting-lodges\/hunting-lodge-agria\/#primaryimage\"},\"thumbnailUrl\":\"https:\/\/tzbaranje.hr\/en\/wp-content\/uploads\/sites\/2\/2019\/06\/Agria-lov-d.o.o.-Jelen-00-394x303.jpg\",\"datePublished\":\"2019-06-18T22:43:16+00:00\",\"dateModified\":\"2021-06-17T14:43:27+00:00\",\"breadcrumb\":{\"@id\":\"https:\/\/tzbaranje.hr\/en\/accommodation\/hunting-lodges\/hunting-lodge-agria\/#breadcrumb\"},\"inLanguage\":\"en-US\",\"potentialAction\":[{\"@type\":\"ReadAction\",\"target\":[\"https:\/\/tzbaranje.hr\/en\/accommodation\/hunting-lodges\/hunting-lodge-agria\/\"]}]},{\"@type\":\"ImageObject\",\"inLanguage\":\"en-US\",\"@id\":\"https:\/\/tzbaranje.hr\/en\/accommodation\/hunting-lodges\/hunting-lodge-agria\/#primaryimage\",\"url\":\"https:\/\/tzbaranje.hr\/en\/wp-content\/uploads\/sites\/2\/2019\/06\/Agria-lov-d.o.o.-Jelen-00.jpg\",\"contentUrl\":\"https:\/\/tzbaranje.hr\/en\/wp-content\/uploads\/sites\/2\/2019\/06\/Agria-lov-d.o.o.-Jelen-00.jpg\",\"width\":1000,\"height\":750},{\"@type\":\"BreadcrumbList\",\"@id\":\"https:\/\/tzbaranje.hr\/en\/accommodation\/hunting-lodges\/hunting-lodge-agria\/#breadcrumb\",\"itemListElement\":[{\"@type\":\"ListItem\",\"position\":1,\"name\":\"Po\u010detna stranica\",\"item\":\"https:\/\/tzbaranje.hr\/en\/\"},{\"@type\":\"ListItem\",\"position\":2,\"name\":\"Accommodation\",\"item\":\"https:\/\/tzbaranje.hr\/en\/accommodation\/\"},{\"@type\":\"ListItem\",\"position\":3,\"name\":\"Hunting lodges\",\"item\":\"https:\/\/tzbaranje.hr\/en\/accommodation\/hunting-lodges\/\"},{\"@type\":\"ListItem\",\"position\":4,\"name\":\"Hunting lodge Agria\"}]},{\"@type\":\"WebSite\",\"@id\":\"https:\/\/tzbaranje.hr\/en\/#website\",\"url\":\"https:\/\/tzbaranje.hr\/en\/\",\"name\":\"Visit Baranja\",\"description\":\"\",\"potentialAction\":[{\"@type\":\"SearchAction\",\"target\":{\"@type\":\"EntryPoint\",\"urlTemplate\":\"https:\/\/tzbaranje.hr\/en\/?s={search_term_string}\"},\"query-input\":{\"@type\":\"PropertyValueSpecification\",\"valueRequired\":true,\"valueName\":\"search_term_string\"}}],\"inLanguage\":\"en-US\"}]}<\/script>\n<!-- \/ Yoast SEO plugin. -->","yoast_head_json":{"title":"Hunting lodge Agria - Visit Baranja","robots":{"index":"index","follow":"follow","max-snippet":"max-snippet:-1","max-image-preview":"max-image-preview:large","max-video-preview":"max-video-preview:-1"},"canonical":"https:\/\/tzbaranje.hr\/en\/accommodation\/hunting-lodges\/hunting-lodge-agria\/","og_locale":"en_US","og_type":"article","og_title":"Hunting lodge Agria - Visit Baranja","og_description":"Working hours: by appointment Tel: +385 91 128 18 46; +385 99 294 50 40 Address: Kolodvorska 99a, Karanac E-mail: agria.lov@gmail.com; etno.selo2010@gmail.com Web: http:\/\/www.agria-lov.com\/ Agria-lov-d.o.o.-\u010dekaAgria-lov-d.o.o.-Jelen-00Agria-lov-d.o.o.-Lova\u010dka-ku\u0107aAgria-lov-d.o","og_url":"https:\/\/tzbaranje.hr\/en\/accommodation\/hunting-lodges\/hunting-lodge-agria\/","og_site_name":"Visit Baranja","article_modified_time":"2021-06-17T14:43:27+00:00","og_image":[{"url":"https:\/\/tzbaranje.hr\/en\/wp-content\/uploads\/sites\/2\/2019\/06\/Agria-lov-d.o.o.-\u010deka-394x303.jpg","type":"","width":"","height":""}],"twitter_card":"summary_large_image","twitter_misc":{"Est. reading time":"1 minute"},"schema":{"@context":"https:\/\/schema.org","@graph":[{"@type":"WebPage","@id":"https:\/\/tzbaranje.hr\/en\/accommodation\/hunting-lodges\/hunting-lodge-agria\/","url":"https:\/\/tzbaranje.hr\/en\/accommodation\/hunting-lodges\/hunting-lodge-agria\/","name":"Hunting lodge Agria - Visit Baranja","isPartOf":{"@id":"https:\/\/tzbaranje.hr\/en\/#website"},"primaryImageOfPage":{"@id":"https:\/\/tzbaranje.hr\/en\/accommodation\/hunting-lodges\/hunting-lodge-agria\/#primaryimage"},"image":{"@id":"https:\/\/tzbaranje.hr\/en\/accommodation\/hunting-lodges\/hunting-lodge-agria\/#primaryimage"},"thumbnailUrl":"https:\/\/tzbaranje.hr\/en\/wp-content\/uploads\/sites\/2\/2019\/06\/Agria-lov-d.o.o.-Jelen-00-394x303.jpg","datePublished":"2019-06-18T22:43:16+00:00","dateModified":"2021-06-17T14:43:27+00:00","breadcrumb":{"@id":"https:\/\/tzbaranje.hr\/en\/accommodation\/hunting-lodges\/hunting-lodge-agria\/#breadcrumb"},"inLanguage":"en-US","potentialAction":[{"@type":"ReadAction","target":["https:\/\/tzbaranje.hr\/en\/accommodation\/hunting-lodges\/hunting-lodge-agria\/"]}]},{"@type":"ImageObject","inLanguage":"en-US","@id":"https:\/\/tzbaranje.hr\/en\/accommodation\/hunting-lodges\/hunting-lodge-agria\/#primaryimage","url":"https:\/\/tzbaranje.hr\/en\/wp-content\/uploads\/sites\/2\/2019\/06\/Agria-lov-d.o.o.-Jelen-00.jpg","contentUrl":"https:\/\/tzbaranje.hr\/en\/wp-content\/uploads\/sites\/2\/2019\/06\/Agria-lov-d.o.o.-Jelen-00.jpg","width":1000,"height":750},{"@type":"BreadcrumbList","@id":"https:\/\/tzbaranje.hr\/en\/accommodation\/hunting-lodges\/hunting-lodge-agria\/#breadcrumb","itemListElement":[{"@type":"ListItem","position":1,"name":"Po\u010detna stranica","item":"https:\/\/tzbaranje.hr\/en\/"},{"@type":"ListItem","position":2,"name":"Accommodation","item":"https:\/\/tzbaranje.hr\/en\/accommodation\/"},{"@type":"ListItem","position":3,"name":"Hunting lodges","item":"https:\/\/tzbaranje.hr\/en\/accommodation\/hunting-lodges\/"},{"@type":"ListItem","position":4,"name":"Hunting lodge Agria"}]},{"@type":"WebSite","@id":"https:\/\/tzbaranje.hr\/en\/#website","url":"https:\/\/tzbaranje.hr\/en\/","name":"Visit Baranja","description":"","potentialAction":[{"@type":"SearchAction","target":{"@type":"EntryPoint","urlTemplate":"https:\/\/tzbaranje.hr\/en\/?s={search_term_string}"},"query-input":{"@type":"PropertyValueSpecification","valueRequired":true,"valueName":"search_term_string"}}],"inLanguage":"en-US"}]}},"_links":{"self":[{"href":"https:\/\/tzbaranje.hr\/en\/wp-json\/wp\/v2\/pages\/1435","targetHints":{"allow":["GET"]}}],"collection":[{"href":"https:\/\/tzbaranje.hr\/en\/wp-json\/wp\/v2\/pages"}],"about":[{"href":"https:\/\/tzbaranje.hr\/en\/wp-json\/wp\/v2\/types\/page"}],"author":[{"embeddable":true,"href":"https:\/\/tzbaranje.hr\/en\/wp-json\/wp\/v2\/users\/1"}],"replies":[{"embeddable":true,"href":"https:\/\/tzbaranje.hr\/en\/wp-json\/wp\/v2\/comments?post=1435"}],"version-history":[{"count":8,"href":"https:\/\/tzbaranje.hr\/en\/wp-json\/wp\/v2\/pages\/1435\/revisions"}],"predecessor-version":[{"id":2881,"href":"https:\/\/tzbaranje.hr\/en\/wp-json\/wp\/v2\/pages\/1435\/revisions\/2881"}],"up":[{"embeddable":true,"href":"https:\/\/tzbaranje.hr\/en\/wp-json\/wp\/v2\/pages\/1614"}],"wp:attachment":[{"href":"https:\/\/tzbaranje.hr\/en\/wp-json\/wp\/v2\/media?parent=1435"}],"curies":[{"name":"wp","href":"https:\/\/api.w.org\/{rel}","templated":true}]}}