{"id":1087,"date":"2019-06-18T00:21:58","date_gmt":"2019-06-17T22:21:58","guid":{"rendered":"http:\/\/tzbaranje.hr\/en\/?page_id=1087"},"modified":"2021-06-17T16:00:43","modified_gmt":"2021-06-17T14:00:43","slug":"piros-cizma","status":"publish","type":"page","link":"https:\/\/tzbaranje.hr\/en\/taste\/restaurants\/piros-cizma\/","title":{"rendered":"Piro\u0161 \u010dizma"},"content":{"rendered":"\t\t<div data-elementor-type=\"wp-post\" data-elementor-id=\"1087\" class=\"elementor elementor-1087\">\n\t\t\t\t\t\t<section class=\"elementor-section elementor-top-section elementor-element elementor-element-de0a433 elementor-section-boxed elementor-section-height-default elementor-section-height-default\" data-id=\"de0a433\" data-element_type=\"section\">\n\t\t\t\t\t\t<div class=\"elementor-container elementor-column-gap-default\">\n\t\t\t\t\t<div class=\"elementor-column elementor-col-100 elementor-top-column elementor-element elementor-element-9984276\" data-id=\"9984276\" data-element_type=\"column\">\n\t\t\t<div class=\"elementor-widget-wrap elementor-element-populated\">\n\t\t\t\t\t\t<div class=\"elementor-element elementor-element-fd48821 elementor-widget elementor-widget-spacer\" data-id=\"fd48821\" data-element_type=\"widget\" data-widget_type=\"spacer.default\">\n\t\t\t\t<div class=\"elementor-widget-container\">\n\t\t\t\t\t<div class=\"elementor-spacer\">\n\t\t\t<div class=\"elementor-spacer-inner\"><\/div>\n\t\t<\/div>\n\t\t\t\t<\/div>\n\t\t\t\t<\/div>\n\t\t\t\t\t<\/div>\n\t\t<\/div>\n\t\t\t\t\t<\/div>\n\t\t<\/section>\n\t\t\t\t<section class=\"elementor-section elementor-top-section elementor-element elementor-element-f0df558 elementor-section-boxed elementor-section-height-default elementor-section-height-default\" data-id=\"f0df558\" data-element_type=\"section\">\n\t\t\t\t\t\t<div class=\"elementor-container elementor-column-gap-default\">\n\t\t\t\t\t<div class=\"elementor-column elementor-col-50 elementor-top-column elementor-element elementor-element-c9734b2\" data-id=\"c9734b2\" data-element_type=\"column\">\n\t\t\t<div class=\"elementor-widget-wrap elementor-element-populated\">\n\t\t\t\t\t\t<div class=\"elementor-element elementor-element-9cffbb4 elementor-view-default elementor-position-top elementor-widget elementor-widget-themo-header\" data-id=\"9cffbb4\" data-element_type=\"widget\" data-widget_type=\"themo-header.default\">\n\t\t\t\t<div class=\"elementor-widget-container\">\n\t\t\t\t\t<div class=\"th-header-wrap\">\n        <div class=\"elementor-icon-box-wrapper \">\n                            <div class=\"elementor-icon-box-content\">\n                    <h1 class=\"elementor-icon-box-title\">\n                                            <\/h1>\n                                        <p class=\"elementor-icon-box-description\">Restaurant + board\n\nPiro\u0161 \u010cizma is a restaurant and boarding house and its uniqueness is in the tastefully designed Baranja village environment, enriched with details of Hungarian culture. Piro\u0161 \u010cizma has 18 double rooms with bathroom, mini bar, TV, internet, telephone, refrigerator and secure parking for private vehicles and buses. Whether your visit is tourist or business, we guarantee comfort and quality and professional service.\n\nWorking hours: Monday - Thursday: 07:00 - 22:00\nFriday - Saturday: 07:00 - 24:00\nSunday : 07:00 - 24:00\n\nTel: +385 31 733 806\nAddress: Ul. Mar\u0161ala Tita 101, 31308, Suza\t\nE-mail: piros.hr@gmail.com\nWeb: <a href=\"https:\/\/www.piroscizma.hr\/\" target=\"_blank\">https:\/\/www.piroscizma.hr\/<\/a>\nFacebook: <a href=\"https:\/\/www.facebook.com\/restoranpiroscizma\/\t\" target=\"_blank\">https:\/\/www.facebook.com\/restoranpiroscizma\/\t<\/a><\/p>\n\n                                    <\/div>\n            <\/div>\n\n        <\/div>\n\n\t\t\t\t<\/div>\n\t\t\t\t<\/div>\n\t\t\t\t<div class=\"elementor-element elementor-element-857b23a elementor-widget elementor-widget-google_maps\" data-id=\"857b23a\" data-element_type=\"widget\" data-widget_type=\"google_maps.default\">\n\t\t\t\t<div class=\"elementor-widget-container\">\n\t\t\t\t\t<div class=\"elementor-custom-embed\">\n\t\t\t<iframe loading=\"lazy\"\n\t\t\t\t\tsrc=\"https:\/\/maps.google.com\/maps?q=Piro%C5%A1%20%C4%8Cizma&#038;t=m&#038;z=10&#038;output=embed&#038;iwloc=near\"\n\t\t\t\t\ttitle=\"Piro\u0161 \u010cizma\"\n\t\t\t\t\taria-label=\"Piro\u0161 \u010cizma\"\n\t\t\t><\/iframe>\n\t\t<\/div>\n\t\t\t\t<\/div>\n\t\t\t\t<\/div>\n\t\t\t\t\t<\/div>\n\t\t<\/div>\n\t\t\t\t<div class=\"elementor-column elementor-col-50 elementor-top-column elementor-element elementor-element-3c58b24\" data-id=\"3c58b24\" data-element_type=\"column\">\n\t\t\t<div class=\"elementor-widget-wrap elementor-element-populated\">\n\t\t\t\t\t\t<div class=\"elementor-element elementor-element-02fb997 elementor-widget elementor-widget-themo-image-gallery\" data-id=\"02fb997\" data-element_type=\"widget\" data-widget_type=\"themo-image-gallery.default\">\n\t\t\t\t<div class=\"elementor-widget-container\">\n\t\t\t\t\t<div class=\"elementor-image-gallery th-image-stretch\">\n\t\t\t<div class=\"gallery gallery-1087-1\"><div class=\"row gallery-row\"><div class=\"col-sm-6 col-lg-6\"><a data-toggle=\"lightbox\" data-gallery=\"multiimages\" data-title=\"\"  class=\"thumbnail img-thumbnail\" href='https:\/\/tzbaranje.hr\/en\/wp-content\/uploads\/sites\/2\/2019\/06\/AK1_1535.jpg'><img fetchpriority=\"high\" decoding=\"async\" width=\"394\" height=\"303\" src=\"https:\/\/tzbaranje.hr\/en\/wp-content\/uploads\/sites\/2\/2019\/06\/AK1_1535-394x303.jpg\" class=\"attachment-th_img_sm_landscape size-th_img_sm_landscape\" alt=\"\" srcset=\"https:\/\/tzbaranje.hr\/en\/wp-content\/uploads\/sites\/2\/2019\/06\/AK1_1535-394x303.jpg 394w, https:\/\/tzbaranje.hr\/en\/wp-content\/uploads\/sites\/2\/2019\/06\/AK1_1535-605x465.jpg 605w\" sizes=\"(max-width: 394px) 100vw, 394px\" \/><\/a><div class=\"gallery-text\"><div class=\"image-title\">AK1_1535<\/div><\/div><\/div><div class=\"col-sm-6 col-lg-6\"><a data-toggle=\"lightbox\" data-gallery=\"multiimages\" data-title=\"\"  class=\"thumbnail img-thumbnail\" href='https:\/\/tzbaranje.hr\/en\/wp-content\/uploads\/sites\/2\/2019\/06\/AK1_1465.jpg'><img decoding=\"async\" width=\"394\" height=\"303\" src=\"https:\/\/tzbaranje.hr\/en\/wp-content\/uploads\/sites\/2\/2019\/06\/AK1_1465-394x303.jpg\" class=\"attachment-th_img_sm_landscape size-th_img_sm_landscape\" alt=\"\" srcset=\"https:\/\/tzbaranje.hr\/en\/wp-content\/uploads\/sites\/2\/2019\/06\/AK1_1465-394x303.jpg 394w, https:\/\/tzbaranje.hr\/en\/wp-content\/uploads\/sites\/2\/2019\/06\/AK1_1465-605x465.jpg 605w\" sizes=\"(max-width: 394px) 100vw, 394px\" \/><\/a><div class=\"gallery-text\"><div class=\"image-title\">AK1_1465<\/div><\/div><\/div><\/div><div class=\"row gallery-row\"><div class=\"col-sm-6 col-lg-6\"><a data-toggle=\"lightbox\" data-gallery=\"multiimages\" data-title=\"\"  class=\"thumbnail img-thumbnail\" href='https:\/\/tzbaranje.hr\/en\/wp-content\/uploads\/sites\/2\/2019\/06\/AK1_1548.jpg'><img decoding=\"async\" width=\"394\" height=\"303\" src=\"https:\/\/tzbaranje.hr\/en\/wp-content\/uploads\/sites\/2\/2019\/06\/AK1_1548-394x303.jpg\" class=\"attachment-th_img_sm_landscape size-th_img_sm_landscape\" alt=\"\" srcset=\"https:\/\/tzbaranje.hr\/en\/wp-content\/uploads\/sites\/2\/2019\/06\/AK1_1548-394x303.jpg 394w, https:\/\/tzbaranje.hr\/en\/wp-content\/uploads\/sites\/2\/2019\/06\/AK1_1548-605x465.jpg 605w\" sizes=\"(max-width: 394px) 100vw, 394px\" \/><\/a><div class=\"gallery-text\"><div class=\"image-title\">AK1_1548<\/div><\/div><\/div><div class=\"col-sm-6 col-lg-6\"><a data-toggle=\"lightbox\" data-gallery=\"multiimages\" data-title=\"\"  class=\"thumbnail img-thumbnail\" href='https:\/\/tzbaranje.hr\/en\/wp-content\/uploads\/sites\/2\/2019\/06\/AK1_1613.jpg'><img loading=\"lazy\" decoding=\"async\" width=\"394\" height=\"303\" src=\"https:\/\/tzbaranje.hr\/en\/wp-content\/uploads\/sites\/2\/2019\/06\/AK1_1613-394x303.jpg\" class=\"attachment-th_img_sm_landscape size-th_img_sm_landscape\" alt=\"\" srcset=\"https:\/\/tzbaranje.hr\/en\/wp-content\/uploads\/sites\/2\/2019\/06\/AK1_1613-394x303.jpg 394w, https:\/\/tzbaranje.hr\/en\/wp-content\/uploads\/sites\/2\/2019\/06\/AK1_1613-605x465.jpg 605w\" sizes=\"(max-width: 394px) 100vw, 394px\" \/><\/a><div class=\"gallery-text\"><div class=\"image-title\">AK1_1613<\/div><\/div><\/div><\/div><div class=\"row gallery-row\"><div class=\"col-sm-6 col-lg-6\"><a data-toggle=\"lightbox\" data-gallery=\"multiimages\" data-title=\"\"  class=\"thumbnail img-thumbnail\" href='https:\/\/tzbaranje.hr\/en\/wp-content\/uploads\/sites\/2\/2019\/06\/IMG_9678.jpg'><img loading=\"lazy\" decoding=\"async\" width=\"394\" height=\"303\" src=\"https:\/\/tzbaranje.hr\/en\/wp-content\/uploads\/sites\/2\/2019\/06\/IMG_9678-394x303.jpg\" class=\"attachment-th_img_sm_landscape size-th_img_sm_landscape\" alt=\"\" srcset=\"https:\/\/tzbaranje.hr\/en\/wp-content\/uploads\/sites\/2\/2019\/06\/IMG_9678-394x303.jpg 394w, https:\/\/tzbaranje.hr\/en\/wp-content\/uploads\/sites\/2\/2019\/06\/IMG_9678-605x465.jpg 605w\" sizes=\"(max-width: 394px) 100vw, 394px\" \/><\/a><div class=\"gallery-text\"><div class=\"image-title\">IMG_9678<\/div><\/div><\/div><\/div><\/div>\t\t<\/div>\n\t\t\t\t<\/div>\n\t\t\t\t<\/div>\n\t\t\t\t\t<\/div>\n\t\t<\/div>\n\t\t\t\t\t<\/div>\n\t\t<\/section>\n\t\t\t\t<section class=\"elementor-section elementor-top-section elementor-element elementor-element-2ffbb45 elementor-section-boxed elementor-section-height-default elementor-section-height-default\" data-id=\"2ffbb45\" data-element_type=\"section\">\n\t\t\t\t\t\t<div class=\"elementor-container elementor-column-gap-default\">\n\t\t\t\t\t<div class=\"elementor-column elementor-col-100 elementor-top-column elementor-element elementor-element-df2a4b3\" data-id=\"df2a4b3\" data-element_type=\"column\">\n\t\t\t<div class=\"elementor-widget-wrap elementor-element-populated\">\n\t\t\t\t\t\t<div class=\"elementor-element elementor-element-9e4c3e9 elementor-widget elementor-widget-spacer\" data-id=\"9e4c3e9\" data-element_type=\"widget\" data-widget_type=\"spacer.default\">\n\t\t\t\t<div class=\"elementor-widget-container\">\n\t\t\t\t\t<div class=\"elementor-spacer\">\n\t\t\t<div class=\"elementor-spacer-inner\"><\/div>\n\t\t<\/div>\n\t\t\t\t<\/div>\n\t\t\t\t<\/div>\n\t\t\t\t\t<\/div>\n\t\t<\/div>\n\t\t\t\t\t<\/div>\n\t\t<\/section>\n\t\t\t\t<\/div>\n\t\t","protected":false},"excerpt":{"rendered":"<p>Restaurant + board Piro\u0161 \u010cizma is a restaurant and boarding house and its uniqueness is in the tastefully designed Baranja village environment, enriched with details of Hungarian culture. Piro\u0161 \u010cizma has 18 double rooms with bathroom, mini bar, TV, internet, &hellip; <a href=\"https:\/\/tzbaranje.hr\/en\/taste\/restaurants\/piros-cizma\/\">Read More<\/a><\/p>\n","protected":false},"author":1,"featured_media":0,"parent":536,"menu_order":0,"comment_status":"closed","ping_status":"closed","template":"","meta":{"footnotes":""},"class_list":["post-1087","page","type-page","status-publish","hentry"],"yoast_head":"<!-- This site is optimized with the Yoast SEO plugin v27.0 - https:\/\/yoast.com\/product\/yoast-seo-wordpress\/ -->\n<title>Piro\u0161 \u010dizma - Visit Baranja<\/title>\n<meta name=\"robots\" content=\"index, follow, max-snippet:-1, max-image-preview:large, max-video-preview:-1\" \/>\n<link rel=\"canonical\" href=\"https:\/\/tzbaranje.hr\/en\/taste\/restaurants\/piros-cizma\/\" \/>\n<meta property=\"og:locale\" content=\"en_US\" \/>\n<meta property=\"og:type\" content=\"article\" \/>\n<meta property=\"og:title\" content=\"Piro\u0161 \u010dizma - Visit Baranja\" \/>\n<meta property=\"og:description\" content=\"Restaurant + board Piro\u0161 \u010cizma is a restaurant and boarding house and its uniqueness is in the tastefully designed Baranja village environment, enriched with details of Hungarian culture. Piro\u0161 \u010cizma has 18 double rooms with bathroom, mini bar, TV, internet, &hellip; Read More\" \/>\n<meta property=\"og:url\" content=\"https:\/\/tzbaranje.hr\/en\/taste\/restaurants\/piros-cizma\/\" \/>\n<meta property=\"og:site_name\" content=\"Visit Baranja\" \/>\n<meta property=\"article:modified_time\" content=\"2021-06-17T14:00:43+00:00\" \/>\n<meta property=\"og:image\" content=\"https:\/\/tzbaranje.hr\/en\/wp-content\/uploads\/sites\/2\/2019\/06\/AK1_1535-394x303.jpg\" \/>\n<meta name=\"twitter:card\" content=\"summary_large_image\" \/>\n<meta name=\"twitter:label1\" content=\"Est. reading time\" \/>\n\t<meta name=\"twitter:data1\" content=\"2 minutes\" \/>\n<script type=\"application\/ld+json\" class=\"yoast-schema-graph\">{\"@context\":\"https:\/\/schema.org\",\"@graph\":[{\"@type\":\"WebPage\",\"@id\":\"https:\/\/tzbaranje.hr\/en\/taste\/restaurants\/piros-cizma\/\",\"url\":\"https:\/\/tzbaranje.hr\/en\/taste\/restaurants\/piros-cizma\/\",\"name\":\"Piro\u0161 \u010dizma - Visit Baranja\",\"isPartOf\":{\"@id\":\"https:\/\/tzbaranje.hr\/en\/#website\"},\"primaryImageOfPage\":{\"@id\":\"https:\/\/tzbaranje.hr\/en\/taste\/restaurants\/piros-cizma\/#primaryimage\"},\"image\":{\"@id\":\"https:\/\/tzbaranje.hr\/en\/taste\/restaurants\/piros-cizma\/#primaryimage\"},\"thumbnailUrl\":\"https:\/\/tzbaranje.hr\/en\/wp-content\/uploads\/sites\/2\/2019\/06\/AK1_1535-394x303.jpg\",\"datePublished\":\"2019-06-17T22:21:58+00:00\",\"dateModified\":\"2021-06-17T14:00:43+00:00\",\"breadcrumb\":{\"@id\":\"https:\/\/tzbaranje.hr\/en\/taste\/restaurants\/piros-cizma\/#breadcrumb\"},\"inLanguage\":\"en-US\",\"potentialAction\":[{\"@type\":\"ReadAction\",\"target\":[\"https:\/\/tzbaranje.hr\/en\/taste\/restaurants\/piros-cizma\/\"]}]},{\"@type\":\"ImageObject\",\"inLanguage\":\"en-US\",\"@id\":\"https:\/\/tzbaranje.hr\/en\/taste\/restaurants\/piros-cizma\/#primaryimage\",\"url\":\"https:\/\/tzbaranje.hr\/en\/wp-content\/uploads\/sites\/2\/2019\/06\/AK1_1535.jpg\",\"contentUrl\":\"https:\/\/tzbaranje.hr\/en\/wp-content\/uploads\/sites\/2\/2019\/06\/AK1_1535.jpg\",\"width\":1000,\"height\":664},{\"@type\":\"BreadcrumbList\",\"@id\":\"https:\/\/tzbaranje.hr\/en\/taste\/restaurants\/piros-cizma\/#breadcrumb\",\"itemListElement\":[{\"@type\":\"ListItem\",\"position\":1,\"name\":\"Po\u010detna stranica\",\"item\":\"https:\/\/tzbaranje.hr\/en\/\"},{\"@type\":\"ListItem\",\"position\":2,\"name\":\"Taste\",\"item\":\"https:\/\/tzbaranje.hr\/en\/taste\/\"},{\"@type\":\"ListItem\",\"position\":3,\"name\":\"Restaurants\",\"item\":\"https:\/\/tzbaranje.hr\/en\/taste\/restaurants\/\"},{\"@type\":\"ListItem\",\"position\":4,\"name\":\"Piro\u0161 \u010dizma\"}]},{\"@type\":\"WebSite\",\"@id\":\"https:\/\/tzbaranje.hr\/en\/#website\",\"url\":\"https:\/\/tzbaranje.hr\/en\/\",\"name\":\"Visit Baranja\",\"description\":\"\",\"potentialAction\":[{\"@type\":\"SearchAction\",\"target\":{\"@type\":\"EntryPoint\",\"urlTemplate\":\"https:\/\/tzbaranje.hr\/en\/?s={search_term_string}\"},\"query-input\":{\"@type\":\"PropertyValueSpecification\",\"valueRequired\":true,\"valueName\":\"search_term_string\"}}],\"inLanguage\":\"en-US\"}]}<\/script>\n<!-- \/ Yoast SEO plugin. -->","yoast_head_json":{"title":"Piro\u0161 \u010dizma - Visit Baranja","robots":{"index":"index","follow":"follow","max-snippet":"max-snippet:-1","max-image-preview":"max-image-preview:large","max-video-preview":"max-video-preview:-1"},"canonical":"https:\/\/tzbaranje.hr\/en\/taste\/restaurants\/piros-cizma\/","og_locale":"en_US","og_type":"article","og_title":"Piro\u0161 \u010dizma - Visit Baranja","og_description":"Restaurant + board Piro\u0161 \u010cizma is a restaurant and boarding house and its uniqueness is in the tastefully designed Baranja village environment, enriched with details of Hungarian culture. Piro\u0161 \u010cizma has 18 double rooms with bathroom, mini bar, TV, internet, &hellip; Read More","og_url":"https:\/\/tzbaranje.hr\/en\/taste\/restaurants\/piros-cizma\/","og_site_name":"Visit Baranja","article_modified_time":"2021-06-17T14:00:43+00:00","og_image":[{"url":"https:\/\/tzbaranje.hr\/en\/wp-content\/uploads\/sites\/2\/2019\/06\/AK1_1535-394x303.jpg","type":"","width":"","height":""}],"twitter_card":"summary_large_image","twitter_misc":{"Est. reading time":"2 minutes"},"schema":{"@context":"https:\/\/schema.org","@graph":[{"@type":"WebPage","@id":"https:\/\/tzbaranje.hr\/en\/taste\/restaurants\/piros-cizma\/","url":"https:\/\/tzbaranje.hr\/en\/taste\/restaurants\/piros-cizma\/","name":"Piro\u0161 \u010dizma - Visit Baranja","isPartOf":{"@id":"https:\/\/tzbaranje.hr\/en\/#website"},"primaryImageOfPage":{"@id":"https:\/\/tzbaranje.hr\/en\/taste\/restaurants\/piros-cizma\/#primaryimage"},"image":{"@id":"https:\/\/tzbaranje.hr\/en\/taste\/restaurants\/piros-cizma\/#primaryimage"},"thumbnailUrl":"https:\/\/tzbaranje.hr\/en\/wp-content\/uploads\/sites\/2\/2019\/06\/AK1_1535-394x303.jpg","datePublished":"2019-06-17T22:21:58+00:00","dateModified":"2021-06-17T14:00:43+00:00","breadcrumb":{"@id":"https:\/\/tzbaranje.hr\/en\/taste\/restaurants\/piros-cizma\/#breadcrumb"},"inLanguage":"en-US","potentialAction":[{"@type":"ReadAction","target":["https:\/\/tzbaranje.hr\/en\/taste\/restaurants\/piros-cizma\/"]}]},{"@type":"ImageObject","inLanguage":"en-US","@id":"https:\/\/tzbaranje.hr\/en\/taste\/restaurants\/piros-cizma\/#primaryimage","url":"https:\/\/tzbaranje.hr\/en\/wp-content\/uploads\/sites\/2\/2019\/06\/AK1_1535.jpg","contentUrl":"https:\/\/tzbaranje.hr\/en\/wp-content\/uploads\/sites\/2\/2019\/06\/AK1_1535.jpg","width":1000,"height":664},{"@type":"BreadcrumbList","@id":"https:\/\/tzbaranje.hr\/en\/taste\/restaurants\/piros-cizma\/#breadcrumb","itemListElement":[{"@type":"ListItem","position":1,"name":"Po\u010detna stranica","item":"https:\/\/tzbaranje.hr\/en\/"},{"@type":"ListItem","position":2,"name":"Taste","item":"https:\/\/tzbaranje.hr\/en\/taste\/"},{"@type":"ListItem","position":3,"name":"Restaurants","item":"https:\/\/tzbaranje.hr\/en\/taste\/restaurants\/"},{"@type":"ListItem","position":4,"name":"Piro\u0161 \u010dizma"}]},{"@type":"WebSite","@id":"https:\/\/tzbaranje.hr\/en\/#website","url":"https:\/\/tzbaranje.hr\/en\/","name":"Visit Baranja","description":"","potentialAction":[{"@type":"SearchAction","target":{"@type":"EntryPoint","urlTemplate":"https:\/\/tzbaranje.hr\/en\/?s={search_term_string}"},"query-input":{"@type":"PropertyValueSpecification","valueRequired":true,"valueName":"search_term_string"}}],"inLanguage":"en-US"}]}},"_links":{"self":[{"href":"https:\/\/tzbaranje.hr\/en\/wp-json\/wp\/v2\/pages\/1087","targetHints":{"allow":["GET"]}}],"collection":[{"href":"https:\/\/tzbaranje.hr\/en\/wp-json\/wp\/v2\/pages"}],"about":[{"href":"https:\/\/tzbaranje.hr\/en\/wp-json\/wp\/v2\/types\/page"}],"author":[{"embeddable":true,"href":"https:\/\/tzbaranje.hr\/en\/wp-json\/wp\/v2\/users\/1"}],"replies":[{"embeddable":true,"href":"https:\/\/tzbaranje.hr\/en\/wp-json\/wp\/v2\/comments?post=1087"}],"version-history":[{"count":6,"href":"https:\/\/tzbaranje.hr\/en\/wp-json\/wp\/v2\/pages\/1087\/revisions"}],"predecessor-version":[{"id":2779,"href":"https:\/\/tzbaranje.hr\/en\/wp-json\/wp\/v2\/pages\/1087\/revisions\/2779"}],"up":[{"embeddable":true,"href":"https:\/\/tzbaranje.hr\/en\/wp-json\/wp\/v2\/pages\/536"}],"wp:attachment":[{"href":"https:\/\/tzbaranje.hr\/en\/wp-json\/wp\/v2\/media?parent=1087"}],"curies":[{"name":"wp","href":"https:\/\/api.w.org\/{rel}","templated":true}]}}